{"id":74843,"date":"2024-10-21T09:33:36","date_gmt":"2024-10-31T10:59:14","guid":{"rendered":"https:\/\/staging.nbg.eu\/product\/grips-kmr-s-dotmatrix-silver\/"},"modified":"2024-10-31T11:00:46","modified_gmt":"2024-10-31T11:00:46","slug":"rekojesci-kmr-s-dotmatrix-srebrne","status":"publish","type":"product","link":"https:\/\/staging.nbg.eu\/pl\/produkt\/rekojesci-kmr-s-dotmatrix-srebrne\/","title":{"rendered":"R\u0118KOJE\u015aCI KMR S DotMatrix &#8211; Srebrne"},"content":{"rendered":"<div class=\"product-description\">\n<h2>GRIPS KMR S DotMatrix &#8211; Srebrne<\/h2>\n<p>GRIPS KMR S DotMatrix w kolorze srebrnym. Te d\u0142ugie chwyty s\u0105 wykonane z anodyzowanego duraluminium, z tekstur\u0105 w wz\u00f3r pi\u0142ki golfowej dla pewnego trzymania.<\/p>\n<ul>\n<li>Przeznaczone dla modeli KMR S-02 z aluminiowymi ramami o szeroko\u015bci 26mm<\/li>\n<li>Tekstura zapewnia pewny chwyt<\/li>\n<li>Do modernizacji istniej\u0105cych pistolet\u00f3w lub budowy broni sportowej<\/li>\n<li>Bez prowadnicy magazynka dla uniwersalnego zastosowania<\/li>\n<li>W zestawie \u015bruby torx do monta\u017cu<\/li>\n<li>Z logo KMR<\/li>\n<\/ul>\n<p>Uwaga: Te chwyty s\u0105 kompatybilne wy\u0142\u0105cznie z ramami KMR S-02 i nie s\u0105 wymienne z modelami W-02 lub L-02. Przed monta\u017cem nale\u017cy sprawdzi\u0107 wewn\u0119trzne oznaczenie (S).<\/p>\n<\/div>\n<dl class=\"data-sheet\">\n<dt class=\"name\">Dla broni KMR<\/dt>\n<dd class=\"value\">KMR S-01 LANCE (OR)<br \/>\nKMR S-02 DO 2023<\/dd>\n<dt class=\"name\">Wyb\u00f3r wed\u0142ug broni CZ<\/dt>\n<dd class=\"value\">CZ SHADOW 1<br \/>\nCZ SHADOW 2<br \/>\nCZ SHADOW 2 (OR)<br \/>\nCZ SP-01<\/dd>\n<\/dl>\n","protected":false},"excerpt":{"rendered":"<p>Trwa\u0142e srebrne uchwyty z agresywn\u0105 tekstur\u0105 zapewniaj\u0105c\u0105 pewny chwyt.<br \/>\n 0611-02801-0102<\/p>\n","protected":false},"featured_media":73877,"template":"","meta":{"_acf_changed":false},"product_brand":[11510],"product_cat":[369],"product_tag":[],"class_list":{"0":"post-74843","1":"product","2":"type-product","3":"status-publish","4":"has-post-thumbnail","6":"product_brand-kmr-precision","7":"product_cat-uncategorized","9":"first","10":"instock","11":"taxable","12":"shipping-taxable","13":"purchasable","14":"product-type-simple"},"acf":[],"_links":{"self":[{"href":"https:\/\/staging.nbg.eu\/pl\/wp-json\/wp\/v2\/product\/74843","targetHints":{"allow":["GET"]}}],"collection":[{"href":"https:\/\/staging.nbg.eu\/pl\/wp-json\/wp\/v2\/product"}],"about":[{"href":"https:\/\/staging.nbg.eu\/pl\/wp-json\/wp\/v2\/types\/product"}],"wp:featuredmedia":[{"embeddable":true,"href":"https:\/\/staging.nbg.eu\/pl\/wp-json\/wp\/v2\/media\/73877"}],"wp:attachment":[{"href":"https:\/\/staging.nbg.eu\/pl\/wp-json\/wp\/v2\/media?parent=74843"}],"wp:term":[{"taxonomy":"product_brand","embeddable":true,"href":"https:\/\/staging.nbg.eu\/pl\/wp-json\/wp\/v2\/product_brand?post=74843"},{"taxonomy":"product_cat","embeddable":true,"href":"https:\/\/staging.nbg.eu\/pl\/wp-json\/wp\/v2\/product_cat?post=74843"},{"taxonomy":"product_tag","embeddable":true,"href":"https:\/\/staging.nbg.eu\/pl\/wp-json\/wp\/v2\/product_tag?post=74843"}],"curies":[{"name":"wp","href":"https:\/\/api.w.org\/{rel}","templated":true}]}}