{"id":74821,"date":"2024-10-21T09:29:53","date_gmt":"2024-10-31T10:55:44","guid":{"rendered":"https:\/\/staging.nbg.eu\/product\/grips-kmr-s-dotmatrix-black\/"},"modified":"2024-10-31T10:57:15","modified_gmt":"2024-10-31T10:57:15","slug":"rekojesci-kmr-s-dotmatrix-czarne","status":"publish","type":"product","link":"https:\/\/staging.nbg.eu\/pl\/produkt\/rekojesci-kmr-s-dotmatrix-czarne\/","title":{"rendered":"R\u0118KOJE\u015aCI KMR S DotMatrix &#8211; Czarne"},"content":{"rendered":"<div class=\"product-description\">\n<h2>GRIPS KMR S DotMatrix &#8211; Czarne<\/h2>\n<p>GRIPS KMR S DotMatrix w kolorze czarnym. Chwyty te oferuj\u0105 tekstur\u0119 zapewniaj\u0105c\u0105 pewny chwyt. Nadaj\u0105 si\u0119 do modernizacji istniej\u0105cego pistoletu lub projektowania broni sportowej.<\/p>\n<h3>G\u0142\u00f3wne cechy:<\/h3>\n<ul>\n<li>D\u0142ugi rozmiar<\/li>\n<li>Wykonane z anodyzowanego duraluminium<\/li>\n<li>Wz\u00f3r pi\u0142ki golfowej dla lepszej tekstury<\/li>\n<li>Zaprojektowane do u\u017cytku bez prowadnicy magazynka<\/li>\n<li>W zestawie \u015bruby torx do monta\u017cu<\/li>\n<li>Z logo KMR<\/li>\n<\/ul>\n<p>Kompatybilne wy\u0142\u0105cznie z modelami KMR S-02 z aluminiow\u0105 ram\u0105 o szeroko\u015bci 26 mm. Nie pasuj\u0105 do rozmiar\u00f3w ram W-02 lub L-02. Przeznaczone do pistoletu KMR S-02 .22 LR.<\/p>\n<\/div>\n<dl class=\"data-sheet\">\n<dt class=\"name\">Dla broni KMR<\/dt>\n<dd class=\"value\">KMR S-01 LANCE (OR)<br \/>\nKMR S-02 DO 2023<\/dd>\n<dt class=\"name\">Wyb\u00f3r wed\u0142ug broni CZ<\/dt>\n<dd class=\"value\">CZ SHADOW 1<br \/>\nCZ SHADOW 2<br \/>\nCZ SHADOW 2 (OR)<br \/>\nCZ SP-01<\/dd>\n<\/dl>\n","protected":false},"excerpt":{"rendered":"<p>Wytrzyma\u0142e, anodyzowane aluminiowe chwyty pistoletowe. Agresywna tekstura.<\/p>\n<p>0611-02801-0101<\/p>\n","protected":false},"featured_media":73829,"template":"","meta":{"_acf_changed":false},"product_brand":[11510],"product_cat":[12575],"product_tag":[],"class_list":{"0":"post-74821","1":"product","2":"type-product","3":"status-publish","4":"has-post-thumbnail","6":"product_brand-kmr-precision","7":"product_cat-czesci-kmr","9":"first","10":"instock","11":"taxable","12":"shipping-taxable","13":"purchasable","14":"product-type-simple"},"acf":[],"_links":{"self":[{"href":"https:\/\/staging.nbg.eu\/pl\/wp-json\/wp\/v2\/product\/74821","targetHints":{"allow":["GET"]}}],"collection":[{"href":"https:\/\/staging.nbg.eu\/pl\/wp-json\/wp\/v2\/product"}],"about":[{"href":"https:\/\/staging.nbg.eu\/pl\/wp-json\/wp\/v2\/types\/product"}],"wp:featuredmedia":[{"embeddable":true,"href":"https:\/\/staging.nbg.eu\/pl\/wp-json\/wp\/v2\/media\/73829"}],"wp:attachment":[{"href":"https:\/\/staging.nbg.eu\/pl\/wp-json\/wp\/v2\/media?parent=74821"}],"wp:term":[{"taxonomy":"product_brand","embeddable":true,"href":"https:\/\/staging.nbg.eu\/pl\/wp-json\/wp\/v2\/product_brand?post=74821"},{"taxonomy":"product_cat","embeddable":true,"href":"https:\/\/staging.nbg.eu\/pl\/wp-json\/wp\/v2\/product_cat?post=74821"},{"taxonomy":"product_tag","embeddable":true,"href":"https:\/\/staging.nbg.eu\/pl\/wp-json\/wp\/v2\/product_tag?post=74821"}],"curies":[{"name":"wp","href":"https:\/\/api.w.org\/{rel}","templated":true}]}}