{"id":74373,"date":"2024-10-19T08:43:18","date_gmt":"2024-10-19T08:43:18","guid":{"rendered":"https:\/\/staging.nbg.eu\/product\/sg-timer-go\/"},"modified":"2025-10-01T15:46:48","modified_gmt":"2025-10-01T12:46:48","slug":"sg-timer-go","status":"publish","type":"product","link":"https:\/\/staging.nbg.eu\/pl\/produkt\/sg-timer-go\/","title":{"rendered":"SG Timer Go"},"content":{"rendered":"<h2>SG Timer Go: Funkcje<\/h2>\n<p>SG Timer Go to kompaktowe urz\u0105dzenie z zaawansowan\u0105 technologi\u0105. Wyposa\u017cony w ten sam inteligentny czujnik i algorytmy rozpoznawania co poprzednik, ten timer jest przeznaczony do strzelania.<\/p>\n<h2>G\u0142\u00f3wne cechy:<\/h2>\n<ul>\n<li>\u0141\u0105czno\u015b\u0107 Bluetooth<\/li>\n<li>Kompatybilno\u015b\u0107 z aplikacj\u0105 do \u0107wicze\u0144<\/li>\n<li>Wykrywanie strza\u0142\u00f3w na sucho z informacj\u0105 zwrotn\u0105<\/li>\n<li>Filtrowanie echa dla dok\u0142adnego wykrywania strza\u0142\u00f3w<\/li>\n<li>Wbudowana pami\u0119\u0107 na 1 000 000 strza\u0142\u00f3w<\/li>\n<li>Regulowane czasy PAR<\/li>\n<li>Regulowana czu\u0142o\u015b\u0107 dla wszystkich kalibr\u00f3w<\/li>\n<li>Regulacja g\u0142o\u015bno\u015bci (5-100)<\/li>\n<li>&#8222;Tryb szpiegowski&#8221; do synchronizacji z innymi timerami<\/li>\n<\/ul>\n<h2>Konstrukcja:<\/h2>\n<ul>\n<li>Wy\u015bwietlacz na g\u00f3rze<\/li>\n<li>Interfejs z 2 przyciskami<\/li>\n<li>Zacisk do paska<\/li>\n<li>Klips do kieszeni<\/li>\n<\/ul>\n<h2>Wydajno\u015b\u0107:<\/h2>\n<p>Do 80 godzin ci\u0105g\u0142ego u\u017cytkowania na jednym \u0142adowaniu, port USB-C.<\/p>\n<p>SG Timer Go &#8211; urz\u0105dzenie do strzelania.<\/p>\n","protected":false},"excerpt":{"rendered":"<p>Kompaktowy inteligentny czasomierz strza\u0142\u00f3w z Bluetooth, zaawansowanymi funkcjami i d\u0142ugim czasem pracy baterii.<\/p>\n","protected":false},"featured_media":73225,"template":"","meta":{"_acf_changed":false},"product_brand":[11803],"product_cat":[12590,12603],"product_tag":[],"class_list":{"0":"post-74373","1":"product","2":"type-product","3":"status-publish","4":"has-post-thumbnail","6":"product_brand-shooters-global","7":"product_cat-sprzet","8":"product_cat-timery-strzeleckie","10":"first","11":"outofstock","12":"taxable","13":"shipping-taxable","14":"purchasable","15":"product-type-simple"},"acf":[],"_links":{"self":[{"href":"https:\/\/staging.nbg.eu\/pl\/wp-json\/wp\/v2\/product\/74373","targetHints":{"allow":["GET"]}}],"collection":[{"href":"https:\/\/staging.nbg.eu\/pl\/wp-json\/wp\/v2\/product"}],"about":[{"href":"https:\/\/staging.nbg.eu\/pl\/wp-json\/wp\/v2\/types\/product"}],"wp:featuredmedia":[{"embeddable":true,"href":"https:\/\/staging.nbg.eu\/pl\/wp-json\/wp\/v2\/media\/73225"}],"wp:attachment":[{"href":"https:\/\/staging.nbg.eu\/pl\/wp-json\/wp\/v2\/media?parent=74373"}],"wp:term":[{"taxonomy":"product_brand","embeddable":true,"href":"https:\/\/staging.nbg.eu\/pl\/wp-json\/wp\/v2\/product_brand?post=74373"},{"taxonomy":"product_cat","embeddable":true,"href":"https:\/\/staging.nbg.eu\/pl\/wp-json\/wp\/v2\/product_cat?post=74373"},{"taxonomy":"product_tag","embeddable":true,"href":"https:\/\/staging.nbg.eu\/pl\/wp-json\/wp\/v2\/product_tag?post=74373"}],"curies":[{"name":"wp","href":"https:\/\/api.w.org\/{rel}","templated":true}]}}