{"id":74329,"date":"2024-10-18T19:45:03","date_gmt":"2024-10-30T09:24:25","guid":{"rendered":"https:\/\/staging.nbg.eu\/product\/sordin-supreme-pro-x-led-gel\/"},"modified":"2024-10-30T09:25:59","modified_gmt":"2024-10-30T09:25:59","slug":"sordin-supreme-pro-x-led-gel","status":"publish","type":"product","link":"https:\/\/staging.nbg.eu\/pl\/produkt\/sordin-supreme-pro-x-led-gel\/","title":{"rendered":"Sordin Supreme Pro-X LED GEL"},"content":{"rendered":"<h2>Sordin Supreme Pro-X LED<\/h2>\n<p>Sordin Supreme Pro-X LED to elektroniczny ochronnik s\u0142uchu dla my\u015bliwych i strzelc\u00f3w. Wyposa\u017cony w system d\u017awi\u0119kowy SordinHEAR2 z czterema profilami audio, oferuje wysok\u0105 jako\u015b\u0107 d\u017awi\u0119ku i ochron\u0119.<\/p>\n<h2>G\u0142\u00f3wne cechy:<\/h2>\n<ul>\n<li>Wbudowane o\u015bwietlenie LED<\/li>\n<li>\u017belowe pier\u015bcienie uszczelniaj\u0105ce<\/li>\n<li>Wodoszczelno\u015b\u0107 IP67<\/li>\n<li>Kompaktowa konstrukcja nausznik\u00f3w<\/li>\n<li>Funkcja zale\u017cna od poziomu dla \u015bwiadomo\u015bci d\u017awi\u0119k\u00f3w otoczenia<\/li>\n<li>Czas pracy baterii 400 godzin na dw\u00f3ch bateriach AAA<\/li>\n<li>Wej\u015bcie AUX dla zewn\u0119trznych \u017ar\u00f3de\u0142 d\u017awi\u0119ku<\/li>\n<\/ul>\n<p>Zapewnia naturaln\u0105 reprodukcj\u0119 d\u017awi\u0119ku z g\u0142o\u015bnikami wysokiej jako\u015bci, chroni\u0105c przed niebezpiecznym ha\u0142asem. Supreme Pro-X LED wzmacnia s\u0142abe d\u017awi\u0119ki i ogranicza wyj\u015bcie do 82 dB, zapewniaj\u0105c optymaln\u0105 ochron\u0119 s\u0142uchu.<\/p>\n<p>Z tekstyln\u0105 opask\u0105 w kamufla\u017cu, lekk\u0105 konstrukcj\u0105 (376g) i skutecznym t\u0142umieniem nawet podczas noszenia okular\u00f3w, Sordin Supreme Pro-X LED jest odpowiedni do my\u015blistwa i strzelectwa.<\/p>\n<p>NRR: 21 | SNR: 27 | H: 29 | M: 24 | L: 19<\/p>\n","protected":false},"excerpt":{"rendered":"<p>Elektroniczna ochrona s\u0142uchu z lamp\u0105 LED, 4 profilami audio i \u017celowymi uszczelkami.<\/p>\n","protected":false},"featured_media":72223,"template":"","meta":{"_acf_changed":false},"product_brand":[11853],"product_cat":[12585,12590],"product_tag":[],"class_list":{"0":"post-74329","1":"product","2":"type-product","3":"status-publish","4":"has-post-thumbnail","6":"product_brand-sordin","7":"product_cat-ochrona-sluchu","8":"product_cat-sprzet","10":"first","11":"instock","12":"taxable","13":"shipping-taxable","14":"purchasable","15":"product-type-simple"},"acf":[],"_links":{"self":[{"href":"https:\/\/staging.nbg.eu\/pl\/wp-json\/wp\/v2\/product\/74329","targetHints":{"allow":["GET"]}}],"collection":[{"href":"https:\/\/staging.nbg.eu\/pl\/wp-json\/wp\/v2\/product"}],"about":[{"href":"https:\/\/staging.nbg.eu\/pl\/wp-json\/wp\/v2\/types\/product"}],"wp:featuredmedia":[{"embeddable":true,"href":"https:\/\/staging.nbg.eu\/pl\/wp-json\/wp\/v2\/media\/72223"}],"wp:attachment":[{"href":"https:\/\/staging.nbg.eu\/pl\/wp-json\/wp\/v2\/media?parent=74329"}],"wp:term":[{"taxonomy":"product_brand","embeddable":true,"href":"https:\/\/staging.nbg.eu\/pl\/wp-json\/wp\/v2\/product_brand?post=74329"},{"taxonomy":"product_cat","embeddable":true,"href":"https:\/\/staging.nbg.eu\/pl\/wp-json\/wp\/v2\/product_cat?post=74329"},{"taxonomy":"product_tag","embeddable":true,"href":"https:\/\/staging.nbg.eu\/pl\/wp-json\/wp\/v2\/product_tag?post=74329"}],"curies":[{"name":"wp","href":"https:\/\/api.w.org\/{rel}","templated":true}]}}