{"id":74306,"date":"2024-10-18T19:29:44","date_gmt":"2024-10-30T09:18:44","guid":{"rendered":"https:\/\/staging.nbg.eu\/product\/nitehog-viper-50-next-thermal-clip-on\/"},"modified":"2024-10-30T09:20:32","modified_gmt":"2024-10-30T09:20:32","slug":"nitehog-viper-50-next-nakladka-termowizyjna","status":"publish","type":"product","link":"https:\/\/staging.nbg.eu\/pl\/produkt\/nitehog-viper-50-next-nakladka-termowizyjna\/","title":{"rendered":"NiteHog Viper 50 Next Nak\u0142adka Termowizyjna"},"content":{"rendered":"<h2>NiteHog Viper 50 Next Nak\u0142adka Termowizyjna<\/h2>\n<p>Viper 50 Next to kompaktowe i lekkie urz\u0105dzenie nak\u0142adane, kt\u00f3re poprawia mo\u017cliwo\u015bci optyczne.<\/p>\n<h2>G\u0142\u00f3wne cechy:<\/h2>\n<ul>\n<li>Ogniskowa 50 mm dla lepszego zasi\u0119gu wykrywania i rozpoznawania<\/li>\n<li>Obrazowanie w czasie rzeczywistym 60 Hz<\/li>\n<li>Kompaktowa konstrukcja o wadze 295 gram\u00f3w<\/li>\n<li>\u0141atwy monta\u017c na celownikach dziennych<\/li>\n<li>Zasi\u0119g wykrywania do 2160 metr\u00f3w<\/li>\n<li>Modu\u0142 A-Core dla lepszej jako\u015bci obrazu<\/li>\n<li>Wy\u015bwietlacz o rozdzielczo\u015bci 1024&#215;768 pikseli<\/li>\n<li>Certyfikat wodoodporno\u015bci IP66<\/li>\n<li>5 godzin pracy na standardowej baterii 18650<\/li>\n<li>Tryby obrazu: Bia\u0142y Gor\u0105cy, Czarny Gor\u0105cy, Czerwony Gor\u0105cy, Auto Izoterma, Izoterma, T\u0119cza i Ironbow<\/li>\n<\/ul>\n<p>Viper 50 Next \u0142\u0105czy precyzyjn\u0105 in\u017cynieri\u0119 z zaawansowan\u0105 technologi\u0105, zapewniaj\u0105c dok\u0142adno\u015b\u0107 w trudnych warunkach. Germanowy obiektyw i sensor o wielko\u015bci piksela 12 mikrometr\u00f3w zapewniaj\u0105 wysok\u0105 jako\u015b\u0107 obrazu, a interfejs u\u017cytkownika u\u0142atwia obs\u0142ug\u0119.<\/p>\n<p>NiteHog Viper 50 Next to wyb\u00f3r dla profesjonalist\u00f3w i entuzjast\u00f3w.<\/p>\n","protected":false},"excerpt":{"rendered":"<p>Kompaktowa nak\u0142adka termowizyjna z obiektywem 50 mm do wykrywania na du\u017cych odleg\u0142o\u015bciach.<\/p>\n","protected":false},"featured_media":72038,"template":"","meta":{"_acf_changed":false},"product_brand":[11600],"product_cat":[12599,12554],"product_tag":[],"class_list":{"0":"post-74306","1":"product","2":"type-product","3":"status-publish","4":"has-post-thumbnail","6":"product_brand-nitehog","7":"product_cat-celownictwo","8":"product_cat-termowizja","10":"first","11":"instock","12":"taxable","13":"shipping-taxable","14":"purchasable","15":"product-type-simple"},"acf":[],"_links":{"self":[{"href":"https:\/\/staging.nbg.eu\/pl\/wp-json\/wp\/v2\/product\/74306","targetHints":{"allow":["GET"]}}],"collection":[{"href":"https:\/\/staging.nbg.eu\/pl\/wp-json\/wp\/v2\/product"}],"about":[{"href":"https:\/\/staging.nbg.eu\/pl\/wp-json\/wp\/v2\/types\/product"}],"wp:featuredmedia":[{"embeddable":true,"href":"https:\/\/staging.nbg.eu\/pl\/wp-json\/wp\/v2\/media\/72038"}],"wp:attachment":[{"href":"https:\/\/staging.nbg.eu\/pl\/wp-json\/wp\/v2\/media?parent=74306"}],"wp:term":[{"taxonomy":"product_brand","embeddable":true,"href":"https:\/\/staging.nbg.eu\/pl\/wp-json\/wp\/v2\/product_brand?post=74306"},{"taxonomy":"product_cat","embeddable":true,"href":"https:\/\/staging.nbg.eu\/pl\/wp-json\/wp\/v2\/product_cat?post=74306"},{"taxonomy":"product_tag","embeddable":true,"href":"https:\/\/staging.nbg.eu\/pl\/wp-json\/wp\/v2\/product_tag?post=74306"}],"curies":[{"name":"wp","href":"https:\/\/api.w.org\/{rel}","templated":true}]}}