{"id":74217,"date":"2024-10-18T20:28:40","date_gmt":"2024-10-30T08:48:29","guid":{"rendered":"https:\/\/staging.nbg.eu\/product\/extractor-l-02-40sw-kmr\/"},"modified":"2024-10-30T08:50:02","modified_gmt":"2024-10-30T08:50:02","slug":"wyciag-l-02-40sw-kmr","status":"publish","type":"product","link":"https:\/\/staging.nbg.eu\/pl\/produkt\/wyciag-l-02-40sw-kmr\/","title":{"rendered":"Wyciag L-02 .40SW &#8211; KMR"},"content":{"rendered":"<div class=\"product-description\">\n<h2>Wyci\u0105g L-02 .40SW &#8211; KMR<\/h2>\n<p>Wyci\u0105g do pistoletu KMR L-02. Przeznaczony dla kalibru .40 S&amp;W. Zapewnia niezawodne wyci\u0105ganie \u0142usek i p\u0142ynne dzia\u0142anie. Wykonany z wytrzyma\u0142ych materia\u0142\u00f3w. Przeznaczony do intensywnego u\u017cytkowania. Cz\u0119\u015b\u0107 zamienna poprawiaj\u0105ca funkcjonowanie broni.<\/p>\n<\/div>\n","protected":false},"excerpt":{"rendered":"<p>Precyzyjny wyci\u0105g do naboj\u00f3w 40 S&amp;W do pistoletu KMR L-02.<\/p>\n","protected":false},"featured_media":72596,"template":"","meta":{"_acf_changed":false},"product_brand":[],"product_cat":[12575],"product_tag":[],"class_list":{"0":"post-74217","1":"product","2":"type-product","3":"status-publish","4":"has-post-thumbnail","6":"product_cat-czesci-kmr","8":"first","9":"instock","10":"taxable","11":"shipping-taxable","12":"purchasable","13":"product-type-simple"},"acf":[],"_links":{"self":[{"href":"https:\/\/staging.nbg.eu\/pl\/wp-json\/wp\/v2\/product\/74217","targetHints":{"allow":["GET"]}}],"collection":[{"href":"https:\/\/staging.nbg.eu\/pl\/wp-json\/wp\/v2\/product"}],"about":[{"href":"https:\/\/staging.nbg.eu\/pl\/wp-json\/wp\/v2\/types\/product"}],"wp:featuredmedia":[{"embeddable":true,"href":"https:\/\/staging.nbg.eu\/pl\/wp-json\/wp\/v2\/media\/72596"}],"wp:attachment":[{"href":"https:\/\/staging.nbg.eu\/pl\/wp-json\/wp\/v2\/media?parent=74217"}],"wp:term":[{"taxonomy":"product_brand","embeddable":true,"href":"https:\/\/staging.nbg.eu\/pl\/wp-json\/wp\/v2\/product_brand?post=74217"},{"taxonomy":"product_cat","embeddable":true,"href":"https:\/\/staging.nbg.eu\/pl\/wp-json\/wp\/v2\/product_cat?post=74217"},{"taxonomy":"product_tag","embeddable":true,"href":"https:\/\/staging.nbg.eu\/pl\/wp-json\/wp\/v2\/product_tag?post=74217"}],"curies":[{"name":"wp","href":"https:\/\/api.w.org\/{rel}","templated":true}]}}