{"id":74195,"date":"2024-10-20T09:56:58","date_gmt":"2024-10-30T08:45:35","guid":{"rendered":"https:\/\/staging.nbg.eu\/product\/holosun-hs-mount-aems-low\/"},"modified":"2024-10-30T08:47:11","modified_gmt":"2024-10-30T08:47:11","slug":"holosun-hs-mount-aems-low","status":"publish","type":"product","link":"https:\/\/staging.nbg.eu\/pl\/produkt\/holosun-hs-mount-aems-low\/","title":{"rendered":"Holosun HS-MOUNT-AEMS-LOW"},"content":{"rendered":"<h2>Holosun HS-MOUNT-AEMS-LOW<\/h2>\n<p>Holosun HS-MOUNT-AEMS-LOW to niskoprofilowe mocowanie zaprojektowane dla celownika kolimatorowego AEMS. Aluminiowe mocowanie jest trwa\u0142e i \u0142atwe w u\u017cyciu, przeznaczone do broni palnej z konwencjonalnymi kolbami.<\/p>\n<h2>G\u0142\u00f3wne cechy:<\/h2>\n<ul>\n<li>Kompatybilny z szynami Picatinny\/Weaver<\/li>\n<li>Niskoprofilowa konstrukcja dla optymalnego ustawienia celownika<\/li>\n<li>Szybka instalacja za pomoc\u0105 klucza Torx<\/li>\n<li>Lekka, ale trwa\u0142a aluminiowa konstrukcja<\/li>\n<li>Powtarzalna dok\u0142adno\u015b\u0107<\/li>\n<\/ul>\n<h2>Specyfikacje:<\/h2>\n<ul>\n<li>Wymiary: 50x35x11 mm<\/li>\n<li>Waga: 34g<\/li>\n<li>Kolor: Czarny<\/li>\n<li>Temperatura pracy: od -30\u00b0C do 60\u00b0C<\/li>\n<li>Temperatura przechowywania: od -40\u00b0C do 70\u00b0C<\/li>\n<\/ul>\n<p>Holosun HS-MOUNT-AEMS-LOW jest przeznaczony do precyzyjnego i niezawodnego u\u017cytkowania w r\u00f3\u017cnych warunkach.<\/p>\n","protected":false},"excerpt":{"rendered":"<p>Wyj\u0105tkowo wytrzyma\u0142y aluminiowy monta\u017c do celownik\u00f3w kolimatorowych Holosun AEMS.<\/p>\n","protected":false},"featured_media":73341,"template":"","meta":{"_acf_changed":false},"product_brand":[11443],"product_cat":[12599,12600,12561],"product_tag":[],"class_list":{"0":"post-74195","1":"product","2":"type-product","3":"status-publish","4":"has-post-thumbnail","6":"product_brand-holosun","7":"product_cat-celownictwo","8":"product_cat-celowniki-kolimatorowe","9":"product_cat-montaze","11":"first","12":"instock","13":"taxable","14":"shipping-taxable","15":"purchasable","16":"product-type-simple"},"acf":[],"_links":{"self":[{"href":"https:\/\/staging.nbg.eu\/pl\/wp-json\/wp\/v2\/product\/74195","targetHints":{"allow":["GET"]}}],"collection":[{"href":"https:\/\/staging.nbg.eu\/pl\/wp-json\/wp\/v2\/product"}],"about":[{"href":"https:\/\/staging.nbg.eu\/pl\/wp-json\/wp\/v2\/types\/product"}],"wp:featuredmedia":[{"embeddable":true,"href":"https:\/\/staging.nbg.eu\/pl\/wp-json\/wp\/v2\/media\/73341"}],"wp:attachment":[{"href":"https:\/\/staging.nbg.eu\/pl\/wp-json\/wp\/v2\/media?parent=74195"}],"wp:term":[{"taxonomy":"product_brand","embeddable":true,"href":"https:\/\/staging.nbg.eu\/pl\/wp-json\/wp\/v2\/product_brand?post=74195"},{"taxonomy":"product_cat","embeddable":true,"href":"https:\/\/staging.nbg.eu\/pl\/wp-json\/wp\/v2\/product_cat?post=74195"},{"taxonomy":"product_tag","embeddable":true,"href":"https:\/\/staging.nbg.eu\/pl\/wp-json\/wp\/v2\/product_tag?post=74195"}],"curies":[{"name":"wp","href":"https:\/\/api.w.org\/{rel}","templated":true}]}}