{"id":74105,"date":"2024-10-18T19:05:21","date_gmt":"2024-10-29T10:04:06","guid":{"rendered":"https:\/\/staging.nbg.eu\/product\/casio-prg-340t-7er\/"},"modified":"2024-10-29T10:05:39","modified_gmt":"2024-10-29T10:05:39","slug":"casio-prg-340t-7er","status":"publish","type":"product","link":"https:\/\/staging.nbg.eu\/pl\/produkt\/casio-prg-340t-7er\/","title":{"rendered":"Casio PRG-340T-7ER"},"content":{"rendered":"<h2>Casio PRG-340T-7ER<\/h2>\n<p>Casio PRG-340T-7ER to zegarek do u\u017cytku na zewn\u0105trz. Posiada on nast\u0119puj\u0105ce funkcje:<\/p>\n<ul>\n<li>Cyfrowy kompas do okre\u015blania kierunku<\/li>\n<li>Wysoko\u015bciomierz i barometr do pomiaru wysoko\u015bci i ci\u015bnienia<\/li>\n<li>Termometr do pomiaru temperatury<\/li>\n<li>Podw\u00f3jny wy\u015bwietlacz LCD<\/li>\n<li>Konstrukcja z tworzyw sztucznych pochodzenia biologicznego<\/li>\n<li>Przyciski bezpo\u015brednich funkcji<\/li>\n<li>Zasilanie energi\u0105 s\u0142oneczn\u0105<\/li>\n<li>Pod\u015bwietlenie do u\u017cytku w s\u0142abym o\u015bwietleniu<\/li>\n<\/ul>\n<p>PRG-340T-7ER ma wodoszczelno\u015b\u0107 do 10 bar\u00f3w, odporno\u015b\u0107 na niskie temperatury oraz dodatkowe funkcje, takie jak czas \u015bwiatowy i wy\u015bwietlanie wschodu\/zachodu s\u0142o\u0144ca.<\/p>\n","protected":false},"excerpt":{"rendered":"<p>Wytrzyma\u0142y zegarek outdoorowy z kompasem, wysoko\u015bciomierzem i ekologicznym designem.<\/p>\n","protected":false},"featured_media":71760,"template":"","meta":{"_acf_changed":false},"product_brand":[11211],"product_cat":[12613],"product_tag":[],"class_list":{"0":"post-74105","1":"product","2":"type-product","3":"status-publish","4":"has-post-thumbnail","6":"product_brand-casio","7":"product_cat-edc","9":"first","10":"instock","11":"taxable","12":"shipping-taxable","13":"purchasable","14":"product-type-simple"},"acf":[],"_links":{"self":[{"href":"https:\/\/staging.nbg.eu\/pl\/wp-json\/wp\/v2\/product\/74105","targetHints":{"allow":["GET"]}}],"collection":[{"href":"https:\/\/staging.nbg.eu\/pl\/wp-json\/wp\/v2\/product"}],"about":[{"href":"https:\/\/staging.nbg.eu\/pl\/wp-json\/wp\/v2\/types\/product"}],"wp:featuredmedia":[{"embeddable":true,"href":"https:\/\/staging.nbg.eu\/pl\/wp-json\/wp\/v2\/media\/71760"}],"wp:attachment":[{"href":"https:\/\/staging.nbg.eu\/pl\/wp-json\/wp\/v2\/media?parent=74105"}],"wp:term":[{"taxonomy":"product_brand","embeddable":true,"href":"https:\/\/staging.nbg.eu\/pl\/wp-json\/wp\/v2\/product_brand?post=74105"},{"taxonomy":"product_cat","embeddable":true,"href":"https:\/\/staging.nbg.eu\/pl\/wp-json\/wp\/v2\/product_cat?post=74105"},{"taxonomy":"product_tag","embeddable":true,"href":"https:\/\/staging.nbg.eu\/pl\/wp-json\/wp\/v2\/product_tag?post=74105"}],"curies":[{"name":"wp","href":"https:\/\/api.w.org\/{rel}","templated":true}]}}