{"id":74083,"date":"2024-10-18T18:54:11","date_gmt":"2024-10-29T10:02:11","guid":{"rendered":"https:\/\/staging.nbg.eu\/product\/casio-prg-270-1er\/"},"modified":"2024-10-29T10:03:42","modified_gmt":"2024-10-29T10:03:42","slug":"casio-prg-270-1er","status":"publish","type":"product","link":"https:\/\/staging.nbg.eu\/pl\/produkt\/casio-prg-270-1er\/","title":{"rendered":"Casio PRG-270-1ER"},"content":{"rendered":"<div class=\"product-description\">\n<h2>Casio PRG-270-1ER: Zegarek do u\u017cytku na zewn\u0105trz<\/h2>\n<p>Casio PRG-270-1ER wyposa\u017cony jest w Triple Sensor Version 3. Ten model PRO TREK zapewnia odczyty wysoko\u015bci, ci\u015bnienia barometrycznego i kierunku.<\/p>\n<ul>\n<li>Zasilanie Tough Solar<\/li>\n<li>Potr\u00f3jny czujnik: Kompas, Barometr\/Termometr, Wysoko\u015bciomierz<\/li>\n<li>Odporno\u015b\u0107 na niskie temperatury (-10\u00baC\/14\u00baF)<\/li>\n<li>Wodoodporno\u015b\u0107 do 100 metr\u00f3w<\/li>\n<li>Alarm tendencji ci\u015bnienia barometrycznego<\/li>\n<li>Du\u017ce boczne przyciski<\/li>\n<li>Wy\u015bwietlanie czasu wschodu\/zachodu s\u0142o\u0144ca<\/li>\n<li>Automatyczne pod\u015bwietlenie<\/li>\n<\/ul>\n<p>Zegarek przeznaczony jest do u\u017cytku na zewn\u0105trz. Casio PRG-270-1ER mo\u017ce by\u0107 przydatny podczas aktywno\u015bci na \u015bwie\u017cym powietrzu.<\/p>\n<\/div>\n","protected":false},"excerpt":{"rendered":"<p>Wytrzyma\u0142y zegarek outdoorowy z potr\u00f3jnym czujnikiem i zasilaniem Tough Solar.<\/p>\n","protected":false},"featured_media":71529,"template":"","meta":{"_acf_changed":false},"product_brand":[11211],"product_cat":[12613],"product_tag":[],"class_list":{"0":"post-74083","1":"product","2":"type-product","3":"status-publish","4":"has-post-thumbnail","6":"product_brand-casio","7":"product_cat-edc","9":"first","10":"instock","11":"taxable","12":"shipping-taxable","13":"purchasable","14":"product-type-simple"},"acf":[],"_links":{"self":[{"href":"https:\/\/staging.nbg.eu\/pl\/wp-json\/wp\/v2\/product\/74083","targetHints":{"allow":["GET"]}}],"collection":[{"href":"https:\/\/staging.nbg.eu\/pl\/wp-json\/wp\/v2\/product"}],"about":[{"href":"https:\/\/staging.nbg.eu\/pl\/wp-json\/wp\/v2\/types\/product"}],"wp:featuredmedia":[{"embeddable":true,"href":"https:\/\/staging.nbg.eu\/pl\/wp-json\/wp\/v2\/media\/71529"}],"wp:attachment":[{"href":"https:\/\/staging.nbg.eu\/pl\/wp-json\/wp\/v2\/media?parent=74083"}],"wp:term":[{"taxonomy":"product_brand","embeddable":true,"href":"https:\/\/staging.nbg.eu\/pl\/wp-json\/wp\/v2\/product_brand?post=74083"},{"taxonomy":"product_cat","embeddable":true,"href":"https:\/\/staging.nbg.eu\/pl\/wp-json\/wp\/v2\/product_cat?post=74083"},{"taxonomy":"product_tag","embeddable":true,"href":"https:\/\/staging.nbg.eu\/pl\/wp-json\/wp\/v2\/product_tag?post=74083"}],"curies":[{"name":"wp","href":"https:\/\/api.w.org\/{rel}","templated":true}]}}