{"id":74035,"date":"2024-10-16T20:26:30","date_gmt":"2024-10-25T14:29:55","guid":{"rendered":"https:\/\/staging.nbg.eu\/product\/casio-gbdh2000-1aer\/"},"modified":"2024-10-25T14:31:23","modified_gmt":"2024-10-25T14:31:23","slug":"casio-gbdh2000-1aer","status":"publish","type":"product","link":"https:\/\/staging.nbg.eu\/pl\/produkt\/casio-gbdh2000-1aer\/","title":{"rendered":"Casio GBDH2000-1AER"},"content":{"rendered":"<h2>Casio GBDH2000-1AER: Zegarek do monitorowania aktywno\u015bci fizycznej<\/h2>\n<p>Casio GBDH2000-1AER posiada 6 czujnik\u00f3w i funkcj\u0119 GPS. Ten zegarek monitoruje aktywno\u015b\u0107 fizyczn\u0105 w czasie rzeczywistym w 8 r\u00f3\u017cnych dyscyplinach sportowych, w tym bieganie, jazd\u0119 na rowerze i p\u0142ywanie.<\/p>\n<ul>\n<li>Mierzy dystans, pr\u0119dko\u015b\u0107, czas, tempo, t\u0119tno i spalone kalorie<\/li>\n<li>Mierzy poziom tlenu we krwi<\/li>\n<li>Dwuwarstwowa konstrukcja zapewnia wygod\u0119 i \u0142atw\u0105 obs\u0142ug\u0119<\/li>\n<li>\u0141adowanie wspomagane energi\u0105 s\u0142oneczn\u0105 wyd\u0142u\u017ca \u017cywotno\u015b\u0107 baterii<\/li>\n<li>Funkcje inteligentne obejmuj\u0105 powiadomienia i czas \u015bwiatowy dla 300 miast<\/li>\n<\/ul>\n<p>GBDH2000-1AER jest wykonany z tworzyw sztucznych pochodz\u0105cych z biomasy. Ten zegarek \u0142\u0105czy technologi\u0119 z dba\u0142o\u015bci\u0105 o \u015brodowisko. Jest przeznaczony dla sportowc\u00f3w i os\u00f3b zainteresowanych monitorowaniem swojej aktywno\u015bci fizycznej.<\/p>\n","protected":false},"excerpt":{"rendered":"<p>Sportowy zegarek z funkcj\u0105 GPS, wyposa\u017cony w 6 czujnik\u00f3w, \u015bledz\u0105cy 8 rodzaj\u00f3w aktywno\u015bci.<\/p>\n","protected":false},"featured_media":71413,"template":"","meta":{"_acf_changed":false},"product_brand":[11211],"product_cat":[12613],"product_tag":[],"class_list":{"0":"post-74035","1":"product","2":"type-product","3":"status-publish","4":"has-post-thumbnail","6":"product_brand-casio","7":"product_cat-edc","9":"first","10":"instock","11":"taxable","12":"shipping-taxable","13":"purchasable","14":"product-type-simple"},"acf":[],"_links":{"self":[{"href":"https:\/\/staging.nbg.eu\/pl\/wp-json\/wp\/v2\/product\/74035","targetHints":{"allow":["GET"]}}],"collection":[{"href":"https:\/\/staging.nbg.eu\/pl\/wp-json\/wp\/v2\/product"}],"about":[{"href":"https:\/\/staging.nbg.eu\/pl\/wp-json\/wp\/v2\/types\/product"}],"wp:featuredmedia":[{"embeddable":true,"href":"https:\/\/staging.nbg.eu\/pl\/wp-json\/wp\/v2\/media\/71413"}],"wp:attachment":[{"href":"https:\/\/staging.nbg.eu\/pl\/wp-json\/wp\/v2\/media?parent=74035"}],"wp:term":[{"taxonomy":"product_brand","embeddable":true,"href":"https:\/\/staging.nbg.eu\/pl\/wp-json\/wp\/v2\/product_brand?post=74035"},{"taxonomy":"product_cat","embeddable":true,"href":"https:\/\/staging.nbg.eu\/pl\/wp-json\/wp\/v2\/product_cat?post=74035"},{"taxonomy":"product_tag","embeddable":true,"href":"https:\/\/staging.nbg.eu\/pl\/wp-json\/wp\/v2\/product_tag?post=74035"}],"curies":[{"name":"wp","href":"https:\/\/api.w.org\/{rel}","templated":true}]}}