{"id":74013,"date":"2024-01-30T18:02:27","date_gmt":"2024-01-30T18:02:27","guid":{"rendered":"https:\/\/staging.nbg.eu\/product\/holosun-hs403b\/"},"modified":"2024-10-25T14:26:22","modified_gmt":"2024-10-25T14:26:22","slug":"holosun-hs403b","status":"publish","type":"product","link":"https:\/\/staging.nbg.eu\/pl\/produkt\/holosun-hs403b\/","title":{"rendered":"Holosun HS403B"},"content":{"rendered":"<div class=\"product-description\">\n<h2>Kolimator Holosun HS403B<\/h2>\n<p>Holosun HS403B to kompaktowy kolimator o \u015brednicy 20mm, przeznaczony do karabin\u00f3w i karabink\u00f3w. Cechy:<\/p>\n<ul>\n<li>Czerwona dioda Super LED z \u017cywotno\u015bci\u0105 baterii 50 000 godzin<\/li>\n<li>10 ustawie\u0144 siatki celowniczej do u\u017cytku dziennego i 2 kompatybilne z noktowizj\u0105<\/li>\n<li>Obudowa z aluminium 6061<\/li>\n<li>W zestawie monta\u017c lower 1\/3 co-witness (1,63&#8243;) i monta\u017c niski (0,75&#8243;)<\/li>\n<li>Technologia Shake Awake przed\u0142u\u017caj\u0105ca \u017cywotno\u015b\u0107 baterii<\/li>\n<li>Przyciski cyfrowe do \u0142atwej regulacji<\/li>\n<li>Gumowe os\u0142ony soczewek<\/li>\n<li>Boczna tacka na bateri\u0119 2032 dla wygodnej wymiany<\/li>\n<\/ul>\n<p>HS403B jest odpowiedni dla strzelc\u00f3w na wszystkich poziomach zaawansowania. Wodoodporny zgodnie ze standardem IP67 i odporny na wibracje do 1000G, ten celownik jest przystosowany do pracy w r\u00f3\u017cnych warunkach.<\/p>\n<\/div>\n","protected":false},"excerpt":{"rendered":"<p>Kompaktowy celownik kolimatorowy 20mm z czerwon\u0105 kropk\u0105, \u017cywotno\u015bci\u0105 baterii 50 tys. godzin i uniwersalnym mocowaniem.<\/p>\n","protected":false},"featured_media":72271,"template":"","meta":{"_acf_changed":false},"product_brand":[11443],"product_cat":[12599,12600,12633],"product_tag":[],"class_list":{"0":"post-74013","1":"product","2":"type-product","3":"status-publish","4":"has-post-thumbnail","6":"product_brand-holosun","7":"product_cat-celownictwo","8":"product_cat-celowniki-kolimatorowe","9":"product_cat-celowniki-kolimatorowe-karabinowe","11":"first","12":"instock","13":"taxable","14":"shipping-taxable","15":"purchasable","16":"product-type-simple"},"acf":[],"_links":{"self":[{"href":"https:\/\/staging.nbg.eu\/pl\/wp-json\/wp\/v2\/product\/74013","targetHints":{"allow":["GET"]}}],"collection":[{"href":"https:\/\/staging.nbg.eu\/pl\/wp-json\/wp\/v2\/product"}],"about":[{"href":"https:\/\/staging.nbg.eu\/pl\/wp-json\/wp\/v2\/types\/product"}],"wp:featuredmedia":[{"embeddable":true,"href":"https:\/\/staging.nbg.eu\/pl\/wp-json\/wp\/v2\/media\/72271"}],"wp:attachment":[{"href":"https:\/\/staging.nbg.eu\/pl\/wp-json\/wp\/v2\/media?parent=74013"}],"wp:term":[{"taxonomy":"product_brand","embeddable":true,"href":"https:\/\/staging.nbg.eu\/pl\/wp-json\/wp\/v2\/product_brand?post=74013"},{"taxonomy":"product_cat","embeddable":true,"href":"https:\/\/staging.nbg.eu\/pl\/wp-json\/wp\/v2\/product_cat?post=74013"},{"taxonomy":"product_tag","embeddable":true,"href":"https:\/\/staging.nbg.eu\/pl\/wp-json\/wp\/v2\/product_tag?post=74013"}],"curies":[{"name":"wp","href":"https:\/\/api.w.org\/{rel}","templated":true}]}}