{"id":73969,"date":"2024-10-16T20:13:36","date_gmt":"2024-10-25T10:17:41","guid":{"rendered":"https:\/\/staging.nbg.eu\/product\/casio-gbd-800uc-5er\/"},"modified":"2024-10-25T10:19:08","modified_gmt":"2024-10-25T10:19:08","slug":"casio-gbd-800uc-5er","status":"publish","type":"product","link":"https:\/\/staging.nbg.eu\/pl\/produkt\/casio-gbd-800uc-5er\/","title":{"rendered":"Casio GBD-800UC-5ER"},"content":{"rendered":"<div class=\"product-description\">\n<h2>Casio GBD-800UC-5ER: Zegarek do \u0107wicze\u0144<\/h2>\n<p>Casio GBD-800UC-5ER to zegarek z \u017cywicow\u0105 kopert\u0105 i paskiem, zaprojektowany do aktywnego stylu \u017cycia.<\/p>\n<ul>\n<li>Wymiary: 54,1 \u00d7 48,6 \u00d7 15,5 mm, waga: 59g<\/li>\n<li>Odporny na wstrz\u0105sy<\/li>\n<li>Wodoszczelno\u015b\u0107 do 200 metr\u00f3w<\/li>\n<li>Bateria CR2025 o \u017cywotno\u015bci 3 lat<\/li>\n<li>Licznik krok\u00f3w z 3-osiowym czujnikiem przyspieszenia<\/li>\n<li>Wy\u015bwietlacz post\u0119pu celu krok\u00f3w i 7-godzinny wykres liczby krok\u00f3w<\/li>\n<li>Funkcja oszcz\u0119dzania energii<\/li>\n<\/ul>\n<p>GBD-800UC-5ER to zegarek do monitorowania aktywno\u015bci fizycznej.<\/p>\n<\/div>\n","protected":false},"excerpt":{"rendered":"<p>Wytrzyma\u0142y zegarek G-Shock z licznikiem krok\u00f3w, wodoodporny do 200 m, bateria o \u017cywotno\u015bci 3 lat.<\/p>\n","protected":false},"featured_media":71249,"template":"","meta":{"_acf_changed":false},"product_brand":[11211],"product_cat":[12613],"product_tag":[],"class_list":{"0":"post-73969","1":"product","2":"type-product","3":"status-publish","4":"has-post-thumbnail","6":"product_brand-casio","7":"product_cat-edc","9":"first","10":"instock","11":"taxable","12":"shipping-taxable","13":"purchasable","14":"product-type-simple"},"acf":[],"_links":{"self":[{"href":"https:\/\/staging.nbg.eu\/pl\/wp-json\/wp\/v2\/product\/73969","targetHints":{"allow":["GET"]}}],"collection":[{"href":"https:\/\/staging.nbg.eu\/pl\/wp-json\/wp\/v2\/product"}],"about":[{"href":"https:\/\/staging.nbg.eu\/pl\/wp-json\/wp\/v2\/types\/product"}],"wp:featuredmedia":[{"embeddable":true,"href":"https:\/\/staging.nbg.eu\/pl\/wp-json\/wp\/v2\/media\/71249"}],"wp:attachment":[{"href":"https:\/\/staging.nbg.eu\/pl\/wp-json\/wp\/v2\/media?parent=73969"}],"wp:term":[{"taxonomy":"product_brand","embeddable":true,"href":"https:\/\/staging.nbg.eu\/pl\/wp-json\/wp\/v2\/product_brand?post=73969"},{"taxonomy":"product_cat","embeddable":true,"href":"https:\/\/staging.nbg.eu\/pl\/wp-json\/wp\/v2\/product_cat?post=73969"},{"taxonomy":"product_tag","embeddable":true,"href":"https:\/\/staging.nbg.eu\/pl\/wp-json\/wp\/v2\/product_tag?post=73969"}],"curies":[{"name":"wp","href":"https:\/\/api.w.org\/{rel}","templated":true}]}}