{"id":73947,"date":"2024-08-16T18:08:29","date_gmt":"2024-08-16T18:08:29","guid":{"rendered":"https:\/\/staging.nbg.eu\/product\/calypso-mini-mini-applied-ballistics-compatible\/"},"modified":"2024-10-25T07:35:09","modified_gmt":"2024-10-25T07:35:09","slug":"calypso-mini-mini-kompatybilny-z-applied-ballistics","status":"publish","type":"product","link":"https:\/\/staging.nbg.eu\/pl\/produkt\/calypso-mini-mini-kompatybilny-z-applied-ballistics\/","title":{"rendered":"Calypso Mini &#8211; Mini Kompatybilny z Applied Ballistics"},"content":{"rendered":"<h2>Calypso Mini &#8211; Mini Kompatybilny z Applied Ballistics<\/h2>\n<p>Calypso Mini to kompaktowy ultrad\u017awi\u0119kowy anemometr i wiatrowskaz. To urz\u0105dzenie o \u015brednicy 43mm ma zaawansowane funkcje i solidn\u0105 konstrukcj\u0119.<\/p>\n<h3>G\u0142\u00f3wne cechy:<\/h3>\n<ul>\n<li>Czujniki ultrad\u017awi\u0119kowe do pomiaru pr\u0119dko\u015bci i kierunku wiatru<\/li>\n<li>\u0141\u0105czno\u015b\u0107 Bluetooth 5.1 o zasi\u0119gu do 30m<\/li>\n<li>Bezprzewodowe \u0142adowanie QI z czasem pracy baterii do 150 godzin<\/li>\n<li>Stopie\u0144 wodoodporno\u015bci IPX8<\/li>\n<li>Kompatybilny z urz\u0105dzeniami Android, iOS i Garmin<\/li>\n<li>Gwint \u017ce\u0144ski 1\/4&#8243; do mocowania na statywie<\/li>\n<li>Waga tylko 78 gram\u00f3w<\/li>\n<\/ul>\n<p>Calypso Mini oferuje precyzyjne pomiary wiatru w zakresie pr\u0119dko\u015bci 0,5-25 m\/s i dok\u0142adno\u015b\u0107 kierunku \u00b11\u00b0. Jego trwa\u0142a konstrukcja bez ruchomych cz\u0119\u015bci zapewnia niezawodno\u015b\u0107 w r\u00f3\u017cnych warunkach. Mo\u017cna go po\u0142\u0105czy\u0107 z darmow\u0105 aplikacj\u0105 Anemotracker do rejestrowania danych i uzyskiwania informacji o wietrze w czasie rzeczywistym.<\/p>\n<p>Calypso Mini to kompaktowe rozwi\u0105zanie do pomiaru wiatru dla entuzjast\u00f3w \u017ceglarstwa, mi\u0142o\u015bnik\u00f3w outdooru lub profesjonalnych meteorolog\u00f3w.<\/p>\n","protected":false},"excerpt":{"rendered":"<p>Kompaktowy anemometr ultrad\u017awi\u0119kowy z Bluetooth do precyzyjnego pomiaru danych wiatru.<\/p>\n","protected":false},"featured_media":23278,"template":"","meta":{"_acf_changed":false},"product_brand":[11184],"product_cat":[12639,12626,12565],"product_tag":[],"class_list":{"0":"post-73947","1":"product","2":"type-product","3":"status-publish","4":"has-post-thumbnail","6":"product_brand-calypso","7":"product_cat-bez-kategorii","8":"product_cat-narzedzia","9":"product_cat-stacje-pogodowe","11":"first","12":"instock","13":"taxable","14":"shipping-taxable","15":"purchasable","16":"product-type-simple"},"acf":[],"_links":{"self":[{"href":"https:\/\/staging.nbg.eu\/pl\/wp-json\/wp\/v2\/product\/73947","targetHints":{"allow":["GET"]}}],"collection":[{"href":"https:\/\/staging.nbg.eu\/pl\/wp-json\/wp\/v2\/product"}],"about":[{"href":"https:\/\/staging.nbg.eu\/pl\/wp-json\/wp\/v2\/types\/product"}],"wp:featuredmedia":[{"embeddable":true,"href":"https:\/\/staging.nbg.eu\/pl\/wp-json\/wp\/v2\/media\/23278"}],"wp:attachment":[{"href":"https:\/\/staging.nbg.eu\/pl\/wp-json\/wp\/v2\/media?parent=73947"}],"wp:term":[{"taxonomy":"product_brand","embeddable":true,"href":"https:\/\/staging.nbg.eu\/pl\/wp-json\/wp\/v2\/product_brand?post=73947"},{"taxonomy":"product_cat","embeddable":true,"href":"https:\/\/staging.nbg.eu\/pl\/wp-json\/wp\/v2\/product_cat?post=73947"},{"taxonomy":"product_tag","embeddable":true,"href":"https:\/\/staging.nbg.eu\/pl\/wp-json\/wp\/v2\/product_tag?post=73947"}],"curies":[{"name":"wp","href":"https:\/\/api.w.org\/{rel}","templated":true}]}}