{"id":73716,"date":"2024-10-16T19:57:17","date_gmt":"2024-10-21T08:18:06","guid":{"rendered":"https:\/\/staging.nbg.eu\/product\/casio-gbd-800-1ber\/"},"modified":"2024-10-21T08:19:47","modified_gmt":"2024-10-21T08:19:47","slug":"casio-gbd-800-1ber","status":"publish","type":"product","link":"https:\/\/staging.nbg.eu\/pl\/produkt\/casio-gbd-800-1ber\/","title":{"rendered":"Casio GBD-800-1BER"},"content":{"rendered":"<h2>Zegarek sportowy Casio GBD-800-1BER G-SQUAD<\/h2>\n<p>Casio GBD-800-1BER to zegarek sportowy G-SQUAD przeznaczony dla sportowc\u00f3w i do codziennego u\u017cytku. Ten czarny zegarek posiada:<\/p>\n<ul>\n<li>Wielosegmentowy wy\u015bwietlacz cyfrowy<\/li>\n<li>\u0141\u0105czno\u015b\u0107 Bluetooth z aplikacj\u0105 CASIO WATCHES<\/li>\n<li>Tr\u00f3josiowy akcelerometr do liczenia krok\u00f3w<\/li>\n<li>Multi-Timer z mo\u017cliwo\u015bci\u0105 ustawienia do 20 kombinacji timer\u00f3w<\/li>\n<li>Pami\u0119\u0107 200 okr\u0105\u017ce\u0144 do \u015bledzenia trening\u00f3w<\/li>\n<li>Automatyczne pod\u015bwietlenie LED<\/li>\n<li>Regulowany pasek i skrzyde\u0142ka tylne dla wygody noszenia<\/li>\n<\/ul>\n<p>GBD-800-1BER \u0142\u0105czy w sobie design, wytrzyma\u0142\u0105 konstrukcj\u0119 i funkcje \u015bledzenia aktywno\u015bci fizycznej. Zegarek ten mo\u017ce by\u0107 u\u017cywany podczas \u0107wicze\u0144 na si\u0142owni lub na ulicy, pomagaj\u0105c w monitorowaniu post\u0119p\u00f3w treningowych.<\/p>\n","protected":false},"excerpt":{"rendered":"<p>Elegancki sportowy zegarek G-SHOCK z licznikiem krok\u00f3w i \u0142\u0105czno\u015bci\u0105 z aplikacj\u0105 na telefon.<\/p>\n","protected":false},"featured_media":100959,"template":"","meta":{"_acf_changed":false},"product_brand":[11211],"product_cat":[12613],"product_tag":[],"class_list":{"0":"post-73716","1":"product","2":"type-product","3":"status-publish","4":"has-post-thumbnail","6":"product_brand-casio","7":"product_cat-edc","9":"first","10":"instock","11":"taxable","12":"shipping-taxable","13":"purchasable","14":"product-type-simple"},"acf":[],"_links":{"self":[{"href":"https:\/\/staging.nbg.eu\/pl\/wp-json\/wp\/v2\/product\/73716","targetHints":{"allow":["GET"]}}],"collection":[{"href":"https:\/\/staging.nbg.eu\/pl\/wp-json\/wp\/v2\/product"}],"about":[{"href":"https:\/\/staging.nbg.eu\/pl\/wp-json\/wp\/v2\/types\/product"}],"wp:featuredmedia":[{"embeddable":true,"href":"https:\/\/staging.nbg.eu\/pl\/wp-json\/wp\/v2\/media\/100959"}],"wp:attachment":[{"href":"https:\/\/staging.nbg.eu\/pl\/wp-json\/wp\/v2\/media?parent=73716"}],"wp:term":[{"taxonomy":"product_brand","embeddable":true,"href":"https:\/\/staging.nbg.eu\/pl\/wp-json\/wp\/v2\/product_brand?post=73716"},{"taxonomy":"product_cat","embeddable":true,"href":"https:\/\/staging.nbg.eu\/pl\/wp-json\/wp\/v2\/product_cat?post=73716"},{"taxonomy":"product_tag","embeddable":true,"href":"https:\/\/staging.nbg.eu\/pl\/wp-json\/wp\/v2\/product_tag?post=73716"}],"curies":[{"name":"wp","href":"https:\/\/api.w.org\/{rel}","templated":true}]}}