{"id":68861,"date":"2023-11-26T19:05:46","date_gmt":"2024-09-20T12:58:45","guid":{"rendered":"https:\/\/staging.nbg.eu\/product\/geissele-super-duty-mod1-rifle-16-5-56mm-luna-black\/"},"modified":"2024-09-27T10:17:08","modified_gmt":"2024-09-27T10:17:08","slug":"geissele-super-duty-karabinek-16-556mm-luna-black","status":"publish","type":"product","link":"https:\/\/staging.nbg.eu\/pl\/produkt\/geissele-super-duty-karabinek-16-556mm-luna-black\/","title":{"rendered":"Geissele Super Duty Karabinek, 16&#8243;, 5.56MM- Luna Black"},"content":{"rendered":"<h2>Karabin Geissele Super Duty &#8211; 16&#8243; 5.56MM<\/h2>\n<p>Karabin Geissele Super Duty 16&#8243; w kalibrze 5.56 NATO \u0142\u0105czy zaawansowan\u0105 technologi\u0119 z wysok\u0105 jako\u015bci\u0105 wykonania.<\/p>\n<h2>G\u0142\u00f3wne cechy:<\/h2>\n<ul>\n<li>16&#8243; lufa kuta na zimno, chromowana (skok 1:7&#8243;)<\/li>\n<li>Wyprodukowany w zak\u0142adzie Geissele w North Wales, PA<\/li>\n<li>System gazowy d\u0142ugo\u015bci karabinka z kompaktowym blokiem gazowym<\/li>\n<li>15&#8243; szyna modu\u0142owa SMR MK16 z kompatybilno\u015bci\u0105 M-LOK<\/li>\n<li>Dolny odbiornik z aluminium 7075-T6 z zestawem cz\u0119\u015bci Ultra Duty<\/li>\n<li>Obustronny, konfigurowalny bezpiecznik<\/li>\n<li>Spr\u0119\u017cyna powrotna Super-42 i bufor H3<\/li>\n<\/ul>\n<h2>Specyfikacja:<\/h2>\n<ul>\n<li>Kaliber: 5.56 NATO<\/li>\n<li>Lufa: Geissele kuta na zimno, chromowana, skok 1\/7<\/li>\n<li>Odbiorniki: Kute 7075-T6, anodowane na twardo typ III<\/li>\n<li>Zesp\u00f3\u0142 zamka: REBCG (Ulepszony zesp\u00f3\u0142 zamka)<\/li>\n<li>Spust: SSA-X z \u0142ukiem Lightning<\/li>\n<li>Urz\u0105dzenie wylotowe: T\u0142umik p\u0142omienia Geissele Sparkout<\/li>\n<li>R\u0119koje\u015b\u0107 prze\u0142adowania: Airborne<\/li>\n<li>Kolor: DDC (Kolor pustynny)*<\/li>\n<\/ul>\n<p><em>*Uwaga: Odcie\u0144 anodowania DDC mo\u017ce si\u0119 r\u00f3\u017cni\u0107<\/em><\/p>\n<p>Karabin Geissele Super Duty to po\u0142\u0105czenie precyzji i niezawodno\u015bci w kompaktowym i wydajnym pakiecie.<\/p>\n","protected":false},"excerpt":{"rendered":"<p>Geissele Super Duty: 16-calowy karabin na nab\u00f3j 5,56 mm, zaawansowana technologia, precyzyjnie wykonany.<\/p>\n","protected":false},"featured_media":68862,"template":"","meta":{"_acf_changed":false},"product_brand":[11392],"product_cat":[12623],"product_tag":[],"class_list":{"0":"post-68861","1":"product","2":"type-product","3":"status-publish","4":"has-post-thumbnail","6":"product_brand-geissele","7":"product_cat-karabin","9":"first","10":"instock","11":"taxable","12":"shipping-taxable","13":"product-type-simple"},"acf":[],"_links":{"self":[{"href":"https:\/\/staging.nbg.eu\/pl\/wp-json\/wp\/v2\/product\/68861","targetHints":{"allow":["GET"]}}],"collection":[{"href":"https:\/\/staging.nbg.eu\/pl\/wp-json\/wp\/v2\/product"}],"about":[{"href":"https:\/\/staging.nbg.eu\/pl\/wp-json\/wp\/v2\/types\/product"}],"wp:featuredmedia":[{"embeddable":true,"href":"https:\/\/staging.nbg.eu\/pl\/wp-json\/wp\/v2\/media\/68862"}],"wp:attachment":[{"href":"https:\/\/staging.nbg.eu\/pl\/wp-json\/wp\/v2\/media?parent=68861"}],"wp:term":[{"taxonomy":"product_brand","embeddable":true,"href":"https:\/\/staging.nbg.eu\/pl\/wp-json\/wp\/v2\/product_brand?post=68861"},{"taxonomy":"product_cat","embeddable":true,"href":"https:\/\/staging.nbg.eu\/pl\/wp-json\/wp\/v2\/product_cat?post=68861"},{"taxonomy":"product_tag","embeddable":true,"href":"https:\/\/staging.nbg.eu\/pl\/wp-json\/wp\/v2\/product_tag?post=68861"}],"curies":[{"name":"wp","href":"https:\/\/api.w.org\/{rel}","templated":true}]}}