{"id":68379,"date":"2023-12-10T10:23:45","date_gmt":"2023-12-10T10:23:45","guid":{"rendered":"https:\/\/staging.nbg.eu\/product\/alg-defense-el-jefe-16-5-56mm-black\/"},"modified":"2025-02-07T08:23:17","modified_gmt":"2025-02-07T08:23:17","slug":"alg-defense-el-jefe-16-556mm-czarny","status":"publish","type":"product","link":"https:\/\/staging.nbg.eu\/pl\/produkt\/alg-defense-el-jefe-16-556mm-czarny\/","title":{"rendered":"ALG Defense El Jefe, 16&#8243;, 5.56MM &#8211; Czarny"},"content":{"rendered":"<h2>ALG Defense El Jefe, 16&#8243;, 5,56MM &#8211; Czarny<\/h2>\n<p>Karabin ALG Defense El Jefe to wyb\u00f3r dla strzelc\u00f3w poszukuj\u0105cych karabinu klasy Mil-Spec w przyst\u0119pnej cenie. Ten kompletny system karabinowy jest dostarczany z pasem i celownikiem kolimatorowym Warner &amp; Swasey.<\/p>\n<h2>G\u0142\u00f3wne cechy:<\/h2>\n<ul>\n<li>Odbiorniki z 7075 aluminium, kute i obrabiane CNC dla wytrzyma\u0142o\u015bci i lekkiej konstrukcji<\/li>\n<li>Wyko\u0144czenie anodowane Mil-Spec Type 3 w matowej czerni<\/li>\n<li>\u0141o\u017ce ALG V3X ze slotami M-LOK do r\u00f3\u017cnych opcji mocowania<\/li>\n<li>Kolba B5 Systems SOPMOD<\/li>\n<li>Spr\u0119\u017cyna buforowa Geissele Super 42 i bufor H1 dla niezawodnego cyklu pracy<\/li>\n<li>Zesp\u00f3\u0142 suwad\u0142a z zamkiem Mil-Spec z twardym chromowaniem<\/li>\n<li>Spust ALG Defense Advanced Combat Trigger (ACT)<\/li>\n<li>Gwintowana lufa z komor\u0105 5,56 NATO, chromowana<\/li>\n<li>Blok gazowy Geissele i przed\u0142u\u017cona rura gazowa \u015bredniej d\u0142ugo\u015bci<\/li>\n<li>Zawiera pas no\u015bny M4 Mil-Spec i obrotnice QD<\/li>\n<li>Celownik kolimatorowy Warner and Swasey 3 MOA z wbudowanymi mechanicznymi przyrz\u0105dami celowniczymi<\/li>\n<\/ul>\n<p>El Jefe \u0142\u0105czy wysokiej jako\u015bci komponenty i fachowe wykonanie, zapewniaj\u0105c niezawodny, dok\u0142adny i trwa\u0142y karabin odpowiedni do strzelectwa sportowego, organ\u00f3w \u015bcigania i obrony domowej. Dzi\u0119ki swojej konstrukcji i do\u0142\u0105czonym akcesoriom, ALG Defense El Jefe jest godny swojej nazwy jako &#8222;Szef&#8221; w\u015br\u00f3d przyst\u0119pnych cenowo karabin\u00f3w AR-15.<\/p>\n","protected":false},"excerpt":{"rendered":"<p>ALG Defense El Jefe: Wysokiej jako\u015bci karabin AR-15 kalibru 5,56 mm z najlepszymi funkcjami.<\/p>\n","protected":false},"featured_media":68380,"template":"","meta":{"_acf_changed":false},"product_brand":[11392],"product_cat":[12623],"product_tag":[],"class_list":{"0":"post-68379","1":"product","2":"type-product","3":"status-publish","4":"has-post-thumbnail","6":"product_brand-geissele","7":"product_cat-karabin","9":"first","10":"instock","11":"taxable","12":"shipping-taxable","13":"product-type-simple"},"acf":[],"_links":{"self":[{"href":"https:\/\/staging.nbg.eu\/pl\/wp-json\/wp\/v2\/product\/68379","targetHints":{"allow":["GET"]}}],"collection":[{"href":"https:\/\/staging.nbg.eu\/pl\/wp-json\/wp\/v2\/product"}],"about":[{"href":"https:\/\/staging.nbg.eu\/pl\/wp-json\/wp\/v2\/types\/product"}],"wp:featuredmedia":[{"embeddable":true,"href":"https:\/\/staging.nbg.eu\/pl\/wp-json\/wp\/v2\/media\/68380"}],"wp:attachment":[{"href":"https:\/\/staging.nbg.eu\/pl\/wp-json\/wp\/v2\/media?parent=68379"}],"wp:term":[{"taxonomy":"product_brand","embeddable":true,"href":"https:\/\/staging.nbg.eu\/pl\/wp-json\/wp\/v2\/product_brand?post=68379"},{"taxonomy":"product_cat","embeddable":true,"href":"https:\/\/staging.nbg.eu\/pl\/wp-json\/wp\/v2\/product_cat?post=68379"},{"taxonomy":"product_tag","embeddable":true,"href":"https:\/\/staging.nbg.eu\/pl\/wp-json\/wp\/v2\/product_tag?post=68379"}],"curies":[{"name":"wp","href":"https:\/\/api.w.org\/{rel}","templated":true}]}}