{"id":68196,"date":"2024-01-30T18:09:06","date_gmt":"2024-09-20T12:20:20","guid":{"rendered":"https:\/\/staging.nbg.eu\/product\/surefire-m640dft-pro\/"},"modified":"2024-09-20T12:21:19","modified_gmt":"2024-09-20T12:21:19","slug":"surefire-m640dft-pro","status":"publish","type":"product","link":"https:\/\/staging.nbg.eu\/pl\/produkt\/surefire-m640dft-pro\/","title":{"rendered":"SureFire M640DFT-PRO"},"content":{"rendered":"<div class=\"product-description\">\n<h2>SureFire M640DFT-PRO Turbo Scout Light Pro<\/h2>\n<p>M640DFT-PRO Turbo Scout Light Pro oferuje nast\u0119puj\u0105ce cechy:<\/p>\n<ul>\n<li>100 000 kandeli intensywno\u015bci szczytowej wi\u0105zki z do\u0142\u0105czon\u0105 bateri\u0105 SF18650B<\/li>\n<li>Wz\u00f3r wi\u0105zki turbo do identyfikacji cel\u00f3w na du\u017cych odleg\u0142o\u015bciach<\/li>\n<li>Mocowanie niskoprofilowe (kompatybilne z MIL-STD-1913 i M-LOK)<\/li>\n<li>Mo\u017cliwo\u015b\u0107 zasilania: akumulator SF18650B lub dwie baterie litowe 123A<\/li>\n<li>Wytrzyma\u0142o\u015b\u0107 i opcje zdalnego prze\u0142\u0105czania<\/li>\n<\/ul>\n<p>Wykonana z lekkiego aluminium lotniczego i anodowana zgodnie ze specyfikacj\u0105 wojskow\u0105, ta latarka taktyczna z uszczelnieniem O-ring jest przeznaczona do zastosowa\u0144 dalekiego zasi\u0119gu.<\/p>\n<\/div>\n","protected":false},"excerpt":{"rendered":"<p>Taktyczna latarka o du\u017cej mocy z wi\u0105zk\u0105 \u015bwiat\u0142a o nat\u0119\u017ceniu 100 000 kandeli do u\u017cytku na du\u017cych odleg\u0142o\u015bciach.<\/p>\n","protected":false},"featured_media":68197,"template":"","meta":{"_acf_changed":false},"product_brand":[11876],"product_cat":[12623,12614,12574],"product_tag":[],"class_list":{"0":"post-68196","1":"product","2":"type-product","3":"status-publish","4":"has-post-thumbnail","6":"product_brand-surefire","7":"product_cat-karabin","8":"product_cat-latarki","9":"product_cat-latarki-karabinowe","11":"first","12":"instock","13":"taxable","14":"shipping-taxable","15":"purchasable","16":"product-type-variable","17":"wvs-archive-product-wrapper"},"acf":[],"_links":{"self":[{"href":"https:\/\/staging.nbg.eu\/pl\/wp-json\/wp\/v2\/product\/68196","targetHints":{"allow":["GET"]}}],"collection":[{"href":"https:\/\/staging.nbg.eu\/pl\/wp-json\/wp\/v2\/product"}],"about":[{"href":"https:\/\/staging.nbg.eu\/pl\/wp-json\/wp\/v2\/types\/product"}],"wp:featuredmedia":[{"embeddable":true,"href":"https:\/\/staging.nbg.eu\/pl\/wp-json\/wp\/v2\/media\/68197"}],"wp:attachment":[{"href":"https:\/\/staging.nbg.eu\/pl\/wp-json\/wp\/v2\/media?parent=68196"}],"wp:term":[{"taxonomy":"product_brand","embeddable":true,"href":"https:\/\/staging.nbg.eu\/pl\/wp-json\/wp\/v2\/product_brand?post=68196"},{"taxonomy":"product_cat","embeddable":true,"href":"https:\/\/staging.nbg.eu\/pl\/wp-json\/wp\/v2\/product_cat?post=68196"},{"taxonomy":"product_tag","embeddable":true,"href":"https:\/\/staging.nbg.eu\/pl\/wp-json\/wp\/v2\/product_tag?post=68196"}],"curies":[{"name":"wp","href":"https:\/\/api.w.org\/{rel}","templated":true}]}}