{"id":67923,"date":"2024-01-13T10:41:33","date_gmt":"2024-09-20T12:17:52","guid":{"rendered":"https:\/\/staging.nbg.eu\/product\/surefire-m340dft-pro\/"},"modified":"2024-09-20T12:18:52","modified_gmt":"2024-09-20T12:18:52","slug":"surefire-m340dft-pro","status":"publish","type":"product","link":"https:\/\/staging.nbg.eu\/pl\/produkt\/surefire-m340dft-pro\/","title":{"rendered":"SureFire M340DFT-PRO"},"content":{"rendered":"<div class=\"product-description\">\n<h2>SureFire M340DFT-PRO Turbo Mini Scout Light Pro<\/h2>\n<p>M340DFT-PRO oferuje:<\/p>\n<ul>\n<li>95 000 kandeli szczytowej intensywno\u015bci wi\u0105zki z do\u0142\u0105czon\u0105 bateri\u0105 SF18350<\/li>\n<li>Wz\u00f3r wi\u0105zki Turbo do identyfikacji cel\u00f3w na du\u017cych odleg\u0142o\u015bciach<\/li>\n<li>Uniwersalny monta\u017c niskoprofilowy<\/li>\n<li>Mo\u017cliwo\u015b\u0107 zasilania akumulatorem SF18350 lub bateri\u0105 litow\u0105 123A<\/li>\n<li>Trwa\u0142o\u015b\u0107 i opcje zdalnego prze\u0142\u0105czania<\/li>\n<\/ul>\n<p>M340DFT-PRO ma reflektor zapewniaj\u0105cy skoncentrowan\u0105 wi\u0105zk\u0119, odpowiedni do zastosowa\u0144 d\u0142ugodystansowych. Wykonany z aluminium lotniczego z anodowaniem twardym zgodnym ze specyfikacj\u0105 wojskow\u0105, jest odporny na trudne warunki.<\/p>\n<\/div>\n","protected":false},"excerpt":{"rendered":"<p>Kompaktowa, wysokiej mocy latarka taktyczna o szczytowym nat\u0119\u017ceniu wi\u0105zki \u015bwiat\u0142a wynosz\u0105cym 95 000 kandeli.<\/p>\n","protected":false},"featured_media":67924,"template":"","meta":{"_acf_changed":false},"product_brand":[11876],"product_cat":[12623,12614,12574],"product_tag":[],"class_list":{"0":"post-67923","1":"product","2":"type-product","3":"status-publish","4":"has-post-thumbnail","6":"product_brand-surefire","7":"product_cat-karabin","8":"product_cat-latarki","9":"product_cat-latarki-karabinowe","11":"first","12":"instock","13":"taxable","14":"shipping-taxable","15":"purchasable","16":"product-type-variable","17":"wvs-archive-product-wrapper"},"acf":[],"_links":{"self":[{"href":"https:\/\/staging.nbg.eu\/pl\/wp-json\/wp\/v2\/product\/67923","targetHints":{"allow":["GET"]}}],"collection":[{"href":"https:\/\/staging.nbg.eu\/pl\/wp-json\/wp\/v2\/product"}],"about":[{"href":"https:\/\/staging.nbg.eu\/pl\/wp-json\/wp\/v2\/types\/product"}],"wp:featuredmedia":[{"embeddable":true,"href":"https:\/\/staging.nbg.eu\/pl\/wp-json\/wp\/v2\/media\/67924"}],"wp:attachment":[{"href":"https:\/\/staging.nbg.eu\/pl\/wp-json\/wp\/v2\/media?parent=67923"}],"wp:term":[{"taxonomy":"product_brand","embeddable":true,"href":"https:\/\/staging.nbg.eu\/pl\/wp-json\/wp\/v2\/product_brand?post=67923"},{"taxonomy":"product_cat","embeddable":true,"href":"https:\/\/staging.nbg.eu\/pl\/wp-json\/wp\/v2\/product_cat?post=67923"},{"taxonomy":"product_tag","embeddable":true,"href":"https:\/\/staging.nbg.eu\/pl\/wp-json\/wp\/v2\/product_tag?post=67923"}],"curies":[{"name":"wp","href":"https:\/\/api.w.org\/{rel}","templated":true}]}}