{"id":67658,"date":"2024-01-13T11:48:33","date_gmt":"2024-01-13T11:48:33","guid":{"rendered":"https:\/\/staging.nbg.eu\/product\/surefire-m340v-pro\/"},"modified":"2024-09-20T12:16:22","modified_gmt":"2024-09-20T12:16:22","slug":"surefire-m340v-pro","status":"publish","type":"product","link":"https:\/\/staging.nbg.eu\/pl\/produkt\/surefire-m340v-pro\/","title":{"rendered":"SureFire M340V-PRO"},"content":{"rendered":"<div class=\"product-description\">\n<h2>Mini Scout Light Pro na podczerwie\u0144<\/h2>\n<p>Jednokomorowa latarka Scout Light Pro oferuje:<\/p>\n<ul>\n<li>250 lumen\u00f3w bia\u0142ego \u015bwiat\u0142a i 100 mW mocy wyj\u015bciowej w podczerwieni<\/li>\n<li>Hybrydowy wz\u00f3r wi\u0105zki do identyfikacji cel\u00f3w i \u015bwiadomo\u015bci sytuacyjnej na \u015brednim i dalekim zasi\u0119gu<\/li>\n<li>Nowe mocowanie o niskim profilu dla optymalnego pozycjonowania i kompatybilno\u015bci z akcesoriami<\/li>\n<li>\u0141atwe prze\u0142\u0105czanie mi\u0119dzy bia\u0142ym \u015bwiat\u0142em, wy\u0142\u0105czeniem i podczerwieni\u0105<\/li>\n<li>Konstrukcja z aluminium lotniczego z twardym anodowaniem wg specyfikacji wojskowych<\/li>\n<li>Zasilanie jedn\u0105 bateri\u0105 litow\u0105 123A<\/li>\n<li>Kompatybilna z szynami MIL-STD-1913 i M-LOK<\/li>\n<\/ul>\n<p>Zaprojektowana do u\u017cytku w trudnych warunkach, ta kompaktowa latarka jest przydatna w sytuacjach s\u0142abego o\u015bwietlenia.<\/p>\n<\/div>\n","protected":false},"excerpt":{"rendered":"<p>Kompaktowa latarka taktyczna o mocy 250 lumen\u00f3w \u015bwiat\u0142a bia\u0142ego i 100 mW podczerwieni.<\/p>\n","protected":false},"featured_media":67659,"template":"","meta":{"_acf_changed":false},"product_brand":[11876],"product_cat":[12623,12614,12574],"product_tag":[],"class_list":{"0":"post-67658","1":"product","2":"type-product","3":"status-publish","4":"has-post-thumbnail","6":"product_brand-surefire","7":"product_cat-karabin","8":"product_cat-latarki","9":"product_cat-latarki-karabinowe","11":"first","12":"instock","13":"taxable","14":"shipping-taxable","15":"purchasable","16":"product-type-simple"},"acf":[],"_links":{"self":[{"href":"https:\/\/staging.nbg.eu\/pl\/wp-json\/wp\/v2\/product\/67658","targetHints":{"allow":["GET"]}}],"collection":[{"href":"https:\/\/staging.nbg.eu\/pl\/wp-json\/wp\/v2\/product"}],"about":[{"href":"https:\/\/staging.nbg.eu\/pl\/wp-json\/wp\/v2\/types\/product"}],"wp:featuredmedia":[{"embeddable":true,"href":"https:\/\/staging.nbg.eu\/pl\/wp-json\/wp\/v2\/media\/67659"}],"wp:attachment":[{"href":"https:\/\/staging.nbg.eu\/pl\/wp-json\/wp\/v2\/media?parent=67658"}],"wp:term":[{"taxonomy":"product_brand","embeddable":true,"href":"https:\/\/staging.nbg.eu\/pl\/wp-json\/wp\/v2\/product_brand?post=67658"},{"taxonomy":"product_cat","embeddable":true,"href":"https:\/\/staging.nbg.eu\/pl\/wp-json\/wp\/v2\/product_cat?post=67658"},{"taxonomy":"product_tag","embeddable":true,"href":"https:\/\/staging.nbg.eu\/pl\/wp-json\/wp\/v2\/product_tag?post=67658"}],"curies":[{"name":"wp","href":"https:\/\/api.w.org\/{rel}","templated":true}]}}