{"id":67485,"date":"2024-01-13T12:03:58","date_gmt":"2024-09-20T12:08:02","guid":{"rendered":"https:\/\/staging.nbg.eu\/product\/surefire-ds00\/"},"modified":"2024-09-20T12:09:00","modified_gmt":"2024-09-20T12:09:00","slug":"surefire-ds00","status":"publish","type":"product","link":"https:\/\/staging.nbg.eu\/pl\/produkt\/surefire-ds00\/","title":{"rendered":"SureFire DS00"},"content":{"rendered":"<p>\nSureFire DS00 to wodoodporny zesp\u00f3\u0142 prze\u0142\u0105cznik\u00f3w do wi\u0119kszo\u015bci latarek Scout Light\u00ae. Cechy:<\/p>\n<ul>\n<li>Niezale\u017cna obs\u0142uga prze\u0142\u0105cznika zintegrowanego i zdalnego<\/li>\n<li>Kompatybilno\u015b\u0107 z r\u00f3\u017cnymi zdalnymi prze\u0142\u0105cznikami ta\u015bmowymi SureFire<\/li>\n<li>Przyciskowy w\u0142\u0105cznik\/wy\u0142\u0105cznik<\/li>\n<li>Funkcja wy\u0142\u0105czania systemu<\/li>\n<li>Redundancja prze\u0142\u0105cznik\u00f3w dla niezawodno\u015bci<\/li>\n<\/ul>\n<p>DS00 zwi\u0119ksza funkcjonalno\u015b\u0107 latarki (Niekompatybilny z Micro Scout Light Pro).<\/p>\n","protected":false},"excerpt":{"rendered":"<p>Wszechstronny prze\u0142\u0105cznik do latarek broni SureFire z podw\u00f3jnym trybem dzia\u0142ania.<\/p>\n","protected":false},"featured_media":67486,"template":"","meta":{"_acf_changed":false},"product_brand":[11876],"product_cat":[12638,12623,12614],"product_tag":[],"class_list":{"0":"post-67485","1":"product","2":"type-product","3":"status-publish","4":"has-post-thumbnail","6":"product_brand-surefire","7":"product_cat-akcesoria-do-latarek","8":"product_cat-karabin","9":"product_cat-latarki","11":"first","12":"instock","13":"taxable","14":"shipping-taxable","15":"purchasable","16":"product-type-variable","17":"wvs-archive-product-wrapper"},"acf":[],"_links":{"self":[{"href":"https:\/\/staging.nbg.eu\/pl\/wp-json\/wp\/v2\/product\/67485","targetHints":{"allow":["GET"]}}],"collection":[{"href":"https:\/\/staging.nbg.eu\/pl\/wp-json\/wp\/v2\/product"}],"about":[{"href":"https:\/\/staging.nbg.eu\/pl\/wp-json\/wp\/v2\/types\/product"}],"wp:featuredmedia":[{"embeddable":true,"href":"https:\/\/staging.nbg.eu\/pl\/wp-json\/wp\/v2\/media\/67486"}],"wp:attachment":[{"href":"https:\/\/staging.nbg.eu\/pl\/wp-json\/wp\/v2\/media?parent=67485"}],"wp:term":[{"taxonomy":"product_brand","embeddable":true,"href":"https:\/\/staging.nbg.eu\/pl\/wp-json\/wp\/v2\/product_brand?post=67485"},{"taxonomy":"product_cat","embeddable":true,"href":"https:\/\/staging.nbg.eu\/pl\/wp-json\/wp\/v2\/product_cat?post=67485"},{"taxonomy":"product_tag","embeddable":true,"href":"https:\/\/staging.nbg.eu\/pl\/wp-json\/wp\/v2\/product_tag?post=67485"}],"curies":[{"name":"wp","href":"https:\/\/api.w.org\/{rel}","templated":true}]}}