{"id":67399,"date":"2024-01-13T12:20:15","date_gmt":"2024-09-20T12:06:42","guid":{"rendered":"https:\/\/staging.nbg.eu\/product\/surefire-ue-sr07-scout-light-remote-switch\/"},"modified":"2024-09-20T12:07:40","modified_gmt":"2024-09-20T12:07:40","slug":"surefire-ue-sr07-zdalny-przelacznik-scout-light","status":"publish","type":"product","link":"https:\/\/staging.nbg.eu\/pl\/produkt\/surefire-ue-sr07-zdalny-przelacznik-scout-light\/","title":{"rendered":"SureFire UE-SR07 Zdalny Prze\u0142\u0105cznik Scout Light"},"content":{"rendered":"<p>\nPrze\u0142\u0105cznik zdalny SureFire UE-SR07 SCOUT LIGHT oferuje:<\/p>\n<ul>\n<li>Wtykowy prze\u0142\u0105cznik zdalny SR07 z chwilowym przyciskiem i w\u0142\u0105cznikiem\/wy\u0142\u0105cznikiem<\/li>\n<li>Obudowa kompatybilna z MIL-STD-1913<\/li>\n<li>Przycisk ci\u015bnieniowy mocowany na szynach Picatinny<\/li>\n<li>Funkcja wy\u0142\u0105czania systemu<\/li>\n<li>Pe\u0142na kontrola prze\u0142\u0105czania z nasadk\u0105 UE<\/li>\n<\/ul>\n","protected":false},"excerpt":{"rendered":"<p>Zdalny w\u0142\u0105cznik do latarki SureFire Scout Light: Sterowanie chwilowe i sta\u0142e.<\/p>\n","protected":false},"featured_media":67400,"template":"","meta":{"_acf_changed":false},"product_brand":[11876],"product_cat":[],"product_tag":[],"class_list":{"0":"post-67399","1":"product","2":"type-product","3":"status-publish","4":"has-post-thumbnail","6":"product_brand-surefire","8":"first","9":"outofstock","10":"taxable","11":"shipping-taxable","12":"product-type-variable","13":"wvs-archive-product-wrapper"},"acf":[],"_links":{"self":[{"href":"https:\/\/staging.nbg.eu\/pl\/wp-json\/wp\/v2\/product\/67399","targetHints":{"allow":["GET"]}}],"collection":[{"href":"https:\/\/staging.nbg.eu\/pl\/wp-json\/wp\/v2\/product"}],"about":[{"href":"https:\/\/staging.nbg.eu\/pl\/wp-json\/wp\/v2\/types\/product"}],"wp:featuredmedia":[{"embeddable":true,"href":"https:\/\/staging.nbg.eu\/pl\/wp-json\/wp\/v2\/media\/67400"}],"wp:attachment":[{"href":"https:\/\/staging.nbg.eu\/pl\/wp-json\/wp\/v2\/media?parent=67399"}],"wp:term":[{"taxonomy":"product_brand","embeddable":true,"href":"https:\/\/staging.nbg.eu\/pl\/wp-json\/wp\/v2\/product_brand?post=67399"},{"taxonomy":"product_cat","embeddable":true,"href":"https:\/\/staging.nbg.eu\/pl\/wp-json\/wp\/v2\/product_cat?post=67399"},{"taxonomy":"product_tag","embeddable":true,"href":"https:\/\/staging.nbg.eu\/pl\/wp-json\/wp\/v2\/product_tag?post=67399"}],"curies":[{"name":"wp","href":"https:\/\/api.w.org\/{rel}","templated":true}]}}