{"id":67327,"date":"2024-01-13T12:52:23","date_gmt":"2024-09-20T12:05:23","guid":{"rendered":"https:\/\/staging.nbg.eu\/product\/surefire-sr07-weaponlight-switch\/"},"modified":"2024-09-20T12:06:19","modified_gmt":"2024-09-20T12:06:19","slug":"surefire-sr07-przelacznik-do-latarki-broni","status":"publish","type":"product","link":"https:\/\/staging.nbg.eu\/pl\/produkt\/surefire-sr07-przelacznik-do-latarki-broni\/","title":{"rendered":"SureFire SR07 Prze\u0142\u0105cznik do Latarki Broni"},"content":{"rendered":"<p>\nSureFire SR07 zapewnia zdalne sterowanie dla latarek SureFire WeaponLights. Cechy:<\/p>\n<ul>\n<li>Przycisk chwilowy<\/li>\n<li>Prze\u0142\u0105cznik sta\u0142y<\/li>\n<li>Kabel o d\u0142ugo\u015bci 18 cm<\/li>\n<li>Zacisk do szyny Picatinny<\/li>\n<\/ul>\n<p>Dodaje podw\u00f3jne sterowanie do broni.<\/p>\n","protected":false},"excerpt":{"rendered":"<p>Zdalny podw\u00f3jny prze\u0142\u0105cznik do latarek broniowych SureFire. Mo\u017cliwo\u015b\u0107 monta\u017cu na szynie.<\/p>\n","protected":false},"featured_media":67328,"template":"","meta":{"_acf_changed":false},"product_brand":[11876],"product_cat":[12638,12623,12614],"product_tag":[],"class_list":{"0":"post-67327","1":"product","2":"type-product","3":"status-publish","4":"has-post-thumbnail","6":"product_brand-surefire","7":"product_cat-akcesoria-do-latarek","8":"product_cat-karabin","9":"product_cat-latarki","11":"first","12":"instock","13":"taxable","14":"shipping-taxable","15":"purchasable","16":"product-type-simple"},"acf":[],"_links":{"self":[{"href":"https:\/\/staging.nbg.eu\/pl\/wp-json\/wp\/v2\/product\/67327","targetHints":{"allow":["GET"]}}],"collection":[{"href":"https:\/\/staging.nbg.eu\/pl\/wp-json\/wp\/v2\/product"}],"about":[{"href":"https:\/\/staging.nbg.eu\/pl\/wp-json\/wp\/v2\/types\/product"}],"wp:featuredmedia":[{"embeddable":true,"href":"https:\/\/staging.nbg.eu\/pl\/wp-json\/wp\/v2\/media\/67328"}],"wp:attachment":[{"href":"https:\/\/staging.nbg.eu\/pl\/wp-json\/wp\/v2\/media?parent=67327"}],"wp:term":[{"taxonomy":"product_brand","embeddable":true,"href":"https:\/\/staging.nbg.eu\/pl\/wp-json\/wp\/v2\/product_brand?post=67327"},{"taxonomy":"product_cat","embeddable":true,"href":"https:\/\/staging.nbg.eu\/pl\/wp-json\/wp\/v2\/product_cat?post=67327"},{"taxonomy":"product_tag","embeddable":true,"href":"https:\/\/staging.nbg.eu\/pl\/wp-json\/wp\/v2\/product_tag?post=67327"}],"curies":[{"name":"wp","href":"https:\/\/api.w.org\/{rel}","templated":true}]}}