{"id":67285,"date":"2024-01-13T13:21:56","date_gmt":"2024-09-20T12:04:09","guid":{"rendered":"https:\/\/staging.nbg.eu\/product\/surefire-switch-st07\/"},"modified":"2024-09-20T12:05:04","modified_gmt":"2024-09-20T12:05:04","slug":"surefire-switch-st07","status":"publish","type":"product","link":"https:\/\/staging.nbg.eu\/pl\/produkt\/surefire-switch-st07\/","title":{"rendered":"SureFire Switch ST07"},"content":{"rendered":"<p>\nPrze\u0142\u0105cznik SureFire Switch ST07 umo\u017cliwia zdalne aktywowanie kompatybilnych latarek broni. Cechy:<\/p>\n<ul>\n<li>Kabel o d\u0142ugo\u015bci 17,8 cm do u\u017cytku z karabinami<\/li>\n<li>Wtyczka uszczelniona o-ringiem dla odporno\u015bci na warunki atmosferyczne<\/li>\n<li>Mocowanie na rzep dla r\u00f3\u017cnorodnego pozycjonowania<\/li>\n<\/ul>\n<p>Ten wytrzyma\u0142y prze\u0142\u0105cznik zdalny poprawia kontrol\u0119 taktyczn\u0105.<\/p>\n","protected":false},"excerpt":{"rendered":"<p>Zdalny w\u0142\u0105cznik do latarek SureFire WeaponLights. Kabel o d\u0142ugo\u015bci 17,8 cm, wodoodporny.<\/p>\n","protected":false},"featured_media":67286,"template":"","meta":{"_acf_changed":false},"product_brand":[11876],"product_cat":[12638,12623,12614],"product_tag":[],"class_list":{"0":"post-67285","1":"product","2":"type-product","3":"status-publish","4":"has-post-thumbnail","6":"product_brand-surefire","7":"product_cat-akcesoria-do-latarek","8":"product_cat-karabin","9":"product_cat-latarki","11":"first","12":"instock","13":"taxable","14":"shipping-taxable","15":"purchasable","16":"product-type-simple"},"acf":[],"_links":{"self":[{"href":"https:\/\/staging.nbg.eu\/pl\/wp-json\/wp\/v2\/product\/67285","targetHints":{"allow":["GET"]}}],"collection":[{"href":"https:\/\/staging.nbg.eu\/pl\/wp-json\/wp\/v2\/product"}],"about":[{"href":"https:\/\/staging.nbg.eu\/pl\/wp-json\/wp\/v2\/types\/product"}],"wp:featuredmedia":[{"embeddable":true,"href":"https:\/\/staging.nbg.eu\/pl\/wp-json\/wp\/v2\/media\/67286"}],"wp:attachment":[{"href":"https:\/\/staging.nbg.eu\/pl\/wp-json\/wp\/v2\/media?parent=67285"}],"wp:term":[{"taxonomy":"product_brand","embeddable":true,"href":"https:\/\/staging.nbg.eu\/pl\/wp-json\/wp\/v2\/product_brand?post=67285"},{"taxonomy":"product_cat","embeddable":true,"href":"https:\/\/staging.nbg.eu\/pl\/wp-json\/wp\/v2\/product_cat?post=67285"},{"taxonomy":"product_tag","embeddable":true,"href":"https:\/\/staging.nbg.eu\/pl\/wp-json\/wp\/v2\/product_tag?post=67285"}],"curies":[{"name":"wp","href":"https:\/\/api.w.org\/{rel}","templated":true}]}}