{"id":66416,"date":"2024-01-16T19:29:25","date_gmt":"2024-09-20T11:51:12","guid":{"rendered":"https:\/\/staging.nbg.eu\/product\/surefire-x300t-b-weaponlight\/"},"modified":"2024-09-20T11:52:10","modified_gmt":"2024-09-20T11:52:10","slug":"latarka-taktyczna-surefire-x300t-b","status":"publish","type":"product","link":"https:\/\/staging.nbg.eu\/pl\/produkt\/latarka-taktyczna-surefire-x300t-b\/","title":{"rendered":"Latarka Taktyczna SureFire X300T-B"},"content":{"rendered":"<div class=\"product-description\">\n<h2>SureFire X300T-B WEAPONLIGHT<\/h2>\n<p>SureFire X300T-B WEAPONLIGHT to o\u015bwietlenie dla profesjonalist\u00f3w. Ta wersja Turbo Series popularnego o\u015bwietlenia do broni X300 oferuje:<\/p>\n<ul>\n<li>Intensywno\u015b\u0107 wi\u0105zki \u015bwiat\u0142a 66 000 kandeli<\/li>\n<li>650 lumen\u00f3w bia\u0142ego \u015bwiat\u0142a<\/li>\n<li>Wz\u00f3r wi\u0105zki Turbo do identyfikacji cel\u00f3w na du\u017cych odleg\u0142o\u015bciach<\/li>\n<li>1,5 godziny pracy na dw\u00f3ch do\u0142\u0105czonych bateriach litowych 123A<\/li>\n<\/ul>\n<p>X300T-B posiada:<\/p>\n<ul>\n<li>Mocowanie na \u015brub\u0119 do szyn Universal i Picatinny<\/li>\n<li>Prze\u0142\u0105cznik obustronny do szybkiej aktywacji<\/li>\n<li>Kompatybilno\u015b\u0107 z istniej\u0105cymi kaburami X300U-B<\/li>\n<li>Korpus z aluminium lotniczego z anodowanym wyko\u0144czeniem<\/li>\n<li>Wodoodporno\u015b\u0107 IPX7 (do 1 metra przez 30 minut)<\/li>\n<\/ul>\n<p>Specyfikacja:<\/p>\n<ul>\n<li>D\u0142ugo\u015b\u0107: 9,55 cm<\/li>\n<li>Waga z bateriami: 124,7 g<\/li>\n<li>\u015arednica g\u0142owicy: 2,9 cm<\/li>\n<li>Efektywny zasi\u0119g: 514 metr\u00f3w<\/li>\n<\/ul>\n<p>SureFire X300T-B WEAPONLIGHT zapewnia wydajno\u015b\u0107 i niezawodno\u015b\u0107 w krytycznych sytuacjach.<\/p>\n<\/div>\n","protected":false},"excerpt":{"rendered":"<p>Pot\u0119\u017cna latarka taktyczna o mocy 650 lumen\u00f3w, z wi\u0105zk\u0105 \u015bwiat\u0142a o nat\u0119\u017ceniu 66 000 kandeli, zapewniaj\u0105ca identyfikacj\u0119 cel\u00f3w na ekstremalnych odleg\u0142o\u015bciach.<\/p>\n","protected":false},"featured_media":83176,"template":"","meta":{"_acf_changed":false},"product_brand":[11876],"product_cat":[12614,12607,12580],"product_tag":[],"class_list":{"0":"post-66416","1":"product","2":"type-product","3":"status-publish","4":"has-post-thumbnail","6":"product_brand-surefire","7":"product_cat-latarki","8":"product_cat-latarki-do-pistoletu","9":"product_cat-pistolet","11":"first","12":"instock","13":"taxable","14":"shipping-taxable","15":"purchasable","16":"product-type-variable","17":"wvs-archive-product-wrapper"},"acf":[],"_links":{"self":[{"href":"https:\/\/staging.nbg.eu\/pl\/wp-json\/wp\/v2\/product\/66416","targetHints":{"allow":["GET"]}}],"collection":[{"href":"https:\/\/staging.nbg.eu\/pl\/wp-json\/wp\/v2\/product"}],"about":[{"href":"https:\/\/staging.nbg.eu\/pl\/wp-json\/wp\/v2\/types\/product"}],"wp:featuredmedia":[{"embeddable":true,"href":"https:\/\/staging.nbg.eu\/pl\/wp-json\/wp\/v2\/media\/83176"}],"wp:attachment":[{"href":"https:\/\/staging.nbg.eu\/pl\/wp-json\/wp\/v2\/media?parent=66416"}],"wp:term":[{"taxonomy":"product_brand","embeddable":true,"href":"https:\/\/staging.nbg.eu\/pl\/wp-json\/wp\/v2\/product_brand?post=66416"},{"taxonomy":"product_cat","embeddable":true,"href":"https:\/\/staging.nbg.eu\/pl\/wp-json\/wp\/v2\/product_cat?post=66416"},{"taxonomy":"product_tag","embeddable":true,"href":"https:\/\/staging.nbg.eu\/pl\/wp-json\/wp\/v2\/product_tag?post=66416"}],"curies":[{"name":"wp","href":"https:\/\/api.w.org\/{rel}","templated":true}]}}