{"id":66265,"date":"2024-01-18T13:56:08","date_gmt":"2024-09-20T11:48:39","guid":{"rendered":"https:\/\/staging.nbg.eu\/product\/surefire-switch-assembly-z-xbc\/"},"modified":"2024-09-20T11:49:39","modified_gmt":"2024-09-20T11:49:39","slug":"zespol-przelacznika-surefire-z-xbc","status":"publish","type":"product","link":"https:\/\/staging.nbg.eu\/pl\/produkt\/zespol-przelacznika-surefire-z-xbc\/","title":{"rendered":"Zesp\u00f3\u0142 Prze\u0142\u0105cznika SureFire Z-XBC"},"content":{"rendered":"<p>\nZesp\u00f3\u0142 prze\u0142\u0105cznika SureFire Z-XBC to fabryczny zamiennik prze\u0142\u0105cznika dla latarek broni X300, X400 i XH30. Cechy obejmuj\u0105:<\/p>\n<ul>\n<li>Obustronny podw\u00f3jny prze\u0142\u0105cznik chwilowy i sta\u0142y<\/li>\n<li>Konstrukcja z trwa\u0142ego polimeru<\/li>\n<li>Dost\u0119pny w kolorze czarnym lub piaskowym<\/li>\n<\/ul>\n<p>Niekompatybilny z latark\u0105 broni XH50G. Upewnij si\u0119, \u017ce u\u017cywasz odpowiedniego prze\u0142\u0105cznika do swojej latarki broni SureFire.<\/p>\n","protected":false},"excerpt":{"rendered":"<p>Zamiennik prze\u0142\u0105cznika do latarek taktycznych SureFire X300\/X400\/XH30. Tryb dwufunkcyjny.<\/p>\n","protected":false},"featured_media":66266,"template":"","meta":{"_acf_changed":false},"product_brand":[11876],"product_cat":[12638,12614,12607,12580],"product_tag":[],"class_list":{"0":"post-66265","1":"product","2":"type-product","3":"status-publish","4":"has-post-thumbnail","6":"product_brand-surefire","7":"product_cat-akcesoria-do-latarek","8":"product_cat-latarki","9":"product_cat-latarki-do-pistoletu","10":"product_cat-pistolet","12":"first","13":"instock","14":"taxable","15":"shipping-taxable","16":"purchasable","17":"product-type-variable","18":"wvs-archive-product-wrapper"},"acf":[],"_links":{"self":[{"href":"https:\/\/staging.nbg.eu\/pl\/wp-json\/wp\/v2\/product\/66265","targetHints":{"allow":["GET"]}}],"collection":[{"href":"https:\/\/staging.nbg.eu\/pl\/wp-json\/wp\/v2\/product"}],"about":[{"href":"https:\/\/staging.nbg.eu\/pl\/wp-json\/wp\/v2\/types\/product"}],"wp:featuredmedia":[{"embeddable":true,"href":"https:\/\/staging.nbg.eu\/pl\/wp-json\/wp\/v2\/media\/66266"}],"wp:attachment":[{"href":"https:\/\/staging.nbg.eu\/pl\/wp-json\/wp\/v2\/media?parent=66265"}],"wp:term":[{"taxonomy":"product_brand","embeddable":true,"href":"https:\/\/staging.nbg.eu\/pl\/wp-json\/wp\/v2\/product_brand?post=66265"},{"taxonomy":"product_cat","embeddable":true,"href":"https:\/\/staging.nbg.eu\/pl\/wp-json\/wp\/v2\/product_cat?post=66265"},{"taxonomy":"product_tag","embeddable":true,"href":"https:\/\/staging.nbg.eu\/pl\/wp-json\/wp\/v2\/product_tag?post=66265"}],"curies":[{"name":"wp","href":"https:\/\/api.w.org\/{rel}","templated":true}]}}