{"id":66193,"date":"2024-01-19T18:03:48","date_gmt":"2024-01-19T18:03:48","guid":{"rendered":"https:\/\/staging.nbg.eu\/product\/surefire-sf18350\/"},"modified":"2024-09-20T11:47:47","modified_gmt":"2024-09-20T11:47:47","slug":"surefire-sf18350","status":"publish","type":"product","link":"https:\/\/staging.nbg.eu\/pl\/produkt\/surefire-sf18350\/","title":{"rendered":"SureFire SF18350"},"content":{"rendered":"<div class=\"product-description\">\n<h2>Akumulator SureFire SF18350<\/h2>\n<p>Zasilaj narz\u0119dzia o\u015bwietleniowe SureFire 3-woltowe Dual Fuel za pomoc\u0105 akumulatora SF18350. Cechy:<\/p>\n<ul>\n<li>3,7 wolta \/ pojemno\u015b\u0107 1100 mAh<\/li>\n<li>\u0141adowanie MICRO-USB<\/li>\n<li>Konstrukcja litowo-jonowa 18350 z zabezpieczeniem<\/li>\n<li>Kompatybilny z produktami SureFire Dual Fuel zasilanymi pojedyncz\u0105 bateri\u0105 123A<\/li>\n<\/ul>\n<p>W zestawie kabel MICRO-USB do USB do \u0142adowania z r\u00f3\u017cnych \u017ar\u00f3de\u0142. Niekompatybilny z produktami innymi ni\u017c Dual Fuel.<\/p>\n<\/div>\n","protected":false},"excerpt":{"rendered":"<p>Akumulator 18350 z funkcj\u0105 \u0142adowania: 3,7V, 1100mAh, \u0142adowanie przez MICRO-USB.<\/p>\n","protected":false},"featured_media":66194,"template":"","meta":{"_acf_changed":false},"product_brand":[11876],"product_cat":[12562,12614],"product_tag":[],"class_list":{"0":"post-66193","1":"product","2":"type-product","3":"status-publish","4":"has-post-thumbnail","6":"product_brand-surefire","7":"product_cat-baterie","8":"product_cat-latarki","10":"first","11":"instock","12":"taxable","13":"shipping-taxable","14":"purchasable","15":"product-type-simple"},"acf":[],"_links":{"self":[{"href":"https:\/\/staging.nbg.eu\/pl\/wp-json\/wp\/v2\/product\/66193","targetHints":{"allow":["GET"]}}],"collection":[{"href":"https:\/\/staging.nbg.eu\/pl\/wp-json\/wp\/v2\/product"}],"about":[{"href":"https:\/\/staging.nbg.eu\/pl\/wp-json\/wp\/v2\/types\/product"}],"wp:featuredmedia":[{"embeddable":true,"href":"https:\/\/staging.nbg.eu\/pl\/wp-json\/wp\/v2\/media\/66194"}],"wp:attachment":[{"href":"https:\/\/staging.nbg.eu\/pl\/wp-json\/wp\/v2\/media?parent=66193"}],"wp:term":[{"taxonomy":"product_brand","embeddable":true,"href":"https:\/\/staging.nbg.eu\/pl\/wp-json\/wp\/v2\/product_brand?post=66193"},{"taxonomy":"product_cat","embeddable":true,"href":"https:\/\/staging.nbg.eu\/pl\/wp-json\/wp\/v2\/product_cat?post=66193"},{"taxonomy":"product_tag","embeddable":true,"href":"https:\/\/staging.nbg.eu\/pl\/wp-json\/wp\/v2\/product_tag?post=66193"}],"curies":[{"name":"wp","href":"https:\/\/api.w.org\/{rel}","templated":true}]}}