{"id":66151,"date":"2024-01-19T18:29:10","date_gmt":"2024-09-20T11:45:03","guid":{"rendered":"https:\/\/staging.nbg.eu\/product\/surefire-sf18650-b\/"},"modified":"2024-09-20T11:45:57","modified_gmt":"2024-09-20T11:45:57","slug":"surefire-sf18650-b","status":"publish","type":"product","link":"https:\/\/staging.nbg.eu\/pl\/produkt\/surefire-sf18650-b\/","title":{"rendered":"SureFire SF18650-B"},"content":{"rendered":"<div class=\"product-description\">\n<h2>Akumulator SureFire SF18650-B<\/h2>\n<p>Akumulator SF18650 o napi\u0119ciu 3,6 wolta i pojemno\u015bci 3500 mAh, zapewniaj\u0105cy d\u0142u\u017cszy czas pracy. Posiada \u0142adowanie przez MICRO-USB, umo\u017cliwiaj\u0105ce zasilanie z r\u00f3\u017cnych \u017ar\u00f3de\u0142. Kompatybilny z wybranymi produktami SureFire, w tym FURY-DFT, EDC2-DFT i seri\u0105 M600DF. Mo\u017cna \u0142adowa\u0107 przez USB lub zewn\u0119trzn\u0105 \u0142adowark\u0119 18650 (nie do\u0142\u0105czona) dla wi\u0119kszej wszechstronno\u015bci.<\/p>\n<\/div>\n","protected":false},"excerpt":{"rendered":"<p>Akumulator o du\u017cej pojemno\u015bci 3500mAh z mo\u017cliwo\u015bci\u0105 \u0142adowania przez MICRO-USB.<\/p>\n","protected":false},"featured_media":66152,"template":"","meta":{"_acf_changed":false},"product_brand":[11876],"product_cat":[12562,12613,12614,12582],"product_tag":[],"class_list":{"0":"post-66151","1":"product","2":"type-product","3":"status-publish","4":"has-post-thumbnail","6":"product_brand-surefire","7":"product_cat-baterie","8":"product_cat-edc","9":"product_cat-latarki","10":"product_cat-latarki-edc","12":"first","13":"instock","14":"taxable","15":"shipping-taxable","16":"purchasable","17":"product-type-simple"},"acf":[],"_links":{"self":[{"href":"https:\/\/staging.nbg.eu\/pl\/wp-json\/wp\/v2\/product\/66151","targetHints":{"allow":["GET"]}}],"collection":[{"href":"https:\/\/staging.nbg.eu\/pl\/wp-json\/wp\/v2\/product"}],"about":[{"href":"https:\/\/staging.nbg.eu\/pl\/wp-json\/wp\/v2\/types\/product"}],"wp:featuredmedia":[{"embeddable":true,"href":"https:\/\/staging.nbg.eu\/pl\/wp-json\/wp\/v2\/media\/66152"}],"wp:attachment":[{"href":"https:\/\/staging.nbg.eu\/pl\/wp-json\/wp\/v2\/media?parent=66151"}],"wp:term":[{"taxonomy":"product_brand","embeddable":true,"href":"https:\/\/staging.nbg.eu\/pl\/wp-json\/wp\/v2\/product_brand?post=66151"},{"taxonomy":"product_cat","embeddable":true,"href":"https:\/\/staging.nbg.eu\/pl\/wp-json\/wp\/v2\/product_cat?post=66151"},{"taxonomy":"product_tag","embeddable":true,"href":"https:\/\/staging.nbg.eu\/pl\/wp-json\/wp\/v2\/product_tag?post=66151"}],"curies":[{"name":"wp","href":"https:\/\/api.w.org\/{rel}","templated":true}]}}