{"id":66088,"date":"2024-01-21T16:19:01","date_gmt":"2024-09-20T11:39:41","guid":{"rendered":"https:\/\/staging.nbg.eu\/product\/surefire-edc1-dft\/"},"modified":"2024-09-20T11:40:42","modified_gmt":"2024-09-20T11:40:42","slug":"surefire-edc1-dft","status":"publish","type":"product","link":"https:\/\/staging.nbg.eu\/pl\/produkt\/surefire-edc1-dft\/","title":{"rendered":"SureFire EDC1-DFT"},"content":{"rendered":"<div class=\"product-description\">\n<h2>Latarka SureFire EDC1-DFT Turbo<\/h2>\n<p>SureFire EDC1-DFT Turbo to kompaktowa latarka do codziennego noszenia. Ta latarka z podw\u00f3jnym zasilaniem oferuje:<\/p>\n<ul>\n<li>Maksymalne nat\u0119\u017cenie wi\u0105zki 95 000 kandeli (z do\u0142\u0105czon\u0105 bateri\u0105 SF18350)<\/li>\n<li>Wz\u00f3r wi\u0105zki Turbo do skoncentrowanego o\u015bwietlenia na dalekie odleg\u0142o\u015bci<\/li>\n<li>Technologia podw\u00f3jnego zasilania: akumulator SF18350 lub pojedyncza bateria litowa 123A<\/li>\n<li>Korpus z aluminium anodowanego zgodnie ze specyfikacj\u0105 wojskow\u0105<\/li>\n<li>Wodoszczelno\u015b\u0107 IPX7<\/li>\n<\/ul>\n<p>G\u0142\u00f3wne cechy:<\/p>\n<ul>\n<li>Wysoka moc: 650 lumen\u00f3w (z bateri\u0105 18350)<\/li>\n<li>Czas pracy: 45 minut na wysokim trybie (z bateri\u0105 18350)<\/li>\n<li>D\u0142ugo\u015b\u0107: 4,76 cala (12,1 cm)<\/li>\n<li>Waga: 4,56 uncji (128,3 g) z bateri\u0105 18350<\/li>\n<li>Dwustronny klips do r\u00f3\u017cnych opcji noszenia<\/li>\n<\/ul>\n<p>SureFire EDC1-DFT Turbo to kompaktowa latarka zapewniaj\u0105ca dobr\u0105 widoczno\u015b\u0107 w ka\u017cdej sytuacji.<\/p>\n<\/div>\n","protected":false},"excerpt":{"rendered":"<p>Kompaktowa latarka EDC z wi\u0105zk\u0105 \u015bwiat\u0142a o mocy 95 000 kandeli i dwoma opcjami zasilania.<\/p>\n","protected":false},"featured_media":66089,"template":"","meta":{"_acf_changed":false},"product_brand":[11876],"product_cat":[12613,12614,12582],"product_tag":[],"class_list":{"0":"post-66088","1":"product","2":"type-product","3":"status-publish","4":"has-post-thumbnail","6":"product_brand-surefire","7":"product_cat-edc","8":"product_cat-latarki","9":"product_cat-latarki-edc","11":"first","12":"instock","13":"taxable","14":"shipping-taxable","15":"purchasable","16":"product-type-variable","17":"wvs-archive-product-wrapper"},"acf":[],"_links":{"self":[{"href":"https:\/\/staging.nbg.eu\/pl\/wp-json\/wp\/v2\/product\/66088","targetHints":{"allow":["GET"]}}],"collection":[{"href":"https:\/\/staging.nbg.eu\/pl\/wp-json\/wp\/v2\/product"}],"about":[{"href":"https:\/\/staging.nbg.eu\/pl\/wp-json\/wp\/v2\/types\/product"}],"wp:featuredmedia":[{"embeddable":true,"href":"https:\/\/staging.nbg.eu\/pl\/wp-json\/wp\/v2\/media\/66089"}],"wp:attachment":[{"href":"https:\/\/staging.nbg.eu\/pl\/wp-json\/wp\/v2\/media?parent=66088"}],"wp:term":[{"taxonomy":"product_brand","embeddable":true,"href":"https:\/\/staging.nbg.eu\/pl\/wp-json\/wp\/v2\/product_brand?post=66088"},{"taxonomy":"product_cat","embeddable":true,"href":"https:\/\/staging.nbg.eu\/pl\/wp-json\/wp\/v2\/product_cat?post=66088"},{"taxonomy":"product_tag","embeddable":true,"href":"https:\/\/staging.nbg.eu\/pl\/wp-json\/wp\/v2\/product_tag?post=66088"}],"curies":[{"name":"wp","href":"https:\/\/api.w.org\/{rel}","templated":true}]}}