{"id":65591,"date":"2024-01-23T18:42:27","date_gmt":"2024-01-23T18:42:27","guid":{"rendered":"https:\/\/staging.nbg.eu\/product\/bore-cleaner-1-5-oz\/"},"modified":"2024-09-20T11:30:25","modified_gmt":"2024-09-20T11:30:25","slug":"srodek-do-czyszczenia-lufy-15-oz","status":"publish","type":"product","link":"https:\/\/staging.nbg.eu\/pl\/produkt\/srodek-do-czyszczenia-lufy-15-oz\/","title":{"rendered":"\u015arodek do Czyszczenia Lufy 1.5 oz"},"content":{"rendered":"<p>\nIosso Bore Cleaner: Pasta do czyszczenia luf oparta na sk\u0142adnikach biologicznych. Usuwa mied\u017a, o\u0142\u00f3w, nagar, zanieczyszczenia i rdz\u0119 bez rozlewania i uszkodze\u0144. Nie powoduje korozji, jest bezzapachowa i przyjazna dla \u015brodowiska. Mo\u017cna stosowa\u0107 z szczotkami Eliminator i roztworem olejowym dla dok\u0142adnego czyszczenia. Produkt wykorzystuje technologi\u0119 opart\u0105 na sk\u0142adnikach ro\u015blinnych do czyszczenia broni palnej.<\/p>\n","protected":false},"excerpt":{"rendered":"<p>Ekologiczny \u015brodek czyszcz\u0105cy w pa\u015bcie do broni. Szybko usuwa osady i zanieczyszczenia.<\/p>\n","protected":false},"featured_media":101687,"template":"","meta":{"_acf_changed":false},"product_brand":[11477],"product_cat":[12604,12618],"product_tag":[],"class_list":{"0":"post-65591","1":"product","2":"type-product","3":"status-publish","4":"has-post-thumbnail","6":"product_brand-iosso","7":"product_cat-czyszczenie-broni","8":"product_cat-srodki-czyszczace","10":"first","11":"instock","12":"taxable","13":"shipping-taxable","14":"purchasable","15":"product-type-simple"},"acf":[],"_links":{"self":[{"href":"https:\/\/staging.nbg.eu\/pl\/wp-json\/wp\/v2\/product\/65591","targetHints":{"allow":["GET"]}}],"collection":[{"href":"https:\/\/staging.nbg.eu\/pl\/wp-json\/wp\/v2\/product"}],"about":[{"href":"https:\/\/staging.nbg.eu\/pl\/wp-json\/wp\/v2\/types\/product"}],"wp:featuredmedia":[{"embeddable":true,"href":"https:\/\/staging.nbg.eu\/pl\/wp-json\/wp\/v2\/media\/101687"}],"wp:attachment":[{"href":"https:\/\/staging.nbg.eu\/pl\/wp-json\/wp\/v2\/media?parent=65591"}],"wp:term":[{"taxonomy":"product_brand","embeddable":true,"href":"https:\/\/staging.nbg.eu\/pl\/wp-json\/wp\/v2\/product_brand?post=65591"},{"taxonomy":"product_cat","embeddable":true,"href":"https:\/\/staging.nbg.eu\/pl\/wp-json\/wp\/v2\/product_cat?post=65591"},{"taxonomy":"product_tag","embeddable":true,"href":"https:\/\/staging.nbg.eu\/pl\/wp-json\/wp\/v2\/product_tag?post=65591"}],"curies":[{"name":"wp","href":"https:\/\/api.w.org\/{rel}","templated":true}]}}