{"id":63556,"date":"2024-01-23T18:50:53","date_gmt":"2024-09-16T13:21:20","guid":{"rendered":"https:\/\/staging.nbg.eu\/product\/iosso-case-polish\/"},"modified":"2024-09-16T13:22:15","modified_gmt":"2024-09-16T13:22:15","slug":"pasta-do-polerowania-lusek-iosso","status":"publish","type":"product","link":"https:\/\/staging.nbg.eu\/pl\/produkt\/pasta-do-polerowania-lusek-iosso\/","title":{"rendered":"Pasta do Polerowania \u0141usek Iosso"},"content":{"rendered":"<p>\nIosso Case Polish: \u015arodek do polerowania \u0142usek mosi\u0119\u017cnych<\/p>\n<ul>\n<li>Czy\u015bci i poleruje<\/li>\n<li>Usuwa zanieczyszczenia, osady i utlenianie<\/li>\n<li>Skraca czas polerowania<\/li>\n<li>Chroni przed przysz\u0142ym utlenianiem<\/li>\n<li>Nowa formu\u0142a na bazie biologicznej<\/li>\n<li>Bezpieczny dla u\u017cytkownik\u00f3w i \u015brodowiska<\/li>\n<\/ul>\n<p>Iosso Case Polish odnawia \u0142uski mosi\u0119\u017cne. Nadaje si\u0119 do zabrudonych lub wst\u0119pnie oczyszczonych \u0142usek.<\/p>\n","protected":false},"excerpt":{"rendered":"<p>\u015arodek do polerowania \u0142usek Iosso: Przywraca mosi\u0119\u017cnym \u0142uskom b\u0142yszcz\u0105cy po\u0142ysk.<\/p>\n","protected":false},"featured_media":102453,"template":"","meta":{"_acf_changed":false},"product_brand":[11477],"product_cat":[12619,12617],"product_tag":[],"class_list":{"0":"post-63556","1":"product","2":"type-product","3":"status-publish","4":"has-post-thumbnail","6":"product_brand-iosso","7":"product_cat-przeladowywanie","8":"product_cat-przygotowanie-lusek","10":"first","11":"instock","12":"taxable","13":"shipping-taxable","14":"purchasable","15":"product-type-variable","16":"wvs-archive-product-wrapper"},"acf":[],"_links":{"self":[{"href":"https:\/\/staging.nbg.eu\/pl\/wp-json\/wp\/v2\/product\/63556","targetHints":{"allow":["GET"]}}],"collection":[{"href":"https:\/\/staging.nbg.eu\/pl\/wp-json\/wp\/v2\/product"}],"about":[{"href":"https:\/\/staging.nbg.eu\/pl\/wp-json\/wp\/v2\/types\/product"}],"wp:featuredmedia":[{"embeddable":true,"href":"https:\/\/staging.nbg.eu\/pl\/wp-json\/wp\/v2\/media\/102453"}],"wp:attachment":[{"href":"https:\/\/staging.nbg.eu\/pl\/wp-json\/wp\/v2\/media?parent=63556"}],"wp:term":[{"taxonomy":"product_brand","embeddable":true,"href":"https:\/\/staging.nbg.eu\/pl\/wp-json\/wp\/v2\/product_brand?post=63556"},{"taxonomy":"product_cat","embeddable":true,"href":"https:\/\/staging.nbg.eu\/pl\/wp-json\/wp\/v2\/product_cat?post=63556"},{"taxonomy":"product_tag","embeddable":true,"href":"https:\/\/staging.nbg.eu\/pl\/wp-json\/wp\/v2\/product_tag?post=63556"}],"curies":[{"name":"wp","href":"https:\/\/api.w.org\/{rel}","templated":true}]}}