{"id":63448,"date":"2024-01-23T19:15:27","date_gmt":"2024-09-16T13:12:50","guid":{"rendered":"https:\/\/staging.nbg.eu\/product\/iosso-cotton-knit-cleaning-patches\/"},"modified":"2024-09-16T13:13:46","modified_gmt":"2024-09-16T13:13:46","slug":"bawelniane-dziane-platki-czyszczace-iosso","status":"publish","type":"product","link":"https:\/\/staging.nbg.eu\/pl\/produkt\/bawelniane-dziane-platki-czyszczace-iosso\/","title":{"rendered":"Bawe\u0142niane Dziane P\u0142atki Czyszcz\u0105ce Iosso"},"content":{"rendered":"<p>\nBawe\u0142niane \u0142atki czyszcz\u0105ce Iosso: 100% bawe\u0142na, niepozostawiaj\u0105ce w\u0142\u00f3kien, odporne na strz\u0119pienie. Dzianina lepiej zbiera zanieczyszczenia ni\u017c flanela lub akryl. Dost\u0119pne rozmiary:<\/p>\n<ul>\n<li>1-1\/2&#8243;: do karabin\u00f3w .22 do .270<\/li>\n<li>2-1\/2&#8243;: do .338 do .357<\/li>\n<li>3&#8243;: do strzelb<\/li>\n<li>6&#8243;: do 37-40mm<\/li>\n<\/ul>\n<p>Dzianina zapewnia skuteczne czyszczenie.<\/p>\n","protected":false},"excerpt":{"rendered":"<p>Bawe\u0142niane, bezpy\u0142owe \u015bciereczki do czyszczenia broni palnej o doskona\u0142ej jako\u015bci.<\/p>\n","protected":false},"featured_media":107568,"template":"","meta":{"_acf_changed":false},"product_brand":[11477],"product_cat":[12604,12631],"product_tag":[],"class_list":{"0":"post-63448","1":"product","2":"type-product","3":"status-publish","4":"has-post-thumbnail","6":"product_brand-iosso","7":"product_cat-czyszczenie-broni","8":"product_cat-szczotki","10":"first","11":"instock","12":"taxable","13":"shipping-taxable","14":"purchasable","15":"product-type-variable","16":"wvs-archive-product-wrapper"},"acf":[],"_links":{"self":[{"href":"https:\/\/staging.nbg.eu\/pl\/wp-json\/wp\/v2\/product\/63448","targetHints":{"allow":["GET"]}}],"collection":[{"href":"https:\/\/staging.nbg.eu\/pl\/wp-json\/wp\/v2\/product"}],"about":[{"href":"https:\/\/staging.nbg.eu\/pl\/wp-json\/wp\/v2\/types\/product"}],"wp:featuredmedia":[{"embeddable":true,"href":"https:\/\/staging.nbg.eu\/pl\/wp-json\/wp\/v2\/media\/107568"}],"wp:attachment":[{"href":"https:\/\/staging.nbg.eu\/pl\/wp-json\/wp\/v2\/media?parent=63448"}],"wp:term":[{"taxonomy":"product_brand","embeddable":true,"href":"https:\/\/staging.nbg.eu\/pl\/wp-json\/wp\/v2\/product_brand?post=63448"},{"taxonomy":"product_cat","embeddable":true,"href":"https:\/\/staging.nbg.eu\/pl\/wp-json\/wp\/v2\/product_cat?post=63448"},{"taxonomy":"product_tag","embeddable":true,"href":"https:\/\/staging.nbg.eu\/pl\/wp-json\/wp\/v2\/product_tag?post=63448"}],"curies":[{"name":"wp","href":"https:\/\/api.w.org\/{rel}","templated":true}]}}