{"id":63361,"date":"2024-01-23T19:37:48","date_gmt":"2024-09-16T13:09:47","guid":{"rendered":"https:\/\/staging.nbg.eu\/product\/iosso-firearms-parts-cleaner-degreaser-37l\/"},"modified":"2024-09-16T13:10:42","modified_gmt":"2024-09-16T13:10:42","slug":"srodek-do-czyszczenia-czesci-broni-iosso-odtluszczacz-37l","status":"publish","type":"product","link":"https:\/\/staging.nbg.eu\/pl\/produkt\/srodek-do-czyszczenia-czesci-broni-iosso-odtluszczacz-37l\/","title":{"rendered":"\u015arodek do Czyszczenia Cz\u0119\u015bci Broni Iosso (Odt\u0142uszczacz, 3,7L)"},"content":{"rendered":"<p>\n\u015arodek czyszcz\u0105cy do cz\u0119\u015bci broni palnej Iosso: Skuteczny odt\u0142uszczacz do broni palnej. Ten biodegradowalny \u015brodek czyszcz\u0105cy usuwa zanieczyszczenia, nagar, smar i osady. Bezpieczny do stosowania w urz\u0105dzeniach ultrad\u017awi\u0119kowych, ma nisk\u0105 zawarto\u015b\u0107 lotnych zwi\u0105zk\u00f3w organicznych i jest produkowany z naturalnych ekstrakt\u00f3w ro\u015blinnych. Mo\u017cna go rozpyla\u0107, zanurza\u0107 w nim cz\u0119\u015bci lub wyciera\u0107 nimi powierzchnie.<\/p>\n","protected":false},"excerpt":{"rendered":"<p>Przyjazny dla \u015brodowiska, skuteczny odt\u0142uszczacz do dok\u0142adnego czyszczenia cz\u0119\u015bci broni.<\/p>\n","protected":false},"featured_media":102532,"template":"","meta":{"_acf_changed":false},"product_brand":[11477],"product_cat":[12604,12618],"product_tag":[],"class_list":{"0":"post-63361","1":"product","2":"type-product","3":"status-publish","4":"has-post-thumbnail","6":"product_brand-iosso","7":"product_cat-czyszczenie-broni","8":"product_cat-srodki-czyszczace","10":"first","11":"instock","12":"taxable","13":"shipping-taxable","14":"purchasable","15":"product-type-simple"},"acf":[],"_links":{"self":[{"href":"https:\/\/staging.nbg.eu\/pl\/wp-json\/wp\/v2\/product\/63361","targetHints":{"allow":["GET"]}}],"collection":[{"href":"https:\/\/staging.nbg.eu\/pl\/wp-json\/wp\/v2\/product"}],"about":[{"href":"https:\/\/staging.nbg.eu\/pl\/wp-json\/wp\/v2\/types\/product"}],"wp:featuredmedia":[{"embeddable":true,"href":"https:\/\/staging.nbg.eu\/pl\/wp-json\/wp\/v2\/media\/102532"}],"wp:attachment":[{"href":"https:\/\/staging.nbg.eu\/pl\/wp-json\/wp\/v2\/media?parent=63361"}],"wp:term":[{"taxonomy":"product_brand","embeddable":true,"href":"https:\/\/staging.nbg.eu\/pl\/wp-json\/wp\/v2\/product_brand?post=63361"},{"taxonomy":"product_cat","embeddable":true,"href":"https:\/\/staging.nbg.eu\/pl\/wp-json\/wp\/v2\/product_cat?post=63361"},{"taxonomy":"product_tag","embeddable":true,"href":"https:\/\/staging.nbg.eu\/pl\/wp-json\/wp\/v2\/product_tag?post=63361"}],"curies":[{"name":"wp","href":"https:\/\/api.w.org\/{rel}","templated":true}]}}