{"id":63312,"date":"2024-01-23T19:46:33","date_gmt":"2024-09-16T13:04:48","guid":{"rendered":"https:\/\/staging.nbg.eu\/product\/iosso-gunbrite\/"},"modified":"2024-09-16T13:05:45","modified_gmt":"2024-09-16T13:05:45","slug":"iosso-gunbrite","status":"publish","type":"product","link":"https:\/\/staging.nbg.eu\/pl\/produkt\/iosso-gunbrite\/","title":{"rendered":"Iosso GunBrite"},"content":{"rendered":"<p>\nIosso GunBrite: \u015arodek do czyszczenia broni<\/p>\n<ul>\n<li>Bezpieczny dla wszystkich wyko\u0144cze\u0144 broni<\/li>\n<li>Usuwa nagary, rdz\u0119, patyn\u0119 i przebarwienia<\/li>\n<li>Czy\u015bci uporczywe pier\u015bcienie w b\u0119benku<\/li>\n<li>Pozostawia ochronn\u0105, nieolejow\u0105 pow\u0142ok\u0119<\/li>\n<li>Odporny na odciski palc\u00f3w i wilgo\u0107<\/li>\n<\/ul>\n<p>Utrzymuj swoj\u0105 bro\u0144 w czysto\u015bci za pomoc\u0105 Iosso GunBrite.<\/p>\n","protected":false},"excerpt":{"rendered":"<p>Iosso GunBrite: Bezpiecznie czy\u015bci, poleruje i chroni bro\u0144 paln\u0105.<\/p>\n","protected":false},"featured_media":102609,"template":"","meta":{"_acf_changed":false},"product_brand":[11477],"product_cat":[12604,12618],"product_tag":[],"class_list":{"0":"post-63312","1":"product","2":"type-product","3":"status-publish","4":"has-post-thumbnail","6":"product_brand-iosso","7":"product_cat-czyszczenie-broni","8":"product_cat-srodki-czyszczace","10":"first","11":"instock","12":"taxable","13":"shipping-taxable","14":"purchasable","15":"product-type-variable","16":"wvs-archive-product-wrapper"},"acf":[],"_links":{"self":[{"href":"https:\/\/staging.nbg.eu\/pl\/wp-json\/wp\/v2\/product\/63312","targetHints":{"allow":["GET"]}}],"collection":[{"href":"https:\/\/staging.nbg.eu\/pl\/wp-json\/wp\/v2\/product"}],"about":[{"href":"https:\/\/staging.nbg.eu\/pl\/wp-json\/wp\/v2\/types\/product"}],"wp:featuredmedia":[{"embeddable":true,"href":"https:\/\/staging.nbg.eu\/pl\/wp-json\/wp\/v2\/media\/102609"}],"wp:attachment":[{"href":"https:\/\/staging.nbg.eu\/pl\/wp-json\/wp\/v2\/media?parent=63312"}],"wp:term":[{"taxonomy":"product_brand","embeddable":true,"href":"https:\/\/staging.nbg.eu\/pl\/wp-json\/wp\/v2\/product_brand?post=63312"},{"taxonomy":"product_cat","embeddable":true,"href":"https:\/\/staging.nbg.eu\/pl\/wp-json\/wp\/v2\/product_cat?post=63312"},{"taxonomy":"product_tag","embeddable":true,"href":"https:\/\/staging.nbg.eu\/pl\/wp-json\/wp\/v2\/product_tag?post=63312"}],"curies":[{"name":"wp","href":"https:\/\/api.w.org\/{rel}","templated":true}]}}