{"id":63248,"date":"2024-01-23T19:51:36","date_gmt":"2024-09-16T13:03:17","guid":{"rendered":"https:\/\/staging.nbg.eu\/product\/iosso-sizing-lubricant-and-cleaner\/"},"modified":"2024-09-16T13:04:13","modified_gmt":"2024-09-16T13:04:13","slug":"smar-i-srodek-czyszczacy-do-kalibrowania-iosso","status":"publish","type":"product","link":"https:\/\/staging.nbg.eu\/pl\/produkt\/smar-i-srodek-czyszczacy-do-kalibrowania-iosso\/","title":{"rendered":"Smar i \u015arodek Czyszcz\u0105cy do Kalibrowania Iosso"},"content":{"rendered":"<p>\n\u015arodek smaruj\u0105cy i czyszcz\u0105cy Iosso do kalibrowania \u0142usek: Roztw\u00f3r na bazie biologicznej do kalibrowania \u0142usek. Ten 4-uncjowy produkt czy\u015bci i smaruje, zapobiegaj\u0105c zakleszczaniu si\u0119 \u0142usek i wyd\u0142u\u017caj\u0105c \u017cywotno\u015b\u0107 matryc. \u0141atwy w u\u017cyciu, nie pozostawia osadu ani zapachu. Rozpuszczalny w wodzie, biodegradowalny i niepalny. Hamuje korozj\u0119 i rdz\u0119. Nale\u017cy pokry\u0107 \u0142uski, skalibrowa\u0107, a nast\u0119pnie wytrze\u0107 lub sp\u0142uka\u0107 przed ponownym za\u0142adowaniem.<\/p>\n","protected":false},"excerpt":{"rendered":"<p>\u015arodek czyszcz\u0105cy i smaruj\u0105cy na bazie biologicznej dla p\u0142ynniejszego kalibrowania i d\u0142u\u017cszej \u017cywotno\u015bci matryc.<\/p>\n","protected":false},"featured_media":107666,"template":"","meta":{"_acf_changed":false},"product_brand":[11477],"product_cat":[12619,12618],"product_tag":[],"class_list":{"0":"post-63248","1":"product","2":"type-product","3":"status-publish","4":"has-post-thumbnail","6":"product_brand-iosso","7":"product_cat-przeladowywanie","8":"product_cat-srodki-czyszczace","10":"first","11":"instock","12":"taxable","13":"shipping-taxable","14":"purchasable","15":"product-type-variable","16":"wvs-archive-product-wrapper"},"acf":[],"_links":{"self":[{"href":"https:\/\/staging.nbg.eu\/pl\/wp-json\/wp\/v2\/product\/63248","targetHints":{"allow":["GET"]}}],"collection":[{"href":"https:\/\/staging.nbg.eu\/pl\/wp-json\/wp\/v2\/product"}],"about":[{"href":"https:\/\/staging.nbg.eu\/pl\/wp-json\/wp\/v2\/types\/product"}],"wp:featuredmedia":[{"embeddable":true,"href":"https:\/\/staging.nbg.eu\/pl\/wp-json\/wp\/v2\/media\/107666"}],"wp:attachment":[{"href":"https:\/\/staging.nbg.eu\/pl\/wp-json\/wp\/v2\/media?parent=63248"}],"wp:term":[{"taxonomy":"product_brand","embeddable":true,"href":"https:\/\/staging.nbg.eu\/pl\/wp-json\/wp\/v2\/product_brand?post=63248"},{"taxonomy":"product_cat","embeddable":true,"href":"https:\/\/staging.nbg.eu\/pl\/wp-json\/wp\/v2\/product_cat?post=63248"},{"taxonomy":"product_tag","embeddable":true,"href":"https:\/\/staging.nbg.eu\/pl\/wp-json\/wp\/v2\/product_tag?post=63248"}],"curies":[{"name":"wp","href":"https:\/\/api.w.org\/{rel}","templated":true}]}}