{"id":63177,"date":"2024-01-24T09:44:05","date_gmt":"2024-09-16T13:00:51","guid":{"rendered":"https:\/\/staging.nbg.eu\/product\/iosso-triple-action-oil-solution\/"},"modified":"2024-09-16T13:01:50","modified_gmt":"2024-09-16T13:01:50","slug":"rozwiazanie-olejowe-potrojnego-dzialania-iosso","status":"publish","type":"product","link":"https:\/\/staging.nbg.eu\/pl\/produkt\/rozwiazanie-olejowe-potrojnego-dzialania-iosso\/","title":{"rendered":"Rozwi\u0105zanie Olejowe Potr\u00f3jnego Dzia\u0142ania Iosso"},"content":{"rendered":"<p>\nRoztw\u00f3r olejowy Iosso Triple Action: Czy\u015bci, smaruje i chroni bro\u0144 paln\u0105. Formu\u0142a biodegradowalna, oparta na sk\u0142adnikach ro\u015blinnych. Przenika, aby rozlu\u017ani\u0107 proch, nagar i plastikowe przybitki. Smaruje cz\u0119\u015bci i zapobiega korozji. Dzia\u0142a w skrajnych temperaturach do -65\u00b0C. Nadaje si\u0119 do czyszczenia luf i konserwacji broni.<\/p>\n","protected":false},"excerpt":{"rendered":"<p>Przyjazny dla \u015brodowiska olej skutecznie czy\u015bci, smaruje i chroni bro\u0144 paln\u0105.<\/p>\n","protected":false},"featured_media":107620,"template":"","meta":{"_acf_changed":false},"product_brand":[11477],"product_cat":[12604,12592,12618],"product_tag":[],"class_list":{"0":"post-63177","1":"product","2":"type-product","3":"status-publish","4":"has-post-thumbnail","6":"product_brand-iosso","7":"product_cat-czyszczenie-broni","8":"product_cat-smary","9":"product_cat-srodki-czyszczace","11":"first","12":"instock","13":"taxable","14":"shipping-taxable","15":"purchasable","16":"product-type-variable","17":"wvs-archive-product-wrapper"},"acf":[],"_links":{"self":[{"href":"https:\/\/staging.nbg.eu\/pl\/wp-json\/wp\/v2\/product\/63177","targetHints":{"allow":["GET"]}}],"collection":[{"href":"https:\/\/staging.nbg.eu\/pl\/wp-json\/wp\/v2\/product"}],"about":[{"href":"https:\/\/staging.nbg.eu\/pl\/wp-json\/wp\/v2\/types\/product"}],"wp:featuredmedia":[{"embeddable":true,"href":"https:\/\/staging.nbg.eu\/pl\/wp-json\/wp\/v2\/media\/107620"}],"wp:attachment":[{"href":"https:\/\/staging.nbg.eu\/pl\/wp-json\/wp\/v2\/media?parent=63177"}],"wp:term":[{"taxonomy":"product_brand","embeddable":true,"href":"https:\/\/staging.nbg.eu\/pl\/wp-json\/wp\/v2\/product_brand?post=63177"},{"taxonomy":"product_cat","embeddable":true,"href":"https:\/\/staging.nbg.eu\/pl\/wp-json\/wp\/v2\/product_cat?post=63177"},{"taxonomy":"product_tag","embeddable":true,"href":"https:\/\/staging.nbg.eu\/pl\/wp-json\/wp\/v2\/product_tag?post=63177"}],"curies":[{"name":"wp","href":"https:\/\/api.w.org\/{rel}","templated":true}]}}