{"id":63105,"date":"2024-01-24T18:43:40","date_gmt":"2024-09-16T12:56:13","guid":{"rendered":"https:\/\/staging.nbg.eu\/product\/iosso-ar-bolt-carrier-key-tube-brush\/"},"modified":"2024-09-16T12:57:07","modified_gmt":"2024-09-16T12:57:07","slug":"szczotka-do-rurki-klucza-zamka-iosso-ar","status":"publish","type":"product","link":"https:\/\/staging.nbg.eu\/pl\/produkt\/szczotka-do-rurki-klucza-zamka-iosso-ar\/","title":{"rendered":"Szczotka do Rurki Klucza Zamka Iosso AR"},"content":{"rendered":"<p>\nSzczotka do czyszczenia klucza no\u015bnego zamka Iosso AR: Dopasowana, usuwa nagromadzony w\u0119giel. U\u017cywa\u0107 z olejem Iosso. Nie pozostawia w\u0142\u00f3kien. Przeznaczona do konserwacji AR.<\/p>\n","protected":false},"excerpt":{"rendered":"<p>Szczotka Iosso AR do czyszczenia klucza no\u015bnika zamka: Skutecznie usuwa nagromadzony nagar.<\/p>\n","protected":false},"featured_media":102290,"template":"","meta":{"_acf_changed":false},"product_brand":[11477],"product_cat":[12604,12631],"product_tag":[],"class_list":{"0":"post-63105","1":"product","2":"type-product","3":"status-publish","4":"has-post-thumbnail","6":"product_brand-iosso","7":"product_cat-czyszczenie-broni","8":"product_cat-szczotki","10":"first","11":"instock","12":"taxable","13":"shipping-taxable","14":"purchasable","15":"product-type-simple"},"acf":[],"_links":{"self":[{"href":"https:\/\/staging.nbg.eu\/pl\/wp-json\/wp\/v2\/product\/63105","targetHints":{"allow":["GET"]}}],"collection":[{"href":"https:\/\/staging.nbg.eu\/pl\/wp-json\/wp\/v2\/product"}],"about":[{"href":"https:\/\/staging.nbg.eu\/pl\/wp-json\/wp\/v2\/types\/product"}],"wp:featuredmedia":[{"embeddable":true,"href":"https:\/\/staging.nbg.eu\/pl\/wp-json\/wp\/v2\/media\/102290"}],"wp:attachment":[{"href":"https:\/\/staging.nbg.eu\/pl\/wp-json\/wp\/v2\/media?parent=63105"}],"wp:term":[{"taxonomy":"product_brand","embeddable":true,"href":"https:\/\/staging.nbg.eu\/pl\/wp-json\/wp\/v2\/product_brand?post=63105"},{"taxonomy":"product_cat","embeddable":true,"href":"https:\/\/staging.nbg.eu\/pl\/wp-json\/wp\/v2\/product_cat?post=63105"},{"taxonomy":"product_tag","embeddable":true,"href":"https:\/\/staging.nbg.eu\/pl\/wp-json\/wp\/v2\/product_tag?post=63105"}],"curies":[{"name":"wp","href":"https:\/\/api.w.org\/{rel}","templated":true}]}}