{"id":63063,"date":"2024-01-24T18:50:37","date_gmt":"2024-01-24T18:50:37","guid":{"rendered":"https:\/\/staging.nbg.eu\/product\/iosso-cleaning-brush-2-sided-2-pk\/"},"modified":"2024-09-16T12:54:35","modified_gmt":"2024-09-16T12:54:35","slug":"szczotka-czyszczaca-iosso-2-stronna-2-szt","status":"publish","type":"product","link":"https:\/\/staging.nbg.eu\/pl\/produkt\/szczotka-czyszczaca-iosso-2-stronna-2-szt\/","title":{"rendered":"Szczotka Czyszcz\u0105ca Iosso 2-stronna &#8211; 2 szt"},"content":{"rendered":"<p>\nSzczotka czyszcz\u0105ca Iosso dwustronna &#8211; 2 szt. w opakowaniu posiada wytrzyma\u0142e nylonowe w\u0142osie do skutecznego czyszczenia. Ka\u017cde opakowanie zawiera dwie szczotki z szerok\u0105, d\u0142ug\u0105 stron\u0105 i w\u0105sk\u0105 stron\u0105. Do u\u017cycia z olejem Iosso Triple Action, \u015brodkiem do czyszczenia luf lub past\u0105 do polerowania metalu. Przeznaczona do usuwania nagaru w\u0119glowego i osad\u00f3w prochowych w broni palnej lub zastosowaniach przemys\u0142owych.<\/p>\n","protected":false},"excerpt":{"rendered":"<p>Dwustronna szczotka nylonowa do wszechstronnego czyszczenia. Zestaw 2 sztuk.<\/p>\n","protected":false},"featured_media":63064,"template":"","meta":{"_acf_changed":false},"product_brand":[11477],"product_cat":[12604,12631],"product_tag":[],"class_list":{"0":"post-63063","1":"product","2":"type-product","3":"status-publish","4":"has-post-thumbnail","6":"product_brand-iosso","7":"product_cat-czyszczenie-broni","8":"product_cat-szczotki","10":"first","11":"instock","12":"taxable","13":"shipping-taxable","14":"purchasable","15":"product-type-simple"},"acf":[],"_links":{"self":[{"href":"https:\/\/staging.nbg.eu\/pl\/wp-json\/wp\/v2\/product\/63063","targetHints":{"allow":["GET"]}}],"collection":[{"href":"https:\/\/staging.nbg.eu\/pl\/wp-json\/wp\/v2\/product"}],"about":[{"href":"https:\/\/staging.nbg.eu\/pl\/wp-json\/wp\/v2\/types\/product"}],"wp:featuredmedia":[{"embeddable":true,"href":"https:\/\/staging.nbg.eu\/pl\/wp-json\/wp\/v2\/media\/63064"}],"wp:attachment":[{"href":"https:\/\/staging.nbg.eu\/pl\/wp-json\/wp\/v2\/media?parent=63063"}],"wp:term":[{"taxonomy":"product_brand","embeddable":true,"href":"https:\/\/staging.nbg.eu\/pl\/wp-json\/wp\/v2\/product_brand?post=63063"},{"taxonomy":"product_cat","embeddable":true,"href":"https:\/\/staging.nbg.eu\/pl\/wp-json\/wp\/v2\/product_cat?post=63063"},{"taxonomy":"product_tag","embeddable":true,"href":"https:\/\/staging.nbg.eu\/pl\/wp-json\/wp\/v2\/product_tag?post=63063"}],"curies":[{"name":"wp","href":"https:\/\/api.w.org\/{rel}","templated":true}]}}