{"id":63021,"date":"2024-01-25T20:06:46","date_gmt":"2024-09-16T12:23:24","guid":{"rendered":"https:\/\/staging.nbg.eu\/product\/iosso-ar-rifle-gas-tube-cleaning-kit\/"},"modified":"2024-09-16T12:24:18","modified_gmt":"2024-09-16T12:24:18","slug":"zestaw-do-czyszczenia-rurki-gazowej-iosso-ar","status":"publish","type":"product","link":"https:\/\/staging.nbg.eu\/pl\/produkt\/zestaw-do-czyszczenia-rurki-gazowej-iosso-ar\/","title":{"rendered":"Zestaw do Czyszczenia Rurki Gazowej Iosso AR"},"content":{"rendered":"<p>\nZestaw do czyszczenia rury gazowej Iosso AR Rifle zawiera:<\/p>\n<ul>\n<li>Dwie specjalistyczne szczotki do rury gazowej<\/li>\n<li>Przezroczyst\u0105 rurk\u0119 prowadz\u0105c\u0105<\/li>\n<li>Olej Iosso Triple Action<\/li>\n<\/ul>\n<p>Czy\u015b\u0107 rur\u0119 gazow\u0105 bez demonta\u017cu, zapewniaj\u0105c prawid\u0142owe dzia\u0142anie zamka i zapobiegaj\u0105c gromadzeniu si\u0119 w\u0119gla. Ten system czyszczenia oszcz\u0119dza czas i wysi\u0142ek.<\/p>\n","protected":false},"excerpt":{"rendered":"<p>Wydajny \u015brodek do czyszczenia rurki gazowej AR &#8211; nie wymaga demonta\u017cu.<\/p>\n","protected":false},"featured_media":102328,"template":"","meta":{"_acf_changed":false},"product_brand":[11477],"product_cat":[12604,12631],"product_tag":[],"class_list":{"0":"post-63021","1":"product","2":"type-product","3":"status-publish","4":"has-post-thumbnail","6":"product_brand-iosso","7":"product_cat-czyszczenie-broni","8":"product_cat-szczotki","10":"first","11":"instock","12":"taxable","13":"shipping-taxable","14":"purchasable","15":"product-type-simple"},"acf":[],"_links":{"self":[{"href":"https:\/\/staging.nbg.eu\/pl\/wp-json\/wp\/v2\/product\/63021","targetHints":{"allow":["GET"]}}],"collection":[{"href":"https:\/\/staging.nbg.eu\/pl\/wp-json\/wp\/v2\/product"}],"about":[{"href":"https:\/\/staging.nbg.eu\/pl\/wp-json\/wp\/v2\/types\/product"}],"wp:featuredmedia":[{"embeddable":true,"href":"https:\/\/staging.nbg.eu\/pl\/wp-json\/wp\/v2\/media\/102328"}],"wp:attachment":[{"href":"https:\/\/staging.nbg.eu\/pl\/wp-json\/wp\/v2\/media?parent=63021"}],"wp:term":[{"taxonomy":"product_brand","embeddable":true,"href":"https:\/\/staging.nbg.eu\/pl\/wp-json\/wp\/v2\/product_brand?post=63021"},{"taxonomy":"product_cat","embeddable":true,"href":"https:\/\/staging.nbg.eu\/pl\/wp-json\/wp\/v2\/product_cat?post=63021"},{"taxonomy":"product_tag","embeddable":true,"href":"https:\/\/staging.nbg.eu\/pl\/wp-json\/wp\/v2\/product_tag?post=63021"}],"curies":[{"name":"wp","href":"https:\/\/api.w.org\/{rel}","templated":true}]}}