{"id":62951,"date":"2024-01-25T20:19:03","date_gmt":"2024-09-16T12:21:26","guid":{"rendered":"https:\/\/staging.nbg.eu\/product\/iosso-chamber-brushes-2-pack\/"},"modified":"2024-09-16T12:22:25","modified_gmt":"2024-09-16T12:22:25","slug":"szczotki-do-komory-iosso-2-sztuki","status":"publish","type":"product","link":"https:\/\/staging.nbg.eu\/pl\/produkt\/szczotki-do-komory-iosso-2-sztuki\/","title":{"rendered":"Szczotki do Komory Iosso 2 sztuki"},"content":{"rendered":"<p style=\"text-align: center\"><strong><span style=\"font-size: 170%\">Szczotki komorowe Iosso (2 sztuki)<\/span><\/strong><\/p>\n<p>Szczotka do czyszczenia komory 6.5 Creedmoor. S\u0105 dopasowane z wysok\u0105 tolerancj\u0105 do precyzyjnego czyszczenia. Wykonane z niebieskiego w\u0142\u00f3kna, kt\u00f3re jest grube, sztywne i zachowuje kszta\u0142t, w przeciwie\u0144stwie do tradycyjnych szczotek mosi\u0119\u017cnych i br\u0105zowych. Mo\u017cna ich u\u017cywa\u0107 wielokrotnie przed zu\u017cyciem. Opakowanie zawiera 2 szczotki. Zalecane \u015brodki czyszcz\u0105ce to Iosso Bore Cleaner i Iosso Triple Action Oil. <strong>Niebieskie szczotki s\u0105 znakiem towarowym Iosso Products.<\/strong><\/p>\n<table width=\"305\">\n<tbody>\n<tr>\n<td width=\"305\"><strong>Szczotka komorowa AR-15 z trzpieniem, 2 sztuki<\/strong><\/td>\n<\/tr>\n<tr>\n<td><strong>Szczotka komorowa Grendel AR-15 6.5, 2 sztuki<\/strong><\/td>\n<\/tr>\n<tr>\n<td><strong>Szczotka komorowa Creedmoor 6.5, 2 sztuki<\/strong><\/td>\n<\/tr>\n<tr>\n<td><strong>Szczotka komorowa AR.308 z trzpieniem, 2 sztuki<\/strong><\/td>\n<\/tr>\n<\/tbody>\n<\/table>\n","protected":false},"excerpt":{"rendered":"<p><strong>Pierwsza szczotka do czyszczenia komory nabojowej 6.5 Creedmoor<\/strong><\/p>\n","protected":false},"featured_media":107689,"template":"","meta":{"_acf_changed":false},"product_brand":[11477],"product_cat":[12604,12631],"product_tag":[],"class_list":{"0":"post-62951","1":"product","2":"type-product","3":"status-publish","4":"has-post-thumbnail","6":"product_brand-iosso","7":"product_cat-czyszczenie-broni","8":"product_cat-szczotki","9":"pa_model-6-5-creedmoor-pl-2","10":"pa_model-6-5-grendel-pl","11":"pa_model-ar-308-pl","12":"pa_model-ar-15-pl","14":"first","15":"instock","16":"taxable","17":"shipping-taxable","18":"purchasable","19":"product-type-variable","20":"wvs-archive-product-wrapper"},"acf":[],"_links":{"self":[{"href":"https:\/\/staging.nbg.eu\/pl\/wp-json\/wp\/v2\/product\/62951","targetHints":{"allow":["GET"]}}],"collection":[{"href":"https:\/\/staging.nbg.eu\/pl\/wp-json\/wp\/v2\/product"}],"about":[{"href":"https:\/\/staging.nbg.eu\/pl\/wp-json\/wp\/v2\/types\/product"}],"wp:featuredmedia":[{"embeddable":true,"href":"https:\/\/staging.nbg.eu\/pl\/wp-json\/wp\/v2\/media\/107689"}],"wp:attachment":[{"href":"https:\/\/staging.nbg.eu\/pl\/wp-json\/wp\/v2\/media?parent=62951"}],"wp:term":[{"taxonomy":"product_brand","embeddable":true,"href":"https:\/\/staging.nbg.eu\/pl\/wp-json\/wp\/v2\/product_brand?post=62951"},{"taxonomy":"product_cat","embeddable":true,"href":"https:\/\/staging.nbg.eu\/pl\/wp-json\/wp\/v2\/product_cat?post=62951"},{"taxonomy":"product_tag","embeddable":true,"href":"https:\/\/staging.nbg.eu\/pl\/wp-json\/wp\/v2\/product_tag?post=62951"}],"curies":[{"name":"wp","href":"https:\/\/api.w.org\/{rel}","templated":true}]}}