{"id":62849,"date":"2024-01-25T20:40:36","date_gmt":"2024-09-16T12:17:32","guid":{"rendered":"https:\/\/staging.nbg.eu\/product\/iosso-shotgun-adapter-brass-8-32-to-5-16-27\/"},"modified":"2024-09-16T12:18:27","modified_gmt":"2024-09-16T12:18:27","slug":"adapter-iosso-do-strzelby-mosiadz-832-na-516-27","status":"publish","type":"product","link":"https:\/\/staging.nbg.eu\/pl\/produkt\/adapter-iosso-do-strzelby-mosiadz-832-na-516-27\/","title":{"rendered":"Adapter Iosso do Strzelby mosi\u0105dz 8\/32 na 5\/16-27"},"content":{"rendered":"<p>\nAdapter do strzelby Iosso: 8\/32 m\u0119ski do 5\/16-27 \u017ce\u0144ski. Przekszta\u0142ca pr\u0119ty do szczotek do strzelb. Wykonany z litego mosi\u0105dzu, wyprodukowany w USA.<\/p>\n","protected":false},"excerpt":{"rendered":"<p>Mosi\u0119\u017cna przej\u015bci\u00f3wka: gwint zewn\u0119trzny 8\/32 na gwint wewn\u0119trzny 5\/16-27. Do szczotek do czyszczenia strzelb. Wyprodukowano w USA.<\/p>\n","protected":false},"featured_media":107314,"template":"","meta":{"_acf_changed":false},"product_brand":[11477],"product_cat":[12604,12629,12631],"product_tag":[],"class_list":{"0":"post-62849","1":"product","2":"type-product","3":"status-publish","4":"has-post-thumbnail","6":"product_brand-iosso","7":"product_cat-czyszczenie-broni","8":"product_cat-przepychacze","9":"product_cat-szczotki","11":"first","12":"instock","13":"taxable","14":"shipping-taxable","15":"purchasable","16":"product-type-simple"},"acf":[],"_links":{"self":[{"href":"https:\/\/staging.nbg.eu\/pl\/wp-json\/wp\/v2\/product\/62849","targetHints":{"allow":["GET"]}}],"collection":[{"href":"https:\/\/staging.nbg.eu\/pl\/wp-json\/wp\/v2\/product"}],"about":[{"href":"https:\/\/staging.nbg.eu\/pl\/wp-json\/wp\/v2\/types\/product"}],"wp:featuredmedia":[{"embeddable":true,"href":"https:\/\/staging.nbg.eu\/pl\/wp-json\/wp\/v2\/media\/107314"}],"wp:attachment":[{"href":"https:\/\/staging.nbg.eu\/pl\/wp-json\/wp\/v2\/media?parent=62849"}],"wp:term":[{"taxonomy":"product_brand","embeddable":true,"href":"https:\/\/staging.nbg.eu\/pl\/wp-json\/wp\/v2\/product_brand?post=62849"},{"taxonomy":"product_cat","embeddable":true,"href":"https:\/\/staging.nbg.eu\/pl\/wp-json\/wp\/v2\/product_cat?post=62849"},{"taxonomy":"product_tag","embeddable":true,"href":"https:\/\/staging.nbg.eu\/pl\/wp-json\/wp\/v2\/product_tag?post=62849"}],"curies":[{"name":"wp","href":"https:\/\/api.w.org\/{rel}","templated":true}]}}