{"id":62793,"date":"2024-02-02T19:09:40","date_gmt":"2024-09-16T12:02:07","guid":{"rendered":"https:\/\/staging.nbg.eu\/product\/geissele-chf-chrome-lined-barrel-5-56-11-5\/"},"modified":"2024-09-16T12:03:06","modified_gmt":"2024-09-16T12:03:06","slug":"geissele-chf-lufa-chromowana-556-115","status":"publish","type":"product","link":"https:\/\/staging.nbg.eu\/pl\/produkt\/geissele-chf-lufa-chromowana-556-115\/","title":{"rendered":"Geissele CHF, Lufa Chromowana, 5.56 &#8211; 11.5&#8243;"},"content":{"rendered":"<div class=\"product-description\">\n<h2>Lufa Geissele CHF chromowana &#8211; 5,56<\/h2>\n<p>Lufa Geissele CHF chromowana w kalibrze 5,56 NATO produkowana w North Wales, PA, \u0142\u0105czy zaawansowan\u0105 technologi\u0119 z wysok\u0105 jako\u015bci\u0105 wykonania.<\/p>\n<ul>\n<li>Kuta na zimno (CHF) dla zwi\u0119kszonej wytrzyma\u0142o\u015bci i trwa\u0142o\u015bci<\/li>\n<li>Chromowana dla zwi\u0119kszonej odporno\u015bci na korozj\u0119 i \u0142atwiejszego czyszczenia<\/li>\n<li>Testowana pod wysokim ci\u015bnieniem (HPT) i poddana inspekcji cz\u0105stek magnetycznych (MPI) dla zapewnienia jako\u015bci<\/li>\n<li>Odpowiednia do broni s\u0142u\u017cbowej, broni sportowej i innych zastosowa\u0144<\/li>\n<li>Precyzyjnie obrobiona z wykorzystaniem materia\u0142\u00f3w wysokiej jako\u015bci dla zapewnienia sp\u00f3jno\u015bci i dok\u0142adno\u015bci<\/li>\n<\/ul>\n<p>Geissele oferuje wysok\u0105 wydajno\u015b\u0107 w ka\u017cdej sytuacji.<\/p>\n<\/div>\n","protected":false},"excerpt":{"rendered":"<p>Precyzyjnie kuty luf\u0119 kaliber 5,56. Testowana metod\u0105 HPT\/MPI dla zapewnienia niezawodno\u015bci.<\/p>\n","protected":false},"featured_media":62794,"template":"","meta":{"_acf_changed":false},"product_brand":[11392],"product_cat":[12623,12597,12572],"product_tag":[],"class_list":{"0":"post-62793","1":"product","2":"type-product","3":"status-publish","4":"has-post-thumbnail","6":"product_brand-geissele","7":"product_cat-karabin","8":"product_cat-lufy","9":"product_cat-tuning-karabinowy","11":"first","12":"instock","13":"taxable","14":"shipping-taxable","15":"product-type-simple"},"acf":[],"_links":{"self":[{"href":"https:\/\/staging.nbg.eu\/pl\/wp-json\/wp\/v2\/product\/62793","targetHints":{"allow":["GET"]}}],"collection":[{"href":"https:\/\/staging.nbg.eu\/pl\/wp-json\/wp\/v2\/product"}],"about":[{"href":"https:\/\/staging.nbg.eu\/pl\/wp-json\/wp\/v2\/types\/product"}],"wp:featuredmedia":[{"embeddable":true,"href":"https:\/\/staging.nbg.eu\/pl\/wp-json\/wp\/v2\/media\/62794"}],"wp:attachment":[{"href":"https:\/\/staging.nbg.eu\/pl\/wp-json\/wp\/v2\/media?parent=62793"}],"wp:term":[{"taxonomy":"product_brand","embeddable":true,"href":"https:\/\/staging.nbg.eu\/pl\/wp-json\/wp\/v2\/product_brand?post=62793"},{"taxonomy":"product_cat","embeddable":true,"href":"https:\/\/staging.nbg.eu\/pl\/wp-json\/wp\/v2\/product_cat?post=62793"},{"taxonomy":"product_tag","embeddable":true,"href":"https:\/\/staging.nbg.eu\/pl\/wp-json\/wp\/v2\/product_tag?post=62793"}],"curies":[{"name":"wp","href":"https:\/\/api.w.org\/{rel}","templated":true}]}}