{"id":62389,"date":"2024-02-14T06:58:29","date_gmt":"2024-09-16T11:50:09","guid":{"rendered":"https:\/\/staging.nbg.eu\/product\/geissele-super-mcx-ssa-m4-curved-trigger\/"},"modified":"2024-09-16T11:51:05","modified_gmt":"2024-09-16T11:51:05","slug":"geissele-super-mcx-ssa-m4-spust-zakrzywiony","status":"publish","type":"product","link":"https:\/\/staging.nbg.eu\/pl\/produkt\/geissele-super-mcx-ssa-m4-spust-zakrzywiony\/","title":{"rendered":"Geissele Super MCX SSA &#8211; M4 Spust Zakrzywiony"},"content":{"rendered":"<div class=\"product-description\">\n<h2>Geissele Super MCX SSA &#8211; Spust \u0142ukowy M4<\/h2>\n<p>Geissele Super MCX SSA to dwustopniowy spust inspirowany spustem bojowym. Oparty na naszym spu\u015bcie do karabinka M4 certyfikowanym przez CRANE, ten oko\u0142o 4,5-funtowy spust bez regulacji oferuje:<\/p>\n<ul>\n<li>Precyzyjn\u0105 i dok\u0142adn\u0105 kontrol\u0119 spustu<\/li>\n<li>Odpowiedni\u0105 lekko\u015b\u0107 do zastosowa\u0144 precyzyjnych<\/li>\n<li>Przystosowany do wymagaj\u0105cych scenariuszy, takich jak CQB<\/li>\n<li>Odpowiedni do polowania, dla organ\u00f3w \u015bcigania i wojska<\/li>\n<\/ul>\n<p>Super MCX SSA \u0142\u0105czy w sobie wydajno\u015b\u0107, niezawodno\u015b\u0107, bezpiecze\u0144stwo i wszechstronno\u015b\u0107, co czyni go uniwersalnym spustem do broni palnej.<\/p>\n<\/div>\n","protected":false},"excerpt":{"rendered":"<p>Wysokowydajny, dwustopniowy spust do precyzyjnego strzelania i walki w bliskim kontakcie. Si\u0142a nacisku 2 kg.<\/p>\n","protected":false},"featured_media":62390,"template":"","meta":{"_acf_changed":false},"product_brand":[11392],"product_cat":[12623,12560,12572],"product_tag":[],"class_list":{"0":"post-62389","1":"product","2":"type-product","3":"status-publish","4":"has-post-thumbnail","6":"product_brand-geissele","7":"product_cat-karabin","8":"product_cat-spusty","9":"product_cat-tuning-karabinowy","11":"first","12":"instock","13":"taxable","14":"shipping-taxable","15":"product-type-simple"},"acf":[],"_links":{"self":[{"href":"https:\/\/staging.nbg.eu\/pl\/wp-json\/wp\/v2\/product\/62389","targetHints":{"allow":["GET"]}}],"collection":[{"href":"https:\/\/staging.nbg.eu\/pl\/wp-json\/wp\/v2\/product"}],"about":[{"href":"https:\/\/staging.nbg.eu\/pl\/wp-json\/wp\/v2\/types\/product"}],"wp:featuredmedia":[{"embeddable":true,"href":"https:\/\/staging.nbg.eu\/pl\/wp-json\/wp\/v2\/media\/62390"}],"wp:attachment":[{"href":"https:\/\/staging.nbg.eu\/pl\/wp-json\/wp\/v2\/media?parent=62389"}],"wp:term":[{"taxonomy":"product_brand","embeddable":true,"href":"https:\/\/staging.nbg.eu\/pl\/wp-json\/wp\/v2\/product_brand?post=62389"},{"taxonomy":"product_cat","embeddable":true,"href":"https:\/\/staging.nbg.eu\/pl\/wp-json\/wp\/v2\/product_cat?post=62389"},{"taxonomy":"product_tag","embeddable":true,"href":"https:\/\/staging.nbg.eu\/pl\/wp-json\/wp\/v2\/product_tag?post=62389"}],"curies":[{"name":"wp","href":"https:\/\/api.w.org\/{rel}","templated":true}]}}