{"id":62340,"date":"2024-02-14T07:09:17","date_gmt":"2024-09-16T11:47:33","guid":{"rendered":"https:\/\/staging.nbg.eu\/product\/geissele-super-semi-automatic-ssa-trigger\/"},"modified":"2024-09-16T11:48:28","modified_gmt":"2024-09-16T11:48:28","slug":"geissele-super-semi-automatic-ssa-spust","status":"publish","type":"product","link":"https:\/\/staging.nbg.eu\/pl\/produkt\/geissele-super-semi-automatic-ssa-spust\/","title":{"rendered":"Geissele Super Semi-Automatic (SSA\u00ae) Spust"},"content":{"rendered":"<h2>Spust Geissele Super Semi-Automatic (SSA\u00ae)<\/h2>\n<p>Spust Geissele SSA\u00ae to p\u00f3\u0142automatyczna adaptacja spustu Super Select-Fire. Ten nienastawny spust dwustopniowy oferuje:<\/p>\n<ul>\n<li>Dok\u0142adno\u015b\u0107 dla precyzyjnych strza\u0142\u00f3w<\/li>\n<li>Wszechstronno\u015b\u0107 w walce na bliskim dystansie<\/li>\n<li>Certyfikat bezpiecze\u0144stwa od Crane Naval Surface Warfare Center<\/li>\n<li>Przydatno\u015b\u0107 dla s\u0142u\u017cb porz\u0105dkowych i w dynamicznych sytuacjach<\/li>\n<\/ul>\n<p>Konstrukcja SSA\u00ae zapewnia lekki dotyk dla celno\u015bci na du\u017cych odleg\u0142o\u015bciach, zachowuj\u0105c w\u0142a\u015bciwo\u015bci potrzebne w sytuacjach szybkiego ognia. Spust Geissele SSA\u00ae dzia\u0142a niezawodnie zar\u00f3wno przy strzelaniu z karabinka na \u015brednich dystansach, jak i w sytuacjach stresowych.<\/p>\n<p>Ten system spustowy zosta\u0142 sprawdzony w warunkach bojowych.<\/p>\n","protected":false},"excerpt":{"rendered":"<p>Precyzyjny dwustopniowy spust do wszechstronnego, dok\u0142adnego strzelania.<\/p>\n","protected":false},"featured_media":62264,"template":"","meta":{"_acf_changed":false},"product_brand":[11392],"product_cat":[12623,12560,12572],"product_tag":[],"class_list":{"0":"post-62340","1":"product","2":"type-product","3":"status-publish","4":"has-post-thumbnail","6":"product_brand-geissele","7":"product_cat-karabin","8":"product_cat-spusty","9":"product_cat-tuning-karabinowy","11":"first","12":"instock","13":"taxable","14":"shipping-taxable","15":"product-type-simple"},"acf":[],"_links":{"self":[{"href":"https:\/\/staging.nbg.eu\/pl\/wp-json\/wp\/v2\/product\/62340","targetHints":{"allow":["GET"]}}],"collection":[{"href":"https:\/\/staging.nbg.eu\/pl\/wp-json\/wp\/v2\/product"}],"about":[{"href":"https:\/\/staging.nbg.eu\/pl\/wp-json\/wp\/v2\/types\/product"}],"wp:featuredmedia":[{"embeddable":true,"href":"https:\/\/staging.nbg.eu\/pl\/wp-json\/wp\/v2\/media\/62264"}],"wp:attachment":[{"href":"https:\/\/staging.nbg.eu\/pl\/wp-json\/wp\/v2\/media?parent=62340"}],"wp:term":[{"taxonomy":"product_brand","embeddable":true,"href":"https:\/\/staging.nbg.eu\/pl\/wp-json\/wp\/v2\/product_brand?post=62340"},{"taxonomy":"product_cat","embeddable":true,"href":"https:\/\/staging.nbg.eu\/pl\/wp-json\/wp\/v2\/product_cat?post=62340"},{"taxonomy":"product_tag","embeddable":true,"href":"https:\/\/staging.nbg.eu\/pl\/wp-json\/wp\/v2\/product_tag?post=62340"}],"curies":[{"name":"wp","href":"https:\/\/api.w.org\/{rel}","templated":true}]}}