{"id":62121,"date":"2024-02-14T07:32:28","date_gmt":"2024-09-16T11:41:41","guid":{"rendered":"https:\/\/staging.nbg.eu\/product\/geissele-ssa-x-trigger-with-lightning-bow\/"},"modified":"2024-09-16T11:42:37","modified_gmt":"2024-09-16T11:42:37","slug":"geissele-ssa-x-spust-z-lightning-bow","status":"publish","type":"product","link":"https:\/\/staging.nbg.eu\/pl\/produkt\/geissele-ssa-x-spust-z-lightning-bow\/","title":{"rendered":"Geissele SSA X Spust z Lightning Bow\u00ae"},"content":{"rendered":"<div class=\"product-description\">\n<h2>Spust Geissele SSA X z technologi\u0105 Lightning Bow\u00ae<\/h2>\n<p>SSA-X z technologi\u0105 Lightning Bow\u00ae oferuje kontrol\u0119 spustu. Ten spust \u0142\u0105czy:<\/p>\n<ul>\n<li>P\u00f3\u0142zakrzywiony, szeroki profil<\/li>\n<li>Cechy standardowych zakrzywionych spust\u00f3w AR i p\u0142askich konstrukcji<\/li>\n<li>Pow\u0142oka Nanoweapon dla zwi\u0119kszonej odporno\u015bci na zu\u017cycie i korozj\u0119<\/li>\n<li>Dzia\u0142anie przy minimalnym smarowaniu<\/li>\n<\/ul>\n<p>Kontynuuj\u0105c tradycj\u0119 SSA, ten spust oferuje:<\/p>\n<ul>\n<li>Precyzj\u0119 dla dok\u0142adnych strza\u0142\u00f3w na d\u0142ugie dystanse<\/li>\n<li>Przystosowanie do scenariuszy walki w bliskim zasi\u0119gu (CQB)<\/li>\n<\/ul>\n<p>Spust Geissele SSA X \u0142\u0105czy innowacj\u0119 z niezawodno\u015bci\u0105 dla AR.<\/p>\n<\/div>\n","protected":false},"excerpt":{"rendered":"<p>Precyzyjnie zaprojektowany spust AR z hybrydowym \u0142ukiem dla najwy\u017cszej kontroli i trwa\u0142o\u015bci.<\/p>\n","protected":false},"featured_media":62122,"template":"","meta":{"_acf_changed":false},"product_brand":[11392],"product_cat":[12623,12560,12572],"product_tag":[],"class_list":{"0":"post-62121","1":"product","2":"type-product","3":"status-publish","4":"has-post-thumbnail","6":"product_brand-geissele","7":"product_cat-karabin","8":"product_cat-spusty","9":"product_cat-tuning-karabinowy","11":"first","12":"instock","13":"taxable","14":"shipping-taxable","15":"product-type-simple"},"acf":[],"_links":{"self":[{"href":"https:\/\/staging.nbg.eu\/pl\/wp-json\/wp\/v2\/product\/62121","targetHints":{"allow":["GET"]}}],"collection":[{"href":"https:\/\/staging.nbg.eu\/pl\/wp-json\/wp\/v2\/product"}],"about":[{"href":"https:\/\/staging.nbg.eu\/pl\/wp-json\/wp\/v2\/types\/product"}],"wp:featuredmedia":[{"embeddable":true,"href":"https:\/\/staging.nbg.eu\/pl\/wp-json\/wp\/v2\/media\/62122"}],"wp:attachment":[{"href":"https:\/\/staging.nbg.eu\/pl\/wp-json\/wp\/v2\/media?parent=62121"}],"wp:term":[{"taxonomy":"product_brand","embeddable":true,"href":"https:\/\/staging.nbg.eu\/pl\/wp-json\/wp\/v2\/product_brand?post=62121"},{"taxonomy":"product_cat","embeddable":true,"href":"https:\/\/staging.nbg.eu\/pl\/wp-json\/wp\/v2\/product_cat?post=62121"},{"taxonomy":"product_tag","embeddable":true,"href":"https:\/\/staging.nbg.eu\/pl\/wp-json\/wp\/v2\/product_tag?post=62121"}],"curies":[{"name":"wp","href":"https:\/\/api.w.org\/{rel}","templated":true}]}}