{"id":62058,"date":"2024-02-14T07:49:55","date_gmt":"2024-09-16T11:38:39","guid":{"rendered":"https:\/\/staging.nbg.eu\/product\/geissele-ssa-e-x-trigger-with-lightning-bow\/"},"modified":"2024-09-16T11:39:36","modified_gmt":"2024-09-16T11:39:36","slug":"geissele-ssa-e-x-spust-z-lightning-bow","status":"publish","type":"product","link":"https:\/\/staging.nbg.eu\/pl\/produkt\/geissele-ssa-e-x-spust-z-lightning-bow\/","title":{"rendered":"Geissele SSA-E X Spust z Lightning Bow\u00ae"},"content":{"rendered":"<div class=\"product-description\">\n<h2>Spust Geissele SSA-E X z Lightning Bow\u00ae<\/h2>\n<p>SSA-E X\u2122 z Lightning Bow\u00ae oferuje kontrol\u0119 spustu. Ten spust \u0142\u0105czy:<\/p>\n<ul>\n<li>P\u00f3\u0142zakrzywiony, szeroki profil<\/li>\n<li>Pow\u0142oka Nanoweapon dla zwi\u0119kszonej trwa\u0142o\u015bci<\/li>\n<li>Lekki pierwszy etap nacisku<\/li>\n<li>Wyra\u017any drugi etap zwalniania<\/li>\n<\/ul>\n<p>Przeznaczony do precyzyjnych karabin\u00f3w strzelc\u00f3w wyborowych, SSA-E X\u2122 zapewnia dok\u0142adno\u015b\u0107 i niezawodno\u015b\u0107. Jego konstrukcja \u0142\u0105czy cechy spust\u00f3w zakrzywionych i p\u0142askich, zapewniaj\u0105c wydajno\u015b\u0107 nawet przy minimalnym smarowaniu.<\/p>\n<\/div>\n","protected":false},"excerpt":{"rendered":"<p>Precyzyjny spust AR z hybrydow\u0105 konstrukcj\u0105 \u0142ukow\u0105 zapewniaj\u0105cy lepsz\u0105 kontrol\u0119 i dok\u0142adno\u015b\u0107.<\/p>\n","protected":false},"featured_media":62059,"template":"","meta":{"_acf_changed":false},"product_brand":[11392],"product_cat":[12623,12560,12572],"product_tag":[],"class_list":{"0":"post-62058","1":"product","2":"type-product","3":"status-publish","4":"has-post-thumbnail","6":"product_brand-geissele","7":"product_cat-karabin","8":"product_cat-spusty","9":"product_cat-tuning-karabinowy","11":"first","12":"instock","13":"taxable","14":"shipping-taxable","15":"product-type-simple"},"acf":[],"_links":{"self":[{"href":"https:\/\/staging.nbg.eu\/pl\/wp-json\/wp\/v2\/product\/62058","targetHints":{"allow":["GET"]}}],"collection":[{"href":"https:\/\/staging.nbg.eu\/pl\/wp-json\/wp\/v2\/product"}],"about":[{"href":"https:\/\/staging.nbg.eu\/pl\/wp-json\/wp\/v2\/types\/product"}],"wp:featuredmedia":[{"embeddable":true,"href":"https:\/\/staging.nbg.eu\/pl\/wp-json\/wp\/v2\/media\/62059"}],"wp:attachment":[{"href":"https:\/\/staging.nbg.eu\/pl\/wp-json\/wp\/v2\/media?parent=62058"}],"wp:term":[{"taxonomy":"product_brand","embeddable":true,"href":"https:\/\/staging.nbg.eu\/pl\/wp-json\/wp\/v2\/product_brand?post=62058"},{"taxonomy":"product_cat","embeddable":true,"href":"https:\/\/staging.nbg.eu\/pl\/wp-json\/wp\/v2\/product_cat?post=62058"},{"taxonomy":"product_tag","embeddable":true,"href":"https:\/\/staging.nbg.eu\/pl\/wp-json\/wp\/v2\/product_tag?post=62058"}],"curies":[{"name":"wp","href":"https:\/\/api.w.org\/{rel}","templated":true}]}}