{"id":61994,"date":"2024-02-14T11:11:36","date_gmt":"2024-09-16T11:22:24","guid":{"rendered":"https:\/\/staging.nbg.eu\/product\/geissele-super-dynamic-enhanced-sd-e-trigger\/"},"modified":"2024-09-16T11:23:19","modified_gmt":"2024-09-16T11:23:19","slug":"geissele-super-dynamic-enhanced-sd-e-spust","status":"publish","type":"product","link":"https:\/\/staging.nbg.eu\/pl\/produkt\/geissele-super-dynamic-enhanced-sd-e-spust\/","title":{"rendered":"Geissele Super Dynamic Enhanced (SD-E) Spust"},"content":{"rendered":"<div class=\"product-description\">\n<h2>Spust Geissele Super Dynamic Enhanced (SD-E)<\/h2>\n<p>Spust Geissele SD-E to dwustopniowy mechanizm spustowy o nast\u0119puj\u0105cych cechach:<\/p>\n<ul>\n<li>P\u0142aska konstrukcja j\u0119zyka spustowego<\/li>\n<li>Precyzyjnie dostrojony mechanizm<\/li>\n<li>Zwi\u0119kszona dok\u0142adno\u015b\u0107 broni<\/li>\n<li>Niezawodno\u015b\u0107 sprawdzona w warunkach bojowych<\/li>\n<\/ul>\n<p>SD-E to wersja spustu SSA-E z p\u0142askim j\u0119zykiem spustowym. Jego konstrukcja zapewnia:<\/p>\n<ul>\n<li>Wyra\u017ane zerwanie spustu<\/li>\n<li>Sta\u0142y op\u00f3r spustu<\/li>\n<li>Szybsze oddawanie kolejnych strza\u0142\u00f3w<\/li>\n<\/ul>\n<p>Spust Geissele SD-E \u0142\u0105czy precyzj\u0119 z wydajno\u015bci\u0105.<\/p>\n<\/div>\n","protected":false},"excerpt":{"rendered":"<p>Precyzyjny, p\u0142aski, dwustopniowy spust \u0142ukowy zapewniaj\u0105cy lepsz\u0105 kontrol\u0119 i dok\u0142adno\u015b\u0107.<\/p>\n","protected":false},"featured_media":61995,"template":"","meta":{"_acf_changed":false},"product_brand":[11392],"product_cat":[12623,12560,12572],"product_tag":[],"class_list":{"0":"post-61994","1":"product","2":"type-product","3":"status-publish","4":"has-post-thumbnail","6":"product_brand-geissele","7":"product_cat-karabin","8":"product_cat-spusty","9":"product_cat-tuning-karabinowy","11":"first","12":"instock","13":"taxable","14":"shipping-taxable","15":"product-type-simple"},"acf":[],"_links":{"self":[{"href":"https:\/\/staging.nbg.eu\/pl\/wp-json\/wp\/v2\/product\/61994","targetHints":{"allow":["GET"]}}],"collection":[{"href":"https:\/\/staging.nbg.eu\/pl\/wp-json\/wp\/v2\/product"}],"about":[{"href":"https:\/\/staging.nbg.eu\/pl\/wp-json\/wp\/v2\/types\/product"}],"wp:featuredmedia":[{"embeddable":true,"href":"https:\/\/staging.nbg.eu\/pl\/wp-json\/wp\/v2\/media\/61995"}],"wp:attachment":[{"href":"https:\/\/staging.nbg.eu\/pl\/wp-json\/wp\/v2\/media?parent=61994"}],"wp:term":[{"taxonomy":"product_brand","embeddable":true,"href":"https:\/\/staging.nbg.eu\/pl\/wp-json\/wp\/v2\/product_brand?post=61994"},{"taxonomy":"product_cat","embeddable":true,"href":"https:\/\/staging.nbg.eu\/pl\/wp-json\/wp\/v2\/product_cat?post=61994"},{"taxonomy":"product_tag","embeddable":true,"href":"https:\/\/staging.nbg.eu\/pl\/wp-json\/wp\/v2\/product_tag?post=61994"}],"curies":[{"name":"wp","href":"https:\/\/api.w.org\/{rel}","templated":true}]}}