{"id":61870,"date":"2024-02-14T19:46:21","date_gmt":"2024-09-16T11:14:29","guid":{"rendered":"https:\/\/staging.nbg.eu\/product\/geissele-hk-mr-556-trigger\/"},"modified":"2024-09-16T11:15:23","modified_gmt":"2024-09-16T11:15:23","slug":"geissele-hk-mr-556-spust","status":"publish","type":"product","link":"https:\/\/staging.nbg.eu\/pl\/produkt\/geissele-hk-mr-556-spust\/","title":{"rendered":"Geissele HK MR 556 Spust"},"content":{"rendered":"<h2>Spust Geissele HK MR 556<\/h2>\n<p>Spust Geissele HK MR 556 jest przeznaczony do karabin\u00f3w HK 556 lub p\u00f3\u0142automatycznych HK 416. Ten spust, podobny do naszego modelu SSA, oferuje nast\u0119puj\u0105ce cechy:<\/p>\n<ul>\n<li>Zwi\u0119kszona celno\u015b\u0107<\/li>\n<li>P\u0142ynniejsze \u015bci\u0105ganie<\/li>\n<li>Szybsze kolejne strza\u0142y<\/li>\n<li>Kompatybilno\u015b\u0107 z HK 556 i p\u00f3\u0142automatycznym HK 416<\/li>\n<\/ul>\n<p>Spust Geissele HK MR 556 mo\u017ce poprawi\u0107 jako\u015b\u0107 strzelania.<\/p>\n","protected":false},"excerpt":{"rendered":"<p>Precyzyjny spust HK MR 556\/416. Wydajno\u015b\u0107 podobna do SSA dla zwi\u0119kszonej dok\u0142adno\u015bci.<\/p>\n","protected":false},"featured_media":61871,"template":"","meta":{"_acf_changed":false},"product_brand":[11392],"product_cat":[12623,12560,12572],"product_tag":[],"class_list":{"0":"post-61870","1":"product","2":"type-product","3":"status-publish","4":"has-post-thumbnail","6":"product_brand-geissele","7":"product_cat-karabin","8":"product_cat-spusty","9":"product_cat-tuning-karabinowy","11":"first","12":"instock","13":"taxable","14":"shipping-taxable","15":"product-type-simple"},"acf":[],"_links":{"self":[{"href":"https:\/\/staging.nbg.eu\/pl\/wp-json\/wp\/v2\/product\/61870","targetHints":{"allow":["GET"]}}],"collection":[{"href":"https:\/\/staging.nbg.eu\/pl\/wp-json\/wp\/v2\/product"}],"about":[{"href":"https:\/\/staging.nbg.eu\/pl\/wp-json\/wp\/v2\/types\/product"}],"wp:featuredmedia":[{"embeddable":true,"href":"https:\/\/staging.nbg.eu\/pl\/wp-json\/wp\/v2\/media\/61871"}],"wp:attachment":[{"href":"https:\/\/staging.nbg.eu\/pl\/wp-json\/wp\/v2\/media?parent=61870"}],"wp:term":[{"taxonomy":"product_brand","embeddable":true,"href":"https:\/\/staging.nbg.eu\/pl\/wp-json\/wp\/v2\/product_brand?post=61870"},{"taxonomy":"product_cat","embeddable":true,"href":"https:\/\/staging.nbg.eu\/pl\/wp-json\/wp\/v2\/product_cat?post=61870"},{"taxonomy":"product_tag","embeddable":true,"href":"https:\/\/staging.nbg.eu\/pl\/wp-json\/wp\/v2\/product_tag?post=61870"}],"curies":[{"name":"wp","href":"https:\/\/api.w.org\/{rel}","templated":true}]}}