{"id":61808,"date":"2024-02-14T19:52:46","date_gmt":"2024-09-16T11:12:36","guid":{"rendered":"https:\/\/staging.nbg.eu\/product\/geissele-hk-mr-762-trigger\/"},"modified":"2024-09-16T11:13:32","modified_gmt":"2024-09-16T11:13:32","slug":"geissele-hk-mr-762-spust","status":"publish","type":"product","link":"https:\/\/staging.nbg.eu\/pl\/produkt\/geissele-hk-mr-762-spust\/","title":{"rendered":"Geissele HK MR 762 Spust"},"content":{"rendered":"<div class=\"product-description\">\n<h2>Spust Geissele HK MR 762<\/h2>\n<p>Spust do HK 762 lub p\u00f3\u0142automatycznego HK 417. Spust Geissele HK MR 762, podobny do naszego spustu SSA, oferuje:<\/p>\n<ul>\n<li>P\u0142ynne dzia\u0142anie<\/li>\n<li>Zwi\u0119kszon\u0105 celno\u015b\u0107<\/li>\n<li>Kompatybilno\u015b\u0107 z modelami HK 762 i HK 417<\/li>\n<li>Trwa\u0142\u0105 konstrukcj\u0119<\/li>\n<\/ul>\n<p>Spust Geissele wykorzystuje technologi\u0119 spust\u00f3w.<\/p>\n<\/div>\n","protected":false},"excerpt":{"rendered":"<p>Precyzyjny spust typu SSA do karabin\u00f3w HK 762 i p\u00f3\u0142automatycznych HK 417.<\/p>\n","protected":false},"featured_media":61809,"template":"","meta":{"_acf_changed":false},"product_brand":[11392],"product_cat":[12623,12560,12572],"product_tag":[],"class_list":{"0":"post-61808","1":"product","2":"type-product","3":"status-publish","4":"has-post-thumbnail","6":"product_brand-geissele","7":"product_cat-karabin","8":"product_cat-spusty","9":"product_cat-tuning-karabinowy","11":"first","12":"instock","13":"taxable","14":"shipping-taxable","15":"product-type-simple"},"acf":[],"_links":{"self":[{"href":"https:\/\/staging.nbg.eu\/pl\/wp-json\/wp\/v2\/product\/61808","targetHints":{"allow":["GET"]}}],"collection":[{"href":"https:\/\/staging.nbg.eu\/pl\/wp-json\/wp\/v2\/product"}],"about":[{"href":"https:\/\/staging.nbg.eu\/pl\/wp-json\/wp\/v2\/types\/product"}],"wp:featuredmedia":[{"embeddable":true,"href":"https:\/\/staging.nbg.eu\/pl\/wp-json\/wp\/v2\/media\/61809"}],"wp:attachment":[{"href":"https:\/\/staging.nbg.eu\/pl\/wp-json\/wp\/v2\/media?parent=61808"}],"wp:term":[{"taxonomy":"product_brand","embeddable":true,"href":"https:\/\/staging.nbg.eu\/pl\/wp-json\/wp\/v2\/product_brand?post=61808"},{"taxonomy":"product_cat","embeddable":true,"href":"https:\/\/staging.nbg.eu\/pl\/wp-json\/wp\/v2\/product_cat?post=61808"},{"taxonomy":"product_tag","embeddable":true,"href":"https:\/\/staging.nbg.eu\/pl\/wp-json\/wp\/v2\/product_tag?post=61808"}],"curies":[{"name":"wp","href":"https:\/\/api.w.org\/{rel}","templated":true}]}}