{"id":61592,"date":"2024-02-14T20:12:21","date_gmt":"2024-09-16T10:54:46","guid":{"rendered":"https:\/\/staging.nbg.eu\/product\/geissele-13-5-super-modular-rail-mk16-m-lok\/"},"modified":"2024-09-16T11:03:29","modified_gmt":"2024-09-16T11:03:29","slug":"geissele-135-super-modular-rail-mk16-m-lok","status":"publish","type":"product","link":"https:\/\/staging.nbg.eu\/pl\/produkt\/geissele-135-super-modular-rail-mk16-m-lok\/","title":{"rendered":"Geissele 13.5&#8243; Super Modular Rail MK16 M-LOK\u00ae"},"content":{"rendered":"<h2 style=\"text-align: center\"><b>13.5&#8243; Super Modular Rail MK16 M-LOK\u00ae<\/b><\/h2>\n<p>Szyna Geissele Super Modular Rail MK16 oferuje wysok\u0105 wydajno\u015b\u0107 dla wymagaj\u0105cych strzelc\u00f3w. Montowana do g\u00f3rnego odbiornika AR-15 za pomoc\u0105 zaktualizowanej wersji sprawdzonego projektu nakr\u0119tki lufy Geissele, MK16 jest \u0142atwa w instalacji i konserwacji oraz zapewnia du\u017c\u0105 sztywno\u015b\u0107. Wypustki antyrotacyjne i \u015bruby ustalaj\u0105ce zapewniaj\u0105, \u017ce szyna nie obr\u00f3ci si\u0119 nawet w ekstremalnych warunkach u\u017cytkowania. Szyna picatinny M1913 na g\u00f3rze i sloty M-LOK\u2122 na ka\u017cdym kwadrancie umo\u017cliwiaj\u0105 maksymaln\u0105 konfiguracj\u0119 akcesori\u00f3w. Geissele SMR MK16 jest precyzyjnie obrabiana z aluminium serii 7000 ze wzgl\u0119du na jego wytrzyma\u0142o\u015b\u0107, sztywno\u015b\u0107 i lekko\u015b\u0107, wyko\u0144czona trwa\u0142\u0105 anodyzacj\u0105 tward\u0105 typu 3.<\/p>\n<p>Super Modular Rail 13.5&#8243; (SMR) MK16 M-LOK\u00ae, NSN# 1005-01-672-4794 (13.5&#8243;), zosta\u0142a przyj\u0119ta przez USASOC do programu URG-I (Ulepszony Zesp\u00f3\u0142 G\u00f3rnego Odbiornika).<\/p>\n<p>&nbsp;<\/p>\n<h2 style=\"text-align: center\"><strong>SPECYFIKACJA<\/strong><\/h2>\n<hr \/>\n<table border=\"1\">\n<tbody>\n<tr>\n<td><strong>WYSOKO\u015a\u0106: <\/strong><\/td>\n<td> 2,39&#8243;<\/td>\n<\/tr>\n<tr>\n<td><strong>KOLOR: <\/strong><\/td>\n<td> Czarny, DDC, Szary, ODG<\/td>\n<\/tr>\n<tr>\n<td><strong>MATERIA\u0141: <\/strong><\/td>\n<td> Aluminium serii 7000<\/td>\n<\/tr>\n<tr>\n<td><strong>WYKO\u0143CZENIE: <\/strong><\/td>\n<td> Anodyzacja twarda typu 3<\/td>\n<\/tr>\n<tr>\n<td><strong>DOST\u0118PNE D\u0141UGO\u015aCI: <\/strong><\/td>\n<td> 9,3&#8243;, 10,5&#8243;, 13,5&#8243;, 15&#8243;<\/td>\n<\/tr>\n<tr>\n<td><strong>\u015aREDNICA WEWN\u0118TRZNA: <\/strong><\/td>\n<td> 1,26&#8243;<\/td>\n<\/tr>\n<tr>\n<td><strong>\u015aREDNICA ZEWN\u0118TRZNA (DAQ*): <\/strong><\/td>\n<td> 1,59&#8243;<\/td>\n<\/tr>\n<tr>\n<td><strong>WAGA SMR MK16 9,3&#8243;: <\/strong><\/td>\n<td> 10,1 oz (11,74 oz z nakr\u0119tk\u0105 lufy)<\/td>\n<\/tr>\n<tr>\n<td><strong>WAGA SMR MK16 10,5&#8243;: <\/strong><\/td>\n<td> 11 oz (12,6 oz z nakr\u0119tk\u0105 lufy)<\/td>\n<\/tr>\n<tr>\n<td><strong>WAGA SMR MK16 13,5&#8243;: <\/strong><\/td>\n<td> 13,4 oz (14,9 oz z nakr\u0119tk\u0105 lufy)<\/td>\n<\/tr>\n<tr>\n<td><strong>WAGA SMR MK16 15&#8243;: <\/strong><\/td>\n<td> 14,2 oz (15,8 oz z nakr\u0119tk\u0105 lufy)<\/td>\n<\/tr>\n<\/tbody>\n<\/table>\n<p><em>*DAQ &#8211; Odleg\u0142o\u015b\u0107 mi\u0119dzy kwadrantami<\/em><\/p>\n","protected":false},"excerpt":{"rendered":"<p><strong>Niezr\u00f3wnana wydajno\u015b\u0107 dla najbardziej wymagaj\u0105cych strzelc\u00f3w<\/strong><\/p>\n","protected":false},"featured_media":61593,"template":"","meta":{"_acf_changed":false},"product_brand":[11392],"product_cat":[12623,12571,12572],"product_tag":[],"class_list":{"0":"post-61592","1":"product","2":"type-product","3":"status-publish","4":"has-post-thumbnail","6":"product_brand-geissele","7":"product_cat-karabin","8":"product_cat-szyny","9":"product_cat-tuning-karabinowy","11":"first","12":"instock","13":"taxable","14":"shipping-taxable","15":"product-type-variable","16":"wvs-archive-product-wrapper"},"acf":[],"_links":{"self":[{"href":"https:\/\/staging.nbg.eu\/pl\/wp-json\/wp\/v2\/product\/61592","targetHints":{"allow":["GET"]}}],"collection":[{"href":"https:\/\/staging.nbg.eu\/pl\/wp-json\/wp\/v2\/product"}],"about":[{"href":"https:\/\/staging.nbg.eu\/pl\/wp-json\/wp\/v2\/types\/product"}],"wp:featuredmedia":[{"embeddable":true,"href":"https:\/\/staging.nbg.eu\/pl\/wp-json\/wp\/v2\/media\/61593"}],"wp:attachment":[{"href":"https:\/\/staging.nbg.eu\/pl\/wp-json\/wp\/v2\/media?parent=61592"}],"wp:term":[{"taxonomy":"product_brand","embeddable":true,"href":"https:\/\/staging.nbg.eu\/pl\/wp-json\/wp\/v2\/product_brand?post=61592"},{"taxonomy":"product_cat","embeddable":true,"href":"https:\/\/staging.nbg.eu\/pl\/wp-json\/wp\/v2\/product_cat?post=61592"},{"taxonomy":"product_tag","embeddable":true,"href":"https:\/\/staging.nbg.eu\/pl\/wp-json\/wp\/v2\/product_tag?post=61592"}],"curies":[{"name":"wp","href":"https:\/\/api.w.org\/{rel}","templated":true}]}}