{"id":61370,"date":"2024-02-14T20:22:23","date_gmt":"2024-09-16T10:48:34","guid":{"rendered":"https:\/\/staging.nbg.eu\/product\/geissele-15-super-modular-rail-mk16-m-lok\/"},"modified":"2024-09-16T10:49:34","modified_gmt":"2024-09-16T10:49:34","slug":"geissele-15-super-modular-rail-mk16-m-lok","status":"publish","type":"product","link":"https:\/\/staging.nbg.eu\/pl\/produkt\/geissele-15-super-modular-rail-mk16-m-lok\/","title":{"rendered":"Geissele 15&#8243; Super Modular Rail MK16 M-LOK\u00ae"},"content":{"rendered":"<h2 style=\"text-align: center\"><strong>15\u2033 Super Modular Rail MK16 M-LOK\u00ae<\/strong><\/h2>\n<p>Szyna Geissele Super Modular Rail MK16 montuje si\u0119 do g\u00f3rnego odbiornika AR-15 za pomoc\u0105 zaktualizowanej wersji sprawdzonego projektu nakr\u0119tki lufy Geissele. MK16 jest \u0142atwa w instalacji i konserwacji oraz zapewnia wysok\u0105 sztywno\u015b\u0107. Wypustki przeciwobrotowe i \u015bruby ustalaj\u0105ce zapobiegaj\u0105 obracaniu si\u0119 szyny. Szyna Picatinny M1913 na g\u00f3rze i sloty M-LOK\u2122 na ka\u017cdym kwadrancie umo\u017cliwiaj\u0105 dostosowanie akcesori\u00f3w. Geissele SMR MK16 jest precyzyjnie wykonana z aluminium serii 7000 i wyko\u0144czona anodowaniem twardym typu 3.<\/p>\n<p>Super Modular Rail 13.5&#8243; (SMR) MK16 M-LOK\u00ae, NSN# 1005-01-672-4794 (13.5&#8243;), zosta\u0142a przyj\u0119ta przez USASOC do programu URG-I (Upper Receiver Group Improved).<\/p>\n<h2 style=\"text-align: center\"><strong>SPECYFIKACJA<\/strong><\/h2>\n<hr \/>\n<table border=\"1\">\n<tbody>\n<tr>\n<td><strong>WYSOKO\u015a\u0106: <\/strong><\/td>\n<td> 2,39&#8243;<\/td>\n<\/tr>\n<tr>\n<td><strong>KOLOR: <\/strong><\/td>\n<td> Czarny, DDC, Szary, ODG<\/td>\n<\/tr>\n<tr>\n<td><strong>MATERIA\u0141: <\/strong><\/td>\n<td> Aluminium serii 7000<\/td>\n<\/tr>\n<tr>\n<td><strong>WYKO\u0143CZENIE: <\/strong><\/td>\n<td> Anodowanie twarde typu 3<\/td>\n<\/tr>\n<tr>\n<td><strong>DOST\u0118PNE D\u0141UGO\u015aCI: <\/strong><\/td>\n<td> 9,3&#8243;, 10,5&#8243;, 13,5&#8243;<\/td>\n<\/tr>\n<tr>\n<td><strong>\u015aREDNICA WEWN\u0118TRZNA: <\/strong><\/td>\n<td> 1,26&#8243;<\/td>\n<\/tr>\n<tr>\n<td><strong>\u015aREDNICA ZEWN\u0118TRZNA (DAQ*): <\/strong><\/td>\n<td> 1,59&#8243;<\/td>\n<\/tr>\n<tr>\n<td><strong>WAGA SMR MK16 9,3&#8243;: <\/strong><\/td>\n<td> 10,1 oz (11,74 oz z nakr\u0119tk\u0105 lufy)<\/td>\n<\/tr>\n<tr>\n<td><strong>WAGA SMR MK16 10,5&#8243;: <\/strong><\/td>\n<td> 11 oz (12,6 oz z nakr\u0119tk\u0105 lufy)<\/td>\n<\/tr>\n<tr>\n<td><strong>WAGA SMR MK16 13,5&#8243;: <\/strong><\/td>\n<td> 13,4 oz (14,9 oz z nakr\u0119tk\u0105 lufy)<\/td>\n<\/tr>\n<\/tbody>\n<\/table>\n<p><em>*DAQ &#8211; Odleg\u0142o\u015b\u0107 mi\u0119dzy kwadrantami<\/em><\/p>\n","protected":false},"excerpt":{"rendered":"<p><strong>Niezr\u00f3wnana wydajno\u015b\u0107 dla najbardziej wymagaj\u0105cych strzelc\u00f3w<\/strong><\/p>\n","protected":false},"featured_media":61371,"template":"","meta":{"_acf_changed":false},"product_brand":[11392],"product_cat":[12623,12571,12572],"product_tag":[],"class_list":{"0":"post-61370","1":"product","2":"type-product","3":"status-publish","4":"has-post-thumbnail","6":"product_brand-geissele","7":"product_cat-karabin","8":"product_cat-szyny","9":"product_cat-tuning-karabinowy","11":"first","12":"instock","13":"taxable","14":"shipping-taxable","15":"product-type-variable","16":"wvs-archive-product-wrapper"},"acf":[],"_links":{"self":[{"href":"https:\/\/staging.nbg.eu\/pl\/wp-json\/wp\/v2\/product\/61370","targetHints":{"allow":["GET"]}}],"collection":[{"href":"https:\/\/staging.nbg.eu\/pl\/wp-json\/wp\/v2\/product"}],"about":[{"href":"https:\/\/staging.nbg.eu\/pl\/wp-json\/wp\/v2\/types\/product"}],"wp:featuredmedia":[{"embeddable":true,"href":"https:\/\/staging.nbg.eu\/pl\/wp-json\/wp\/v2\/media\/61371"}],"wp:attachment":[{"href":"https:\/\/staging.nbg.eu\/pl\/wp-json\/wp\/v2\/media?parent=61370"}],"wp:term":[{"taxonomy":"product_brand","embeddable":true,"href":"https:\/\/staging.nbg.eu\/pl\/wp-json\/wp\/v2\/product_brand?post=61370"},{"taxonomy":"product_cat","embeddable":true,"href":"https:\/\/staging.nbg.eu\/pl\/wp-json\/wp\/v2\/product_cat?post=61370"},{"taxonomy":"product_tag","embeddable":true,"href":"https:\/\/staging.nbg.eu\/pl\/wp-json\/wp\/v2\/product_tag?post=61370"}],"curies":[{"name":"wp","href":"https:\/\/api.w.org\/{rel}","templated":true}]}}